{"id":1323,"date":"2023-11-12T13:33:05","date_gmt":"2023-11-12T12:33:05","guid":{"rendered":"https:\/\/k-geosens.beebox.de\/info\/geotechnik-umwelt-diagnostik\/uebersicht-unserer-leistungen\/"},"modified":"2023-12-22T13:26:14","modified_gmt":"2023-12-22T12:26:14","slug":"leistung-uebersicht","status":"publish","type":"page","link":"https:\/\/k-geosens.beebox.de\/info\/geotechnik-umwelt-diagnostik\/leistung-uebersicht\/","title":{"rendered":"Auf einen Blick"},"content":{"rendered":"<p>[et_pb_section fb_built=&#8220;1&#8243; _builder_version=&#8220;4.23.1&#8243; _module_preset=&#8220;default&#8220; box_shadow_style=&#8220;preset3&#8243; box_shadow_color=&#8220;rgba(0,0,0,0.1)&#8220; global_colors_info=&#8220;{}&#8220;][et_pb_row _builder_version=&#8220;4.23.1&#8243; _module_preset=&#8220;default&#8220; global_colors_info=&#8220;{}&#8220;][et_pb_column type=&#8220;4_4&#8243; _builder_version=&#8220;4.23.1&#8243; _module_preset=&#8220;default&#8220; global_colors_info=&#8220;{}&#8220;][et_pb_text admin_label=&#8220;Text &#8211; Headline&#8220; _builder_version=&#8220;4.23.2&#8243; _module_preset=&#8220;default&#8220; header_text_color=&#8220;#cc0000&#8243; text_orientation=&#8220;center&#8220; global_colors_info=&#8220;{}&#8220;]<\/p>\n<h1>Geotechnik &amp; Umwelt-Diagnostik<\/h1>\n<h3>Unsere Leistungen in der \u00dcbersicht<\/h3>\n<p>[\/et_pb_text][\/et_pb_column][\/et_pb_row][\/et_pb_section][et_pb_section fb_built=&#8220;1&#8243; _builder_version=&#8220;4.23.1&#8243; _module_preset=&#8220;default&#8220; background_color=&#8220;#f0f0f0&#8243; locked=&#8220;off&#8220; global_colors_info=&#8220;{}&#8220;][et_pb_row column_structure=&#8220;1_3,1_3,1_3&#8243; use_custom_gutter=&#8220;on&#8220; gutter_width=&#8220;2&#8243; make_equal=&#8220;on&#8220; _builder_version=&#8220;4.23.1&#8243; _module_preset=&#8220;default&#8220; global_colors_info=&#8220;{}&#8220;][et_pb_column type=&#8220;1_3&#8243; _builder_version=&#8220;4.23.1&#8243; _module_preset=&#8220;default&#8220; background_color=&#8220;#FFFFFF&#8220; border_width_all=&#8220;1px&#8220; border_color_all=&#8220;#cc0000&#8243; box_shadow_style=&#8220;preset1&#8243; global_colors_info=&#8220;{}&#8220; background__hover_enabled=&#8220;on|hover&#8220; background_color__hover=&#8220;rgba(204,0,0,0.02)&#8220; background_enable_color__hover=&#8220;on&#8220; border_radii__hover_enabled=&#8220;off|hover&#8220; border_width_all__hover_enabled=&#8220;on|hover&#8220; border_width_all__hover=&#8220;3px&#8220;][et_pb_blurb title=&#8220;Analyse, Bewertung, Gutachten&#8220; image=&#8220;https:\/\/k-geosens.beebox.de\/info\/wp-content\/uploads\/2023\/11\/GEOsens-1920&#215;1200-iStock-675825950-Report-Heft-Stift-utah778.jpg&#8220; admin_label=&#8220;Informationstext &#8211; Analyse, Bewertung, Gutachten&#8220; module_class=&#8220;bbx-blurb-uebersicht&#8220; _builder_version=&#8220;4.23.2&#8243; _dynamic_attributes=&#8220;link_option_url&#8220; _module_preset=&#8220;default&#8220; header_level=&#8220;h3&#8243; header_text_color=&#8220;#cc0000&#8243; body_ul_type=&#8220;square&#8220; background_color=&#8220;RGBA(255,255,255,0)&#8220; custom_padding=&#8220;5px|5px|5px|5px|true|true&#8220; link_option_url=&#8220;@ET-DC@eyJkeW5hbWljIjp0cnVlLCJjb250ZW50IjoicG9zdF9saW5rX3VybF9wYWdlIiwic2V0dGluZ3MiOnsicG9zdF9pZCI6IjE4MSJ9fQ==@&#8220; background_last_edited=&#8220;off|desktop&#8220; custom_css_free_form=&#8220;.bbx-blurb-uebersicht .et_pb_blurb_container {padding-left: 8px;}&#8220; global_colors_info=&#8220;{}&#8220; background__hover_enabled=&#8220;off|desktop&#8220;]<\/p>\n<ul>\n<li>Beratende und gutachterliche Ingenieurleistungen<\/li>\n<li>Bodenschutzkonzepte nach DIN 19639<\/li>\n<li>Beprobung und Bewertung von Bodenaushub<\/li>\n<li>Erstellung von Verwertungskonzepten<\/li>\n<li>Identifikation und Bewertung von Geb\u00e4udeschadstoffen<\/li>\n<\/ul>\n<p>[\/et_pb_blurb][\/et_pb_column][et_pb_column type=&#8220;1_3&#8243; _builder_version=&#8220;4.23.1&#8243; _module_preset=&#8220;default&#8220; background_color=&#8220;#FFFFFF&#8220; border_width_all=&#8220;1px&#8220; border_color_all=&#8220;#cc0000&#8243; box_shadow_style=&#8220;preset1&#8243; global_colors_info=&#8220;{}&#8220; background_color__hover=&#8220;rgba(204,0,0,0.02)&#8220; background__hover_enabled=&#8220;on|hover&#8220; background_enable_color__hover=&#8220;on&#8220; border_radii__hover_enabled=&#8220;on|hover&#8220; border_width_all__hover=&#8220;3px&#8220; border_width_all__hover_enabled=&#8220;on|hover&#8220;][et_pb_blurb title=&#8220;R\u00fcckbau &#038; Sanierung&#8220; image=&#8220;https:\/\/k-geosens.beebox.de\/info\/wp-content\/uploads\/2023\/11\/GEOsens-1920&#215;1200-202210-083354-Erdarbeiten-Laster-Bagger.jpg&#8220; alt=&#8220;Erdarbeiten mit Laster und Bagger (Photo: GEOsens)&#8220; admin_label=&#8220;Informationstext &#8211; R\u00fcckbau &#038; Sanierung&#8220; module_class=&#8220;bbx-blurb-uebersicht&#8220; _builder_version=&#8220;4.23.2&#8243; _dynamic_attributes=&#8220;link_option_url&#8220; _module_preset=&#8220;default&#8220; header_level=&#8220;h3&#8243; header_text_color=&#8220;#cc0000&#8243; body_ul_type=&#8220;square&#8220; background_color=&#8220;RGBA(255,255,255,0)&#8220; custom_padding=&#8220;5px|5px|5px|5px|true|true&#8220; link_option_url=&#8220;@ET-DC@eyJkeW5hbWljIjp0cnVlLCJjb250ZW50IjoicG9zdF9saW5rX3VybF9wYWdlIiwic2V0dGluZ3MiOnsicG9zdF9pZCI6IjIwNSJ9fQ==@&#8220; custom_css_free_form=&#8220;.bbx-blurb-uebersicht .et_pb_blurb_container {padding-left: 8px;}&#8220; global_colors_info=&#8220;{}&#8220; background__hover_enabled=&#8220;off|desktop&#8220;]<\/p>\n<ul>\n<li>Planung von R\u00fcckbauma\u00dfnahmen<\/li>\n<li>Erstellung der Leistungsverzeichnisse<\/li>\n<li>Ausf\u00fchrung der \u00f6rtlichen Bau\u00fcberwachung<\/li>\n<li>Planung von Arbeitsschutzma\u00dfnahmen<\/li>\n<\/ul>\n<p>[\/et_pb_blurb][\/et_pb_column][et_pb_column type=&#8220;1_3&#8243; _builder_version=&#8220;4.23.1&#8243; _module_preset=&#8220;default&#8220; background_color=&#8220;#FFFFFF&#8220; border_width_all=&#8220;1px&#8220; border_color_all=&#8220;#cc0000&#8243; box_shadow_style=&#8220;preset1&#8243; global_colors_info=&#8220;{}&#8220; background_color__hover=&#8220;rgba(204,0,0,0.02)&#8220; background__hover_enabled=&#8220;on|hover&#8220; background_enable_color__hover=&#8220;on&#8220; border_radii__hover_enabled=&#8220;on|hover&#8220; border_width_all__hover=&#8220;3px&#8220; border_width_all__hover_enabled=&#8220;on|hover&#8220;][et_pb_blurb title=&#8220;Geotechnik &#038; Hydrogeologie&#8220; image=&#8220;https:\/\/k-geosens.beebox.de\/info\/wp-content\/uploads\/2023\/11\/GEOsens-1920&#215;1200-iStock-896157870-Bauarbeiter-Inspektion-SeventyFour.jpg&#8220; admin_label=&#8220;Informationstext &#8211; Geotechnik &#038; Hydrogeologie&#8220; module_class=&#8220;bbx-blurb-uebersicht&#8220; _builder_version=&#8220;4.23.2&#8243; _dynamic_attributes=&#8220;link_option_url&#8220; _module_preset=&#8220;default&#8220; header_level=&#8220;h3&#8243; header_text_color=&#8220;#cc0000&#8243; body_ul_type=&#8220;square&#8220; background_color=&#8220;RGBA(255,255,255,0)&#8220; custom_padding=&#8220;5px|5px|5px|5px|true|true&#8220; link_option_url=&#8220;@ET-DC@eyJkeW5hbWljIjp0cnVlLCJjb250ZW50IjoicG9zdF9saW5rX3VybF9wYWdlIiwic2V0dGluZ3MiOnsicG9zdF9pZCI6IjE5NSJ9fQ==@&#8220; custom_css_free_form=&#8220;.bbx-blurb-uebersicht .et_pb_blurb_container {padding-left: 8px;}&#8220; global_colors_info=&#8220;{}&#8220; background_color__hover=&#8220;rgba(204,0,0,0.1)&#8220; background_enable_color__hover=&#8220;on&#8220; background__hover_enabled=&#8220;off|desktop&#8220;]<\/p>\n<ul>\n<li>Baugrund<\/li>\n<li>Grundwassernutzung<\/li>\n<li>Geothermie<\/li>\n<li>Geologische Risiken<\/li>\n<\/ul>\n<p>[\/et_pb_blurb][\/et_pb_column][\/et_pb_row][et_pb_row column_structure=&#8220;1_3,1_3,1_3&#8243; use_custom_gutter=&#8220;on&#8220; gutter_width=&#8220;2&#8243; make_equal=&#8220;on&#8220; _builder_version=&#8220;4.23.2&#8243; _module_preset=&#8220;default&#8220; global_colors_info=&#8220;{}&#8220;][et_pb_column type=&#8220;1_3&#8243; _builder_version=&#8220;4.23.1&#8243; _module_preset=&#8220;default&#8220; background_color=&#8220;#FFFFFF&#8220; border_width_all=&#8220;1px&#8220; border_color_all=&#8220;#cc0000&#8243; box_shadow_style=&#8220;preset1&#8243; global_colors_info=&#8220;{}&#8220; background__hover_enabled=&#8220;on|hover&#8220; background_color__hover=&#8220;rgba(204,0,0,0.02)&#8220; background_enable_color__hover=&#8220;on&#8220; border_radii__hover_enabled=&#8220;off|hover&#8220; border_width_all__hover_enabled=&#8220;on|hover&#8220; border_width_all__hover=&#8220;3px&#8220;][et_pb_blurb title=&#8220;Schadstoffe &#038; In-Situ-Diagnostik&#8220; image=&#8220;https:\/\/k-geosens.beebox.de\/info\/wp-content\/uploads\/2023\/11\/GEOsens-1920&#215;1200-iStock-508119169-Pipeline-Edelstahl-Himmel-SSSCCC.jpg&#8220; alt=&#8220;Pipeline aus Edelstahl vor blauem Himmel (iStock-Photo: SSSCCC)&#8220; admin_label=&#8220;Informationstext &#8211; Schadstoffe &#038; In-Situ-Diagnostik&#8220; module_class=&#8220;bbx-blurb-uebersicht&#8220; _builder_version=&#8220;4.23.2&#8243; _dynamic_attributes=&#8220;link_option_url&#8220; _module_preset=&#8220;default&#8220; header_level=&#8220;h3&#8243; header_text_color=&#8220;#cc0000&#8243; body_ul_type=&#8220;square&#8220; background_color=&#8220;RGBA(255,255,255,0)&#8220; custom_padding=&#8220;5px|5px|5px|5px|true|true&#8220; link_option_url=&#8220;@ET-DC@eyJkeW5hbWljIjp0cnVlLCJjb250ZW50IjoicG9zdF9saW5rX3VybF9wYWdlIiwic2V0dGluZ3MiOnsicG9zdF9pZCI6IjE5NyJ9fQ==@&#8220; custom_css_free_form=&#8220;.bbx-blurb-uebersicht .et_pb_blurb_container {padding-left: 8px;}&#8220; global_colors_info=&#8220;{}&#8220; background_color__hover=&#8220;rgba(204,0,0,0.1)&#8220; background_enable_color__hover=&#8220;on&#8220; background__hover_enabled=&#8220;off|desktop&#8220;]<\/p>\n<ul>\n<li>Altlasten, Boden, Grundwasser\n<ul>\n<li>Untersuchung, Analyse, Bewertung, Beratung<\/li>\n<li>T\u00e4tigkeitsfelder<\/li>\n<\/ul>\n<\/li>\n<li>GEOsens In-Situ-Diagnostik\n<ul>\n<li>In-Situ-Diagnose-Methoden<\/li>\n<li>GEOsens LabMobil<span style=\"vertical-align: super; font-size: 60%;\">\u24bc<\/span><\/li>\n<\/ul>\n<\/li>\n<\/ul>\n<p>[\/et_pb_blurb][\/et_pb_column][et_pb_column type=&#8220;1_3&#8243; _builder_version=&#8220;4.23.1&#8243; _module_preset=&#8220;default&#8220; background_color=&#8220;#FFFFFF&#8220; border_width_all=&#8220;1px&#8220; border_color_all=&#8220;#cc0000&#8243; box_shadow_style=&#8220;preset1&#8243; global_colors_info=&#8220;{}&#8220; background_color__hover=&#8220;rgba(204,0,0,0.02)&#8220; background__hover_enabled=&#8220;on|hover&#8220; background_enable_color__hover=&#8220;on&#8220; border_radii__hover_enabled=&#8220;on|hover&#8220; border_width_all__hover=&#8220;3px&#8220; border_width_all__hover_enabled=&#8220;on|hover&#8220;][et_pb_blurb title=&#8220;GEOsens LabMobil<span style=%22vertical-align: super; font-size: 60%;%22>\u24bc<\/span>&#8220; image=&#8220;https:\/\/k-geosens.beebox.de\/info\/wp-content\/uploads\/2023\/12\/GEOsens-1920&#215;1200-LabMobil-Anhaenger.jpg&#8220; alt=&#8220;GEOsens LabMobil&#8220; admin_label=&#8220;Informationstext &#8211; LabMobil&#8220; module_class=&#8220;bbx-blurb-uebersicht&#8220; _builder_version=&#8220;4.23.2&#8243; _dynamic_attributes=&#8220;link_option_url&#8220; _module_preset=&#8220;default&#8220; header_level=&#8220;h3&#8243; header_text_color=&#8220;#cc0000&#8243; body_ul_type=&#8220;square&#8220; background_color=&#8220;RGBA(255,255,255,0)&#8220; custom_padding=&#8220;5px|5px|5px|5px|true|true&#8220; link_option_url=&#8220;@ET-DC@eyJkeW5hbWljIjp0cnVlLCJjb250ZW50IjoicG9zdF9saW5rX3VybF9wYWdlIiwic2V0dGluZ3MiOnsicG9zdF9pZCI6IjE5NyJ9fQ==@&#8220; hover_enabled=&#8220;0&#8243; custom_css_free_form=&#8220;.bbx-blurb-uebersicht .et_pb_blurb_container {padding-left: 8px;}&#8220; global_colors_info=&#8220;{}&#8220; background_color__hover=&#8220;rgba(204,0,0,0.1)&#8220; background_enable_color__hover=&#8220;on&#8220; background__hover_enabled=&#8220;off|desktop&#8220; title_text=&#8220;GEOsens LabMobil&#8220; sticky_enabled=&#8220;0&#8243;]<\/p>\n<ul>\n<li>Technische Ausstattung<\/li>\n<li>Steuerungstechnik<\/li>\n<li>Pumptechnik<\/li>\n<li>Absaugtechnik<\/li>\n<li>Technik f\u00fcr Tiefenlogs<\/li>\n<\/ul>\n<p>[\/et_pb_blurb][\/et_pb_column][et_pb_column type=&#8220;1_3&#8243; _builder_version=&#8220;4.23.1&#8243; _module_preset=&#8220;default&#8220; background_color=&#8220;#FFFFFF&#8220; border_width_all=&#8220;1px&#8220; border_color_all=&#8220;#cc0000&#8243; box_shadow_style=&#8220;preset1&#8243; global_colors_info=&#8220;{}&#8220; background_color__hover=&#8220;rgba(204,0,0,0.02)&#8220; background__hover_enabled=&#8220;on|hover&#8220; background_enable_color__hover=&#8220;on&#8220; border_radii__hover_enabled=&#8220;off|desktop&#8220; border_width_all__hover=&#8220;3px&#8220; border_width_all__hover_enabled=&#8220;on|hover&#8220;][et_pb_blurb title=&#8220;Umweltmonitoring&#8220; image=&#8220;https:\/\/k-geosens.beebox.de\/info\/wp-content\/uploads\/2023\/11\/GEOsens-1920&#215;1200-iStock-519420084-Boden-Sproessling-Regen-tuk69tuk.jpg&#8220; admin_label=&#8220;Informationstext &#8211; Umweltmonitoring&#8220; module_class=&#8220;bbx-blurb-uebersicht&#8220; _builder_version=&#8220;4.23.1&#8243; _dynamic_attributes=&#8220;link_option_url&#8220; _module_preset=&#8220;default&#8220; header_level=&#8220;h3&#8243; header_text_color=&#8220;#cc0000&#8243; body_ul_type=&#8220;square&#8220; background_color=&#8220;RGBA(255,255,255,0)&#8220; custom_padding=&#8220;5px|5px|5px|5px|true|true&#8220; link_option_url=&#8220;@ET-DC@eyJkeW5hbWljIjp0cnVlLCJjb250ZW50IjoicG9zdF9saW5rX3VybF9wYWdlIiwic2V0dGluZ3MiOnsicG9zdF9pZCI6IjIwNyJ9fQ==@&#8220; custom_css_free_form=&#8220;.bbx-blurb-uebersicht .et_pb_blurb_container {padding-left: 8px;}&#8220; global_colors_info=&#8220;{}&#8220; background_color__hover=&#8220;rgba(204,0,0,0.1)&#8220; background_enable_color__hover=&#8220;on&#8220; background__hover_enabled=&#8220;off|desktop&#8220;]<\/p>\n<ul>\n<li>Mess- und Alarmsysteme f\u00fcr Georisiken<\/li>\n<li>Grundwassermonitoring<\/li>\n<li>Schadstoff-Monitoring<\/li>\n<li>Monitoring f\u00fcr die Land- und Forstwirtschaft<\/li>\n<\/ul>\n<p>[\/et_pb_blurb][\/et_pb_column][\/et_pb_row][\/et_pb_section]<\/p>\n","protected":false},"excerpt":{"rendered":"<p>Geotechnik &amp; Umwelt-Diagnostik Unsere Leistungen in der \u00dcbersicht Beratende und gutachterliche Ingenieurleistungen Bodenschutzkonzepte nach DIN 19639 Beprobung und Bewertung von Bodenaushub Erstellung von Verwertungskonzepten Identifikation und Bewertung von Geb\u00e4udeschadstoffen Planung von R\u00fcckbauma\u00dfnahmen Erstellung der Leistungsverzeichnisse Ausf\u00fchrung der \u00f6rtlichen Bau\u00fcberwachung Planung von Arbeitsschutzma\u00dfnahmen Baugrund Grundwassernutzung Geothermie Geologische Risiken Altlasten, Boden, Grundwasser Untersuchung, Analyse, Bewertung, Beratung T\u00e4tigkeitsfelder GEOsens In-Situ-Diagnostik In-Situ-Diagnose-Methoden GEOsens LabMobil\u24bc Technische Ausstattung Steuerungstechnik Pumptechnik Absaugtechnik Technik f\u00fcr Tiefenlogs Mess- und Alarmsysteme f\u00fcr Georisiken Grundwassermonitoring Schadstoff-Monitoring Monitoring f\u00fcr die Land- und Forstwirtschaft<\/p>\n","protected":false},"author":1,"featured_media":0,"parent":147,"menu_order":1,"comment_status":"closed","ping_status":"closed","template":"","meta":{"_et_pb_use_builder":"on","_et_pb_old_content":"","_et_gb_content_width":"","footnotes":""},"class_list":["post-1323","page","type-page","status-publish","hentry"],"_links":{"self":[{"href":"https:\/\/k-geosens.beebox.de\/info\/wp-json\/wp\/v2\/pages\/1323","targetHints":{"allow":["GET"]}}],"collection":[{"href":"https:\/\/k-geosens.beebox.de\/info\/wp-json\/wp\/v2\/pages"}],"about":[{"href":"https:\/\/k-geosens.beebox.de\/info\/wp-json\/wp\/v2\/types\/page"}],"author":[{"embeddable":true,"href":"https:\/\/k-geosens.beebox.de\/info\/wp-json\/wp\/v2\/users\/1"}],"replies":[{"embeddable":true,"href":"https:\/\/k-geosens.beebox.de\/info\/wp-json\/wp\/v2\/comments?post=1323"}],"version-history":[{"count":10,"href":"https:\/\/k-geosens.beebox.de\/info\/wp-json\/wp\/v2\/pages\/1323\/revisions"}],"predecessor-version":[{"id":2170,"href":"https:\/\/k-geosens.beebox.de\/info\/wp-json\/wp\/v2\/pages\/1323\/revisions\/2170"}],"up":[{"embeddable":true,"href":"https:\/\/k-geosens.beebox.de\/info\/wp-json\/wp\/v2\/pages\/147"}],"wp:attachment":[{"href":"https:\/\/k-geosens.beebox.de\/info\/wp-json\/wp\/v2\/media?parent=1323"}],"curies":[{"name":"wp","href":"https:\/\/api.w.org\/{rel}","templated":true}]}}