{"id":1329,"date":"2023-11-12T13:38:10","date_gmt":"2023-11-12T12:38:10","guid":{"rendered":"https:\/\/k-geosens.beebox.de\/info\/anlagen-hardware-software-entwicklung\/auf-einen-blick\/"},"modified":"2023-12-15T13:49:00","modified_gmt":"2023-12-15T12:49:00","slug":"leistung-uebersicht","status":"publish","type":"page","link":"https:\/\/k-geosens.beebox.de\/info\/anlagen-hardware-software-entwicklung\/leistung-uebersicht\/","title":{"rendered":"Auf einen Blick"},"content":{"rendered":"<p>[et_pb_section fb_built=&#8220;1&#8243; _builder_version=&#8220;4.23.1&#8243; _module_preset=&#8220;default&#8220; box_shadow_style=&#8220;preset3&#8243; box_shadow_color=&#8220;rgba(0,0,0,0.1)&#8220; global_colors_info=&#8220;{}&#8220;][et_pb_row _builder_version=&#8220;4.23.1&#8243; _module_preset=&#8220;default&#8220; global_colors_info=&#8220;{}&#8220;][et_pb_column type=&#8220;4_4&#8243; _builder_version=&#8220;4.23.1&#8243; _module_preset=&#8220;default&#8220; global_colors_info=&#8220;{}&#8220;][et_pb_text admin_label=&#8220;Text &#8211; Headline&#8220; _builder_version=&#8220;4.23.1&#8243; _module_preset=&#8220;default&#8220; header_text_color=&#8220;#cc0000&#8243; text_orientation=&#8220;center&#8220; global_colors_info=&#8220;{}&#8220;]<\/p>\n<h1>Enwicklung &amp; Betrieb von Anlagen, Hardware und Software<\/h1>\n<h3>Unsere Leistungen in der \u00dcbersicht<\/h3>\n<p>[\/et_pb_text][\/et_pb_column][\/et_pb_row][\/et_pb_section][et_pb_section fb_built=&#8220;1&#8243; _builder_version=&#8220;4.23.1&#8243; _module_preset=&#8220;default&#8220; background_color=&#8220;#f0f0f0&#8243; global_colors_info=&#8220;{}&#8220;][et_pb_row column_structure=&#8220;1_3,1_3,1_3&#8243; use_custom_gutter=&#8220;on&#8220; gutter_width=&#8220;2&#8243; make_equal=&#8220;on&#8220; _builder_version=&#8220;4.23.1&#8243; _module_preset=&#8220;default&#8220; global_colors_info=&#8220;{}&#8220;][et_pb_column type=&#8220;1_3&#8243; _builder_version=&#8220;4.23.1&#8243; _module_preset=&#8220;default&#8220; background_color=&#8220;#FFFFFF&#8220; border_width_all=&#8220;1px&#8220; border_color_all=&#8220;#cc0000&#8243; box_shadow_style=&#8220;preset1&#8243; global_colors_info=&#8220;{}&#8220; background__hover_enabled=&#8220;on|hover&#8220; background_color__hover=&#8220;rgba(204,0,0,0.02)&#8220; background_enable_color__hover=&#8220;on&#8220; border_radii__hover_enabled=&#8220;off|hover&#8220; border_width_all__hover_enabled=&#8220;on|hover&#8220; border_width_all__hover=&#8220;3px&#8220;][et_pb_blurb title=&#8220;Software Engineering&#8220; image=&#8220;https:\/\/k-geosens.beebox.de\/info\/wp-content\/uploads\/2023\/11\/GEOsens-1920&#215;1200-iStock-1356364287-Programmieren-gorodenkoff.jpg&#8220; module_class=&#8220;bbx-blurb-uebersicht&#8220; _builder_version=&#8220;4.23.1&#8243; _dynamic_attributes=&#8220;link_option_url&#8220; _module_preset=&#8220;default&#8220; header_level=&#8220;h3&#8243; header_text_color=&#8220;#cc0000&#8243; body_ul_type=&#8220;square&#8220; background_color=&#8220;RGBA(255,255,255,0)&#8220; custom_padding=&#8220;5px|5px|5px|5px|true|true&#8220; link_option_url=&#8220;@ET-DC@eyJkeW5hbWljIjp0cnVlLCJjb250ZW50IjoicG9zdF9saW5rX3VybF9wYWdlIiwic2V0dGluZ3MiOnsicG9zdF9pZCI6IjIwOSJ9fQ==@&#8220; custom_css_free_form=&#8220;.bbx-blurb-uebersicht .et_pb_blurb_container {padding-left: 8px;}&#8220; global_colors_info=&#8220;{}&#8220; background__hover_enabled=&#8220;off|desktop&#8220;]<\/p>\n<ul>\n<li>Konzeption und Planung<\/li>\n<li>Datenerfassungs- &amp; Monitoringsysteme<\/li>\n<li>Datenintegration &amp; Informationsvernetzung<\/li>\n<li>Webentwicklung<\/li>\n<li>Decision Support<\/li>\n<li>IT-Security<\/li>\n<li>Evaluierung<\/li>\n<li>Plattformen &amp; Systemsprachen<\/li>\n<\/ul>\n<p>[\/et_pb_blurb][\/et_pb_column][et_pb_column type=&#8220;1_3&#8243; _builder_version=&#8220;4.23.1&#8243; _module_preset=&#8220;default&#8220; background_color=&#8220;#FFFFFF&#8220; border_width_all=&#8220;1px&#8220; border_color_all=&#8220;#cc0000&#8243; box_shadow_style=&#8220;preset1&#8243; global_colors_info=&#8220;{}&#8220; background_color__hover=&#8220;rgba(204,0,0,0.02)&#8220; background__hover_enabled=&#8220;on|hover&#8220; background_enable_color__hover=&#8220;on&#8220; border_radii__hover_enabled=&#8220;on|hover&#8220; border_width_all__hover=&#8220;3px&#8220; border_width_all__hover_enabled=&#8220;on|hover&#8220;][et_pb_blurb title=&#8220;Messtechnik &#038; Systementwicklung&#8220; image=&#8220;https:\/\/k-geosens.beebox.de\/info\/wp-content\/uploads\/2023\/11\/GEOsens-1920&#215;1200-iStock-645279766-Elektronik-Platine-Loeten-anyaivanova.jpg&#8220; module_class=&#8220;bbx-blurb-uebersicht&#8220; _builder_version=&#8220;4.23.1&#8243; _dynamic_attributes=&#8220;link_option_url&#8220; _module_preset=&#8220;default&#8220; header_level=&#8220;h3&#8243; header_text_color=&#8220;#cc0000&#8243; body_ul_type=&#8220;square&#8220; background_color=&#8220;RGBA(255,255,255,0)&#8220; custom_padding=&#8220;5px|5px|5px|5px|true|true&#8220; link_option_url=&#8220;@ET-DC@eyJkeW5hbWljIjp0cnVlLCJjb250ZW50IjoicG9zdF9saW5rX3VybF9wYWdlIiwic2V0dGluZ3MiOnsicG9zdF9pZCI6IjIxMSJ9fQ==@&#8220; hover_enabled=&#8220;0&#8243; custom_css_free_form=&#8220;.bbx-blurb-uebersicht .et_pb_blurb_container {padding-left: 8px;}&#8220; global_colors_info=&#8220;{}&#8220; background_color__hover=&#8220;rgba(204,0,0,0.1)&#8220; background_enable_color__hover=&#8220;on&#8220; background__hover_enabled=&#8220;off|desktop&#8220; sticky_enabled=&#8220;0&#8243;]<\/p>\n<ul>\n<li>Messger\u00e4te und Messsysteme\n<ul>\n<li>PID Analysator station\u00e4r \/ Feldmessger\u00e4t<\/li>\n<li>Gas Monitor station\u00e4r \/ Feldmessger\u00e4t<\/li>\n<li>Messstellenumschalter<\/li>\n<\/ul>\n<\/li>\n<li>GEOsens INetControl\n<ul>\n<li>Interaktiver Datenservice<\/li>\n<li>Features<\/li>\n<\/ul>\n<\/li>\n<li>Geotechnische und hydrogeologische Alarmsysteme<\/li>\n<\/ul>\n<p>[\/et_pb_blurb][\/et_pb_column][et_pb_column type=&#8220;1_3&#8243; _builder_version=&#8220;4.23.1&#8243; _module_preset=&#8220;default&#8220; background_color=&#8220;#FFFFFF&#8220; border_width_all=&#8220;1px&#8220; border_color_all=&#8220;#cc0000&#8243; box_shadow_style=&#8220;preset1&#8243; global_colors_info=&#8220;{}&#8220; background_color__hover=&#8220;rgba(204,0,0,0.02)&#8220; background__hover_enabled=&#8220;on|hover&#8220; background_enable_color__hover=&#8220;on&#8220; border_radii__hover_enabled=&#8220;on|hover&#8220; border_width_all__hover=&#8220;3px&#8220; border_width_all__hover_enabled=&#8220;on|hover&#8220;][et_pb_blurb title=&#8220;Anlagentechnik &#038; Automation&#8220; image=&#8220;https:\/\/k-geosens.beebox.de\/info\/wp-content\/uploads\/2023\/11\/GEOsens-1920&#215;1200-DSC4882-Anlagenbau-Sanierung-Rohre.jpg&#8220; module_class=&#8220;bbx-blurb-uebersicht&#8220; _builder_version=&#8220;4.23.1&#8243; _dynamic_attributes=&#8220;link_option_url&#8220; _module_preset=&#8220;default&#8220; header_level=&#8220;h3&#8243; header_text_color=&#8220;#cc0000&#8243; body_ul_type=&#8220;square&#8220; background_color=&#8220;RGBA(255,255,255,0)&#8220; custom_padding=&#8220;5px|5px|5px|5px|true|true&#8220; link_option_url=&#8220;@ET-DC@eyJkeW5hbWljIjp0cnVlLCJjb250ZW50IjoicG9zdF9saW5rX3VybF9wYWdlIiwic2V0dGluZ3MiOnsicG9zdF9pZCI6IjEyNTYifX0=@&#8220; custom_css_free_form=&#8220;.bbx-blurb-uebersicht .et_pb_blurb_container {padding-left: 8px;}&#8220; global_colors_info=&#8220;{}&#8220; background_color__hover=&#8220;rgba(204,0,0,0.1)&#8220; background_enable_color__hover=&#8220;on&#8220; background__hover_enabled=&#8220;off|desktop&#8220;]<\/p>\n<ul>\n<li>Anlagentechnik &amp; technische Systeme\n<ul>\n<li>Anlagentechnik f\u00fcr Grundwasser<\/li>\n<li>Anlagentechnik f\u00fcr unges\u00e4ttigte Bodenzone<\/li>\n<\/ul>\n<\/li>\n<li>Betrieb &amp; Wartung\n<ul>\n<li>INetControl Service<\/li>\n<li>Lager &amp; Werkstatt<\/li>\n<\/ul>\n<\/li>\n<li>GEOsens Komplettl\u00f6sungen<\/li>\n<\/ul>\n<p>[\/et_pb_blurb][\/et_pb_column][\/et_pb_row][\/et_pb_section]<\/p>\n","protected":false},"excerpt":{"rendered":"<p>Enwicklung &amp; Betrieb von Anlagen, Hardware und Software Unsere Leistungen in der \u00dcbersicht Konzeption und Planung Datenerfassungs- &amp; Monitoringsysteme Datenintegration &amp; Informationsvernetzung Webentwicklung Decision Support IT-Security Evaluierung Plattformen &amp; Systemsprachen Messger\u00e4te und Messsysteme PID Analysator station\u00e4r \/ Feldmessger\u00e4t Gas Monitor station\u00e4r \/ Feldmessger\u00e4t Messstellenumschalter GEOsens INetControl Interaktiver Datenservice Features Geotechnische und hydrogeologische Alarmsysteme Anlagentechnik &amp; technische Systeme Anlagentechnik f\u00fcr Grundwasser Anlagentechnik f\u00fcr unges\u00e4ttigte Bodenzone Betrieb &amp; Wartung INetControl Service Lager &amp; Werkstatt GEOsens Komplettl\u00f6sungen<\/p>\n","protected":false},"author":1,"featured_media":0,"parent":150,"menu_order":1,"comment_status":"closed","ping_status":"closed","template":"","meta":{"_et_pb_use_builder":"on","_et_pb_old_content":"","_et_gb_content_width":"","footnotes":""},"class_list":["post-1329","page","type-page","status-publish","hentry"],"_links":{"self":[{"href":"https:\/\/k-geosens.beebox.de\/info\/wp-json\/wp\/v2\/pages\/1329","targetHints":{"allow":["GET"]}}],"collection":[{"href":"https:\/\/k-geosens.beebox.de\/info\/wp-json\/wp\/v2\/pages"}],"about":[{"href":"https:\/\/k-geosens.beebox.de\/info\/wp-json\/wp\/v2\/types\/page"}],"author":[{"embeddable":true,"href":"https:\/\/k-geosens.beebox.de\/info\/wp-json\/wp\/v2\/users\/1"}],"replies":[{"embeddable":true,"href":"https:\/\/k-geosens.beebox.de\/info\/wp-json\/wp\/v2\/comments?post=1329"}],"version-history":[{"count":10,"href":"https:\/\/k-geosens.beebox.de\/info\/wp-json\/wp\/v2\/pages\/1329\/revisions"}],"predecessor-version":[{"id":1930,"href":"https:\/\/k-geosens.beebox.de\/info\/wp-json\/wp\/v2\/pages\/1329\/revisions\/1930"}],"up":[{"embeddable":true,"href":"https:\/\/k-geosens.beebox.de\/info\/wp-json\/wp\/v2\/pages\/150"}],"wp:attachment":[{"href":"https:\/\/k-geosens.beebox.de\/info\/wp-json\/wp\/v2\/media?parent=1329"}],"curies":[{"name":"wp","href":"https:\/\/api.w.org\/{rel}","templated":true}]}}