{"id":161,"date":"2023-10-25T16:46:44","date_gmt":"2023-10-25T14:46:44","guid":{"rendered":"https:\/\/k-geosens.beebox.de\/info\/service\/"},"modified":"2023-12-15T16:04:45","modified_gmt":"2023-12-15T15:04:45","slug":"service","status":"publish","type":"page","link":"https:\/\/k-geosens.beebox.de\/info\/service\/","title":{"rendered":"Service"},"content":{"rendered":"<p>[et_pb_section fb_built=&#8220;1&#8243; admin_label=&#8220;Our Services&#8220; _builder_version=&#8220;4.16&#8243; custom_padding=&#8220;|||&#8220; locked=&#8220;off&#8220; global_colors_info=&#8220;{}&#8220;][et_pb_row column_structure=&#8220;1_2,1_2&#8243; use_custom_gutter=&#8220;on&#8220; gutter_width=&#8220;2&#8243; make_equal=&#8220;on&#8220; custom_padding_last_edited=&#8220;on|phone&#8220; admin_label=&#8220;Zeile Datenupload&#8220; _builder_version=&#8220;4.23&#8243; custom_margin=&#8220;|||&#8220; custom_padding=&#8220;80px||||false|false&#8220; custom_padding_tablet=&#8220;80px||||false|false&#8220; custom_padding_phone=&#8220;0px||||false|false&#8220; saved_tabs=&#8220;all&#8220; locked=&#8220;off&#8220; global_colors_info=&#8220;{}&#8220;][et_pb_column type=&#8220;1_2&#8243; _builder_version=&#8220;4.16&#8243; _module_preset=&#8220;default&#8220; global_colors_info=&#8220;{}&#8220;][et_pb_text admin_label=&#8220;Text &#8211; Headline Service&#8220; _builder_version=&#8220;4.23&#8243; _module_preset=&#8220;default&#8220; global_colors_info=&#8220;{}&#8220;]<\/p>\n<h1>Service wird bei uns gro\u00df geschrieben<\/h1>\n<p>[\/et_pb_text][et_pb_text admin_label=&#8220;Text &#8211; Intro Service&#8220; _builder_version=&#8220;4.23&#8243; _module_preset=&#8220;default&#8220; global_colors_info=&#8220;{}&#8220;]<\/p>\n<p>Hand in Hand mit unseren Kunden und Partnern schaffen wir gr\u00f6\u00dfte Transparenz bei der Realisierung und Visualisierung unserer Projekte. F\u00fcr eine perfekte Zusammenarbeit bieten wir daher spezielle Service-Plattformen an.<\/p>\n<p>[\/et_pb_text][\/et_pb_column][et_pb_column type=&#8220;1_2&#8243; _builder_version=&#8220;4.23&#8243; _module_preset=&#8220;default&#8220; global_colors_info=&#8220;{}&#8220;][et_pb_blurb use_icon=&#8220;on&#8220; font_icon=&#8220;&#xe065;||divi||400&#8243; image_icon_background_color=&#8220;#FFFFFF&#8220; image_icon_width=&#8220;70px&#8220; admin_label=&#8220;Blurb Ntfy&#8220; _builder_version=&#8220;4.23.1&#8243; header_font=&#8220;||||||||&#8220; header_text_align=&#8220;left&#8220; header_font_size=&#8220;22px&#8220; header_line_height=&#8220;1.2em&#8220; body_font=&#8220;Open Sans||||||||&#8220; body_line_height=&#8220;1.8em&#8220; background_color=&#8220;#f1f1f1&#8243; image_icon_custom_margin=&#8220;10px||||false|false&#8220; image_icon_custom_padding=&#8220;30px|30px|30px|30px|true|true&#8220; custom_margin=&#8220;||0px||false|false&#8220; custom_padding=&#8220;20px|30px|0px|30px|false|true&#8220; animation_style=&#8220;fold&#8220; animation_delay=&#8220;150ms&#8220; animation=&#8220;off&#8220; link_option_url=&#8220;https:\/\/ntfy.geosens.com\/demo&#8220; link_option_url_new_window=&#8220;on&#8220; border_width_all_image=&#8220;1px&#8220; border_color_all_image=&#8220;#cc0000&#8243; locked=&#8220;off&#8220; global_colors_info=&#8220;{}&#8220;][\/et_pb_blurb][et_pb_toggle title=&#8220;GEOsens Message&#8220; open_toggle_text_color=&#8220;#cc0000&#8243; closed_toggle_text_color=&#8220;#646464&#8243; closed_toggle_background_color=&#8220;rgba(208,208,208,0.7)&#8220; icon_color=&#8220;#cc0000&#8243; toggle_icon=&#8220;&#xe050;||divi||400&#8243; use_icon_font_size=&#8220;on&#8220; icon_font_size=&#8220;25px&#8220; open_icon_color=&#8220;#cc0000&#8243; open_use_icon_font_size=&#8220;on&#8220; open_icon_font_size=&#8220;25px&#8220; admin_label=&#8220;Toggle Ntfy&#8220; _builder_version=&#8220;4.23.1&#8243; _module_preset=&#8220;default&#8220; title_level=&#8220;h1&#8243; title_font_size=&#8220;21px&#8220; background_color=&#8220;#f1f1f1&#8243; custom_margin=&#8220;||||false|false&#8220; custom_padding=&#8220;||||false|false&#8220; animation_style=&#8220;fold&#8220; animation_delay=&#8220;150ms&#8220; hover_enabled=&#8220;0&#8243; border_width_all=&#8220;0px&#8220; border_width_top=&#8220;2px&#8220; border_color_top=&#8220;#FFFFFF&#8220; global_colors_info=&#8220;{}&#8220; custom_css_toggle_content=&#8220;hyphens: auto;&#8220; sticky_enabled=&#8220;0&#8243;]<\/p>\n<p>GEOsense Message ist ein Service zur Benachrichtigung und Alarmierung. Hierf\u00fcr nutzen wir die sichere und bew\u00e4hrte OpenSource-Software Ntfy &#8211; sprich \u201cNotify\u201d. Der Service wird auf unserer eigenen Infrastruktur in Deutschland betrieben und gehostet.<\/p>\n<p>Nachrichten werden ausgel\u00f6st, wenn z. B. der Wasserstand in einem Brunnen zu tief absinkt, eine Maschine ausf\u00e4llt oder das Wetter f\u00fcr landwirtschaftliche Sch\u00e4dlinge g\u00fcnstig ist.<\/p>\n<p>Sie erhalten die Nachricht \u00fcber die Ntfy-App, die sie kostenlos f\u00fcr alle Systeme herunterladen k\u00f6nnen. Die App ist komfortabel und erlaubt z. B. das Zuweisen unterschiedlicher Warnt\u00f6ne je nach Nachricht oder Priorit\u00e4t.<\/p>\n<p><strong>Web-Link: <a title=\"GEOsens Message Service\" href=\"https:\/\/ntfy.geosens.com\/demo\" target=\"_blank\" rel=\"noopener\">ntfy.geosens.com<\/a><\/strong><\/p>\n<p>&nbsp;<\/p>\n<p>Die Apps finden Sie je nach Ger\u00e4t zum Download unter nachfolgenden Links:<br \/><a href=\"https:\/\/apps.apple.com\/us\/app\/ntfy\/id1625396347\" target=\"_blank\" rel=\"noopener\" title=\"Link zum AppleStore\"><img decoding=\"async\" src=\"https:\/\/k-geosens.beebox.de\/info\/wp-content\/uploads\/2023\/10\/AppDownload-AppleStore-300x101.png\" alt=\"\" class=\"wp-image-438 alignnone size-medium\" width=\"160\" srcset=\"https:\/\/k-geosens.beebox.de\/info\/wp-content\/uploads\/2023\/10\/AppDownload-AppleStore-300x101.png 300w, https:\/\/k-geosens.beebox.de\/info\/wp-content\/uploads\/2023\/10\/AppDownload-AppleStore.png 320w\" sizes=\"(max-width: 300px) 100vw, 300px\" \/><\/a> <a href=\"https:\/\/f-droid.org\/en\/packages\/io.heckel.ntfy\/\" target=\"_blank\" rel=\"noopener\" title=\"Link zum F-Droid-Repository\"><img decoding=\"async\" src=\"https:\/\/k-geosens.beebox.de\/info\/wp-content\/uploads\/2023\/10\/AppDownload-fDroid.png\" alt=\"\" class=\"wp-image-439 alignnone size-medium\" width=\"160\" \/><\/a> <a href=\"https:\/\/apps.apple.com\/us\/app\/ntfy\/id1625396347\" target=\"_blank\" rel=\"noopener\" title=\"Link zum Google Play Store\"><img decoding=\"async\" src=\"https:\/\/k-geosens.beebox.de\/info\/wp-content\/uploads\/2023\/10\/AppDownload-GooglePlayStore-300x89.png\" alt=\"\" class=\"wp-image-440 alignnone size-medium\" width=\"160\" srcset=\"https:\/\/k-geosens.beebox.de\/info\/wp-content\/uploads\/2023\/10\/AppDownload-GooglePlayStore-300x89.png 300w, https:\/\/k-geosens.beebox.de\/info\/wp-content\/uploads\/2023\/10\/AppDownload-GooglePlayStore.png 363w\" sizes=\"(max-width: 300px) 100vw, 300px\" \/><\/a><\/p>\n<p>[\/et_pb_toggle][\/et_pb_column][\/et_pb_row][et_pb_row column_structure=&#8220;1_4,1_4,1_4,1_4&#8243; use_custom_gutter=&#8220;on&#8220; gutter_width=&#8220;2&#8243; make_equal=&#8220;on&#8220; custom_padding_last_edited=&#8220;on|phone&#8220; admin_label=&#8220;Zeile Datenupload&#8220; _builder_version=&#8220;4.23&#8243; custom_margin=&#8220;|||&#8220; custom_padding=&#8220;80px||||false|false&#8220; custom_padding_tablet=&#8220;80px||||false|false&#8220; custom_padding_phone=&#8220;0px||||false|false&#8220; saved_tabs=&#8220;all&#8220; locked=&#8220;off&#8220; global_colors_info=&#8220;{}&#8220;][et_pb_column type=&#8220;1_4&#8243; _builder_version=&#8220;4.16&#8243; _module_preset=&#8220;default&#8220; global_colors_info=&#8220;{}&#8220;][et_pb_blurb use_icon=&#8220;on&#8220; font_icon=&#8220;&#xf3fd;||fa||900&#8243; image_icon_background_color=&#8220;#FFFFFF&#8220; image_icon_width=&#8220;70px&#8220; admin_label=&#8220;Blurb Inetcontrol&#8220; _builder_version=&#8220;4.23&#8243; header_font=&#8220;||||||||&#8220; header_text_align=&#8220;left&#8220; header_font_size=&#8220;22px&#8220; header_line_height=&#8220;1.2em&#8220; body_font=&#8220;Open Sans||||||||&#8220; body_line_height=&#8220;1.8em&#8220; background_color=&#8220;#f1f1f1&#8243; image_icon_custom_margin=&#8220;10px||||false|false&#8220; image_icon_custom_padding=&#8220;30px|30px|30px|30px|true|true&#8220; custom_margin=&#8220;||0px||false|false&#8220; custom_padding=&#8220;20px|30px|0px|30px|false|true&#8220; animation_style=&#8220;fold&#8220; animation_delay=&#8220;150ms&#8220; animation=&#8220;off&#8220; link_option_url=&#8220;https:\/\/www.inetcontrol.info&#8220; link_option_url_new_window=&#8220;on&#8220; border_width_all_image=&#8220;1px&#8220; border_color_all_image=&#8220;#cc0000&#8243; locked=&#8220;off&#8220; global_colors_info=&#8220;{}&#8220;][\/et_pb_blurb][et_pb_toggle title=&#8220;GEOsens INetControl&#8220; open_toggle_text_color=&#8220;#cc0000&#8243; closed_toggle_text_color=&#8220;#646464&#8243; closed_toggle_background_color=&#8220;rgba(208,208,208,0.7)&#8220; icon_color=&#8220;#cc0000&#8243; toggle_icon=&#8220;&#xe050;||divi||400&#8243; use_icon_font_size=&#8220;on&#8220; icon_font_size=&#8220;25px&#8220; open_icon_color=&#8220;#cc0000&#8243; open_use_icon_font_size=&#8220;on&#8220; open_icon_font_size=&#8220;25px&#8220; admin_label=&#8220;Toggle Inetcontrol&#8220; _builder_version=&#8220;4.23.1&#8243; _module_preset=&#8220;default&#8220; title_level=&#8220;h1&#8243; title_font_size=&#8220;21px&#8220; background_color=&#8220;#f1f1f1&#8243; custom_margin=&#8220;||||false|false&#8220; custom_padding=&#8220;||||false|false&#8220; animation_style=&#8220;fold&#8220; animation_delay=&#8220;150ms&#8220; hover_enabled=&#8220;0&#8243; border_width_all=&#8220;0px&#8220; border_width_top=&#8220;2px&#8220; border_color_top=&#8220;#FFFFFF&#8220; global_colors_info=&#8220;{}&#8220; custom_css_toggle_content=&#8220;hyphens: auto;&#8220; sticky_enabled=&#8220;0&#8243;]<\/p>\n<p>GEOsens INetControl ist unsere IoT-Plattform f\u00fcr Datenvisualisierung und Fernsteuerung. Sicher, flexibel, leistungsf\u00e4hig.<\/p>\n<p><strong>Web-Link: <a title=\"GEOsens Datenvisualisierung und Fernsteuerung\" href=\"https:\/\/www.inetcontrol.info\" target=\"_blank\" rel=\"noopener\">www.inetcontrol.info<\/a><\/strong><\/p>\n<p>[\/et_pb_toggle][\/et_pb_column][et_pb_column type=&#8220;1_4&#8243; _builder_version=&#8220;4.23&#8243; _module_preset=&#8220;default&#8220; global_colors_info=&#8220;{}&#8220;][et_pb_blurb use_icon=&#8220;on&#8220; font_icon=&#8220;&#xf56f;||fa||900&#8243; image_icon_background_color=&#8220;#FFFFFF&#8220; image_icon_width=&#8220;70px&#8220; admin_label=&#8220;Blurb FileTransfer&#8220; _builder_version=&#8220;4.23&#8243; header_font=&#8220;||||||||&#8220; header_text_align=&#8220;left&#8220; header_font_size=&#8220;22px&#8220; header_line_height=&#8220;1.2em&#8220; body_font=&#8220;Open Sans||||||||&#8220; body_line_height=&#8220;1.8em&#8220; background_color=&#8220;#f1f1f1&#8243; image_icon_custom_margin=&#8220;10px||||false|false&#8220; image_icon_custom_padding=&#8220;30px|30px|30px|30px|true|true&#8220; custom_margin=&#8220;||0px||false|false&#8220; custom_padding=&#8220;20px|30px|0px|30px|false|true&#8220; animation_style=&#8220;fold&#8220; animation_delay=&#8220;150ms&#8220; animation=&#8220;off&#8220; link_option_url=&#8220;https:\/\/files.geosens.de&#8220; link_option_url_new_window=&#8220;on&#8220; border_width_all_image=&#8220;1px&#8220; border_color_all_image=&#8220;#cc0000&#8243; locked=&#8220;off&#8220; global_colors_info=&#8220;{}&#8220;][\/et_pb_blurb][et_pb_toggle title=&#8220;Daten-Transfer&#8220; open_toggle_text_color=&#8220;#cc0000&#8243; closed_toggle_text_color=&#8220;#646464&#8243; closed_toggle_background_color=&#8220;rgba(208,208,208,0.7)&#8220; icon_color=&#8220;#cc0000&#8243; toggle_icon=&#8220;&#xe050;||divi||400&#8243; use_icon_font_size=&#8220;on&#8220; icon_font_size=&#8220;25px&#8220; open_icon_color=&#8220;#cc0000&#8243; open_use_icon_font_size=&#8220;on&#8220; open_icon_font_size=&#8220;25px&#8220; admin_label=&#8220;Toggle FileTransfer&#8220; _builder_version=&#8220;4.23.1&#8243; _module_preset=&#8220;default&#8220; title_level=&#8220;h1&#8243; title_font_size=&#8220;21px&#8220; background_color=&#8220;#f1f1f1&#8243; custom_margin=&#8220;||||false|false&#8220; custom_padding=&#8220;||||false|false&#8220; animation_style=&#8220;fold&#8220; animation_delay=&#8220;150ms&#8220; hover_enabled=&#8220;0&#8243; border_width_all=&#8220;0px&#8220; border_width_top=&#8220;2px&#8220; border_color_top=&#8220;#FFFFFF&#8220; global_colors_info=&#8220;{}&#8220; custom_css_toggle_content=&#8220;hyphens: auto;&#8220; sticky_enabled=&#8220;0&#8243;]<\/p>\n<p>Sie m\u00f6chten uns eine gro\u00dfe Datei schicken? Benutzen Sie statt DropBox oder WeTransfer unseren Filetransfer-Server. Datensicherheit garantiert. Erfragen Sie das Passwort telefonisch oder per Mail.<\/p>\n<p><strong>Web-Link: <a title=\"Datenversand via GEOsens-Transferserver\" href=\"https:\/\/files.geosens.de\" target=\"_blank\" rel=\"noopener\">files.geosens.de<\/a><\/strong><\/p>\n<p>[\/et_pb_toggle][\/et_pb_column][et_pb_column type=&#8220;1_4&#8243; _builder_version=&#8220;4.16&#8243; custom_padding=&#8220;|||&#8220; global_colors_info=&#8220;{}&#8220; custom_padding__hover=&#8220;|||&#8220;][et_pb_blurb use_icon=&#8220;on&#8220; font_icon=&#8220;&#xf570;||fa||900&#8243; image_icon_background_color=&#8220;#FFFFFF&#8220; image_icon_width=&#8220;70px&#8220; admin_label=&#8220;Blurb Docmenta&#8220; _builder_version=&#8220;4.23&#8243; header_font=&#8220;||||||||&#8220; header_text_align=&#8220;left&#8220; header_font_size=&#8220;22px&#8220; header_line_height=&#8220;1.2em&#8220; body_font=&#8220;Open Sans||||||||&#8220; body_line_height=&#8220;1.8em&#8220; background_color=&#8220;#f1f1f1&#8243; image_icon_custom_margin=&#8220;10px||||false|false&#8220; image_icon_custom_padding=&#8220;30px|30px|30px|30px|true|true&#8220; custom_margin=&#8220;||0px||false|false&#8220; custom_padding=&#8220;20px|30px|0px|30px|false|true&#8220; animation_style=&#8220;fold&#8220; animation_delay=&#8220;150ms&#8220; animation=&#8220;off&#8220; link_option_url=&#8220;https:\/\/docmenta.inetcontrol.info\/&#8220; link_option_url_new_window=&#8220;on&#8220; border_width_all_image=&#8220;1px&#8220; border_color_all_image=&#8220;#cc0000&#8243; locked=&#8220;off&#8220; global_colors_info=&#8220;{}&#8220;][\/et_pb_blurb][et_pb_toggle title=&#8220;GEOsens DocuSoft&#8220; open_toggle_text_color=&#8220;#cc0000&#8243; closed_toggle_text_color=&#8220;#646464&#8243; closed_toggle_background_color=&#8220;rgba(208,208,208,0.7)&#8220; icon_color=&#8220;#cc0000&#8243; toggle_icon=&#8220;&#xe050;||divi||400&#8243; use_icon_font_size=&#8220;on&#8220; icon_font_size=&#8220;25px&#8220; open_icon_color=&#8220;#cc0000&#8243; open_use_icon_font_size=&#8220;on&#8220; open_icon_font_size=&#8220;25px&#8220; admin_label=&#8220;Toggle Docmenta&#8220; _builder_version=&#8220;4.23.1&#8243; _module_preset=&#8220;default&#8220; title_level=&#8220;h1&#8243; title_font_size=&#8220;21px&#8220; background_color=&#8220;#f1f1f1&#8243; custom_margin=&#8220;||||false|false&#8220; custom_padding=&#8220;||||false|false&#8220; animation_style=&#8220;fold&#8220; animation_delay=&#8220;150ms&#8220; hover_enabled=&#8220;0&#8243; border_width_all=&#8220;0px&#8220; border_width_top=&#8220;2px&#8220; border_color_top=&#8220;#FFFFFF&#8220; global_colors_info=&#8220;{}&#8220; custom_css_toggle_content=&#8220;hyphens: auto;&#8220; sticky_enabled=&#8220;0&#8243;]<\/p>\n<p>Unser Dokumentationstool f\u00fcr Software erstellt Dokumentationen als Webseiten oder PDF-Dateien. F\u00fcr gemeinsame Projekte k\u00f6nnen wir Ihnen einen Zugang geben.<\/p>\n<p><strong>Web-Link: <a title=\"GEOsens-Dokumentation\" href=\"https:\/\/docmenta.inetcontrol.info\/\" target=\"_blank\" rel=\"noopener\">docmenta.inetcontrol.info<\/a><\/strong><\/p>\n<p>[\/et_pb_toggle][\/et_pb_column][et_pb_column type=&#8220;1_4&#8243; _builder_version=&#8220;4.23&#8243; _module_preset=&#8220;default&#8220; global_colors_info=&#8220;{}&#8220;][et_pb_blurb use_icon=&#8220;on&#8220; font_icon=&#8220;&#xf5fc;||fa||900&#8243; image_icon_background_color=&#8220;#FFFFFF&#8220; image_icon_width=&#8220;70px&#8220; admin_label=&#8220;Blurb Git&#8220; _builder_version=&#8220;4.23&#8243; header_font=&#8220;||||||||&#8220; header_text_align=&#8220;left&#8220; header_font_size=&#8220;22px&#8220; header_line_height=&#8220;1.2em&#8220; body_font=&#8220;Open Sans||||||||&#8220; body_line_height=&#8220;1.8em&#8220; background_color=&#8220;#f1f1f1&#8243; image_icon_custom_margin=&#8220;10px||||false|false&#8220; image_icon_custom_padding=&#8220;30px|30px|30px|30px|true|true&#8220; custom_margin=&#8220;||0px||false|false&#8220; custom_padding=&#8220;20px|30px|0px|30px|false|true&#8220; animation_style=&#8220;fold&#8220; animation_delay=&#8220;150ms&#8220; animation=&#8220;off&#8220; link_option_url=&#8220;https:\/\/git.geosens.com&#8220; link_option_url_new_window=&#8220;on&#8220; border_width_all_image=&#8220;1px&#8220; border_color_all_image=&#8220;#cc0000&#8243; locked=&#8220;off&#8220; global_colors_info=&#8220;{}&#8220;][\/et_pb_blurb][et_pb_toggle title=&#8220;GEOsens Develop&#8220; open_toggle_text_color=&#8220;#cc0000&#8243; closed_toggle_text_color=&#8220;#646464&#8243; closed_toggle_background_color=&#8220;rgba(208,208,208,0.7)&#8220; icon_color=&#8220;#cc0000&#8243; toggle_icon=&#8220;&#xe050;||divi||400&#8243; use_icon_font_size=&#8220;on&#8220; icon_font_size=&#8220;25px&#8220; open_icon_color=&#8220;#cc0000&#8243; open_use_icon_font_size=&#8220;on&#8220; open_icon_font_size=&#8220;25px&#8220; admin_label=&#8220;Toggle Git&#8220; _builder_version=&#8220;4.23.1&#8243; _module_preset=&#8220;default&#8220; title_level=&#8220;h1&#8243; title_font_size=&#8220;21px&#8220; background_color=&#8220;#f1f1f1&#8243; custom_margin=&#8220;||||false|false&#8220; custom_padding=&#8220;||||false|false&#8220; animation_style=&#8220;fold&#8220; animation_delay=&#8220;150ms&#8220; hover_enabled=&#8220;0&#8243; border_width_all=&#8220;0px&#8220; border_width_top=&#8220;2px&#8220; border_color_top=&#8220;#FFFFFF&#8220; global_colors_info=&#8220;{}&#8220; custom_css_toggle_content=&#8220;hyphens: auto;&#8220; sticky_enabled=&#8220;0&#8243;]<\/p>\n<p>GEOsense Develop ist ein Service zur Softwareentwicklung in Kooperation mit Ihnen oder weiteren Partnern. Hierf\u00fcr nutzen wir bew\u00e4hrte OpenSource-Software &#8222;Git&#8220;. Der Service wird auf unserer eigenen Infrastruktur in Deutschland betrieben.<\/p>\n<p><strong>Web-Link: <a title=\"GEOsens Software Entwicklung\" href=\"https:\/\/git.geosens.com\" target=\"_blank\" rel=\"noopener\">git.geosens.com<\/a><\/strong><\/p>\n<p>[\/et_pb_toggle][\/et_pb_column][\/et_pb_row][\/et_pb_section]<\/p>\n","protected":false},"excerpt":{"rendered":"<p>Service wird bei uns gro\u00df geschriebenHand in Hand mit unseren Kunden und Partnern schaffen wir gr\u00f6\u00dfte Transparenz bei der Realisierung und Visualisierung unserer Projekte. F\u00fcr eine perfekte Zusammenarbeit bieten wir daher spezielle Service-Plattformen an.GEOsense Message ist ein Service zur Benachrichtigung und Alarmierung. Hierf\u00fcr nutzen wir die sichere und bew\u00e4hrte OpenSource-Software Ntfy &#8211; sprich \u201cNotify\u201d. Der Service wird auf unserer eigenen Infrastruktur in Deutschland betrieben und gehostet. Nachrichten werden ausgel\u00f6st, wenn z. B. der Wasserstand in einem Brunnen zu tief absinkt, eine Maschine ausf\u00e4llt oder das Wetter f\u00fcr landwirtschaftliche Sch\u00e4dlinge g\u00fcnstig ist. Sie erhalten die Nachricht \u00fcber die Ntfy-App, die sie kostenlos f\u00fcr alle Systeme herunterladen k\u00f6nnen. Die App ist komfortabel und erlaubt z. B. das Zuweisen unterschiedlicher Warnt\u00f6ne je nach Nachricht oder Priorit\u00e4t. Web-Link: ntfy.geosens.com &nbsp; Die Apps finden Sie je nach Ger\u00e4t zum Download unter nachfolgenden Links: GEOsens INetControl ist unsere IoT-Plattform f\u00fcr Datenvisualisierung und Fernsteuerung. Sicher, flexibel, leistungsf\u00e4hig. Web-Link: www.inetcontrol.infoSie m\u00f6chten uns eine gro\u00dfe Datei schicken? Benutzen Sie statt DropBox oder WeTransfer unseren Filetransfer-Server. Datensicherheit garantiert. Erfragen Sie das Passwort telefonisch oder per Mail. Web-Link: files.geosens.deUnser Dokumentationstool f\u00fcr Software erstellt Dokumentationen als Webseiten oder PDF-Dateien. F\u00fcr gemeinsame Projekte k\u00f6nnen wir Ihnen einen Zugang geben. Web-Link: docmenta.inetcontrol.infoGEOsense Develop ist [&hellip;]<\/p>\n","protected":false},"author":1,"featured_media":0,"parent":0,"menu_order":11,"comment_status":"closed","ping_status":"closed","template":"","meta":{"_et_pb_use_builder":"on","_et_pb_old_content":"","_et_gb_content_width":"","footnotes":""},"class_list":["post-161","page","type-page","status-publish","hentry"],"_links":{"self":[{"href":"https:\/\/k-geosens.beebox.de\/info\/wp-json\/wp\/v2\/pages\/161","targetHints":{"allow":["GET"]}}],"collection":[{"href":"https:\/\/k-geosens.beebox.de\/info\/wp-json\/wp\/v2\/pages"}],"about":[{"href":"https:\/\/k-geosens.beebox.de\/info\/wp-json\/wp\/v2\/types\/page"}],"author":[{"embeddable":true,"href":"https:\/\/k-geosens.beebox.de\/info\/wp-json\/wp\/v2\/users\/1"}],"replies":[{"embeddable":true,"href":"https:\/\/k-geosens.beebox.de\/info\/wp-json\/wp\/v2\/comments?post=161"}],"version-history":[{"count":10,"href":"https:\/\/k-geosens.beebox.de\/info\/wp-json\/wp\/v2\/pages\/161\/revisions"}],"predecessor-version":[{"id":1956,"href":"https:\/\/k-geosens.beebox.de\/info\/wp-json\/wp\/v2\/pages\/161\/revisions\/1956"}],"wp:attachment":[{"href":"https:\/\/k-geosens.beebox.de\/info\/wp-json\/wp\/v2\/media?parent=161"}],"curies":[{"name":"wp","href":"https:\/\/api.w.org\/{rel}","templated":true}]}}