{"id":181,"date":"2023-10-25T17:37:52","date_gmt":"2023-10-25T15:37:52","guid":{"rendered":"https:\/\/k-geosens.beebox.de\/info\/geotechnik-umwelt-diagnostik\/analyse-bewertung-gutachten\/"},"modified":"2023-12-28T11:12:02","modified_gmt":"2023-12-28T10:12:02","slug":"analyse-bewertung-gutachten","status":"publish","type":"page","link":"https:\/\/k-geosens.beebox.de\/info\/geotechnik-umwelt-diagnostik\/analyse-bewertung-gutachten\/","title":{"rendered":"Analyse, Bewertung, Gutachten"},"content":{"rendered":"<p>[et_pb_section fb_built=&#8220;1&#8243; fullwidth=&#8220;on&#8220; admin_label=&#8220;Sektion Topmotiv&#8220; _builder_version=&#8220;4.23.2&#8243; _module_preset=&#8220;default&#8220; locked=&#8220;off&#8220; collapsed=&#8220;on&#8220; global_colors_info=&#8220;{}&#8220;][et_pb_fullwidth_header title=&#8220;Analyse, Bewertung, Gutachten&#8220; subhead=&#8220;Beratende und gutachterliche Ingenieurleistungen&#8220; header_fullscreen=&#8220;on&#8220; header_scroll_down=&#8220;on&#8220; admin_label=&#8220;Fullwidth Header&#8220; _builder_version=&#8220;4.23.3&#8243; _module_preset=&#8220;default&#8220; title_font=&#8220;|600|||||||&#8220; title_font_size=&#8220;48px&#8220; subhead_font_size=&#8220;24px&#8220; background_image=&#8220;https:\/\/k-geosens.beebox.de\/info\/wp-content\/uploads\/2023\/11\/GEOsens-1920&#215;1200-202210-083354-Erdarbeiten-Laster-Bagger.jpg&#8220; parallax=&#8220;on&#8220; parallax_method=&#8220;on&#8220; title_font_size_tablet=&#8220;40px&#8220; title_font_size_phone=&#8220;34px&#8220; title_font_size_last_edited=&#8220;on|phone&#8220; subhead_font_size_tablet=&#8220;20px&#8220; subhead_font_size_phone=&#8220;20px&#8220; subhead_font_size_last_edited=&#8220;on|desktop&#8220; text_shadow_style=&#8220;preset1&#8243; text_shadow_horizontal_length=&#8220;0.15em&#8220; text_shadow_vertical_length=&#8220;0.2em&#8220; text_shadow_blur_strength=&#8220;0.2em&#8220; text_shadow_color=&#8220;rgba(0,0,0,0.6)&#8220; global_colors_info=&#8220;{}&#8220;][\/et_pb_fullwidth_header][\/et_pb_section][et_pb_section fb_built=&#8220;1&#8243; _builder_version=&#8220;4.23.3&#8243; _module_preset=&#8220;default&#8220; border_width_bottom=&#8220;1px&#8220; border_color_bottom=&#8220;#cccccc&#8220; collapsed=&#8220;off&#8220; global_colors_info=&#8220;{}&#8220;][et_pb_row column_structure=&#8220;1_2,1_2&#8243; _builder_version=&#8220;4.23.1&#8243; _module_preset=&#8220;default&#8220; global_colors_info=&#8220;{}&#8220;][et_pb_column type=&#8220;1_2&#8243; _builder_version=&#8220;4.23.1&#8243; _module_preset=&#8220;default&#8220; global_colors_info=&#8220;{}&#8220;][et_pb_text ul_type=&#8220;square&#8220; admin_label=&#8220;Text &#8211; Headline Boden, Abfall, Schadstoffe&#8220; _builder_version=&#8220;4.23.3&#8243; _module_preset=&#8220;default&#8220; header_3_font=&#8220;|600|||||||&#8220; header_3_text_color=&#8220;#cc0000&#8243; header_3_font_size=&#8220;24px&#8220; header_4_font=&#8220;|700|||||||&#8220; header_4_text_color=&#8220;#cc0000&#8243; header_4_font_size=&#8220;17px&#8220; locked=&#8220;off&#8220; global_colors_info=&#8220;{}&#8220;]<\/p>\n<h4>Boden, Abfall, Schadstoffe<\/h4>\n<p>[\/et_pb_text][et_pb_text ul_type=&#8220;square&#8220; admin_label=&#8220;Text &#8211; Intro 1&#8243; _builder_version=&#8220;4.23.2&#8243; _module_preset=&#8220;default&#8220; header_3_font=&#8220;|600|||||||&#8220; header_3_text_color=&#8220;#cc0000&#8243; header_3_font_size=&#8220;24px&#8220; header_4_font=&#8220;|700|||||||&#8220; header_4_text_color=&#8220;#cc0000&#8243; header_4_font_size=&#8220;17px&#8220; global_colors_info=&#8220;{}&#8220;]<\/p>\n<p>Konzeptionelle, beratende und gutachterliche T\u00e4tigkeiten und die dazu erforderlichen Leistungen zur konformen Beprobung von Boden und Bausubstanz erhalten Sie bei uns aus einer Hand.<\/p>\n<p>Aufgrund unserer interdisziplin\u00e4ren Expertise und langj\u00e4hrigen Erfahrung k\u00f6nnen wir Sie umfassend und auf einem qualitativ hochwertigen Niveau beraten.<\/p>\n<p>[\/et_pb_text][et_pb_text ul_type=&#8220;square&#8220; admin_label=&#8220;Text &#8211; Intro 2&#8243; _builder_version=&#8220;4.23.2&#8243; _module_preset=&#8220;default&#8220; header_3_font=&#8220;|600|||||||&#8220; header_3_text_color=&#8220;#cc0000&#8243; header_3_font_size=&#8220;24px&#8220; header_4_font=&#8220;|700|||||||&#8220; header_4_text_color=&#8220;#cc0000&#8243; header_4_font_size=&#8220;17px&#8220; global_colors_info=&#8220;{}&#8220;]<\/p>\n<p>Die erforderlichen Probenahmen werden von GEOsens zuverl\u00e4ssig und regelkonform ausgef\u00fchrt. Durch unsere Zusammenarbeit mit renommierten Analysenlaboren k\u00f6nnen wir sicherstellen, dass pr\u00e4zise und belastbare Analysenergebnisse verf\u00fcgbar sind. Die f\u00fcr unsere Kunden wichtigen Zeitfenster verlieren wir dabei nie aus dem Blick.<\/p>\n<p>[\/et_pb_text][\/et_pb_column][et_pb_column type=&#8220;1_2&#8243; _builder_version=&#8220;4.23.1&#8243; _module_preset=&#8220;default&#8220; global_colors_info=&#8220;{}&#8220;][dsm_filterable_gallery gallery_ids=&#8220;2187,2194,2191,2192&#8243; dsm_number_of_columns=&#8220;2&#8243; dsm_image_sizes=&#8220;medium_large&#8220; dsm_column_gap=&#8220;15px&#8220; dsm_row_gap=&#8220;15px&#8220; dsm_show_filterable_gallery=&#8220;off&#8220; dsm_show_description=&#8220;on&#8220; dsm_use_lightbox=&#8220;on&#8220; dsm_show_title_lightbox=&#8220;on&#8220; dsm_show_caption_lightbox=&#8220;on&#8220; dsm_card_bg_color=&#8220;RGBA(255,255,255,0)&#8220; dsm_number_of_columns_tablet=&#8220;2&#8243; dsm_number_of_columns_phone=&#8220;2&#8243; dsm_number_of_columns_last_edited=&#8220;on|desktop&#8220; disabled_on=&#8220;off|off|off&#8220; _builder_version=&#8220;4.23.3&#8243; _module_preset=&#8220;default&#8220; dsm_description_text_color=&#8220;#999999&#8243; dsm_description_font_size=&#8220;80%&#8220; dsm_description_line_height=&#8220;1.2em&#8220; hover_enabled=&#8220;0&#8243; border_width_all_dsm_image_border=&#8220;1px&#8220; border_color_all_dsm_image_border=&#8220;#cc0000&#8243; locked=&#8220;off&#8220; global_colors_info=&#8220;{}&#8220; sticky_enabled=&#8220;0&#8243;][\/dsm_filterable_gallery][\/et_pb_column][\/et_pb_row][\/et_pb_section][et_pb_section fb_built=&#8220;1&#8243; _builder_version=&#8220;4.23.1&#8243; _module_preset=&#8220;default&#8220; box_shadow_style=&#8220;preset3&#8243; collapsed=&#8220;off&#8220; global_colors_info=&#8220;{}&#8220;][et_pb_row column_structure=&#8220;1_2,1_2&#8243; _builder_version=&#8220;4.23.1&#8243; _module_preset=&#8220;default&#8220; global_colors_info=&#8220;{}&#8220;][et_pb_column type=&#8220;1_2&#8243; _builder_version=&#8220;4.23.1&#8243; _module_preset=&#8220;default&#8220; global_colors_info=&#8220;{}&#8220;][et_pb_text ul_type=&#8220;square&#8220; admin_label=&#8220;Text &#8211; Headline R\u00fcckbau und Sanierung&#8220; _builder_version=&#8220;4.23.3&#8243; _module_preset=&#8220;default&#8220; header_3_font=&#8220;|600|||||||&#8220; header_3_text_color=&#8220;#cc0000&#8243; header_3_font_size=&#8220;24px&#8220; header_4_font=&#8220;|700|||||||&#8220; header_4_text_color=&#8220;#cc0000&#8243; header_4_font_size=&#8220;17px&#8220; locked=&#8220;off&#8220; global_colors_info=&#8220;{}&#8220;]<\/p>\n<h4>R\u00fcckbau und Sanierung<\/h4>\n<p>[\/et_pb_text][et_pb_text ul_type=&#8220;square&#8220; admin_label=&#8220;Text &#8211; Intro&#8220; _builder_version=&#8220;4.23.2&#8243; _module_preset=&#8220;default&#8220; header_3_font=&#8220;|600|||||||&#8220; header_3_text_color=&#8220;#cc0000&#8243; header_3_font_size=&#8220;24px&#8220; header_4_font=&#8220;|700|||||||&#8220; header_4_text_color=&#8220;#cc0000&#8243; header_4_font_size=&#8220;17px&#8220; global_colors_info=&#8220;{}&#8220;]<\/p>\n<p>Wir identifizieren und bewerten Geb\u00e4udeschadstoffe und planen f\u00fcr Sie den Geb\u00e4uder\u00fcckbau inkl. Abfallverwertungskonzept, Abbruchausschreibung und Planung der erforderlichen Arbeitsschutzma\u00dfnahmen gem\u00e4\u00df den gesetzlichen Regeln f\u00fcr Arbeiten in kontaminierten Bereichen sowie Asbest-Abbruch und Sanierungsarbeiten.<\/p>\n<p>[\/et_pb_text][\/et_pb_column][et_pb_column type=&#8220;1_2&#8243; _builder_version=&#8220;4.23.1&#8243; _module_preset=&#8220;default&#8220; global_colors_info=&#8220;{}&#8220;][dsm_filterable_gallery gallery_ids=&#8220;2189,2193&#8243; dsm_number_of_columns=&#8220;2&#8243; dsm_image_sizes=&#8220;medium_large&#8220; dsm_column_gap=&#8220;15px&#8220; dsm_row_gap=&#8220;15px&#8220; dsm_show_filterable_gallery=&#8220;off&#8220; dsm_show_description=&#8220;on&#8220; dsm_use_lightbox=&#8220;on&#8220; dsm_show_title_lightbox=&#8220;on&#8220; dsm_show_caption_lightbox=&#8220;on&#8220; dsm_card_bg_color=&#8220;RGBA(255,255,255,0)&#8220; dsm_number_of_columns_tablet=&#8220;2&#8243; dsm_number_of_columns_phone=&#8220;2&#8243; dsm_number_of_columns_last_edited=&#8220;on|desktop&#8220; disabled_on=&#8220;off|off|off&#8220; _builder_version=&#8220;4.23.3&#8243; _module_preset=&#8220;default&#8220; dsm_description_text_color=&#8220;#999999&#8243; dsm_description_font_size=&#8220;80%&#8220; dsm_description_line_height=&#8220;1.2em&#8220; border_width_all_dsm_image_border=&#8220;1px&#8220; border_color_all_dsm_image_border=&#8220;#cc0000&#8243; locked=&#8220;off&#8220; global_colors_info=&#8220;{}&#8220;][\/dsm_filterable_gallery][\/et_pb_column][\/et_pb_row][\/et_pb_section][et_pb_section fb_built=&#8220;1&#8243; _builder_version=&#8220;4.23.1&#8243; _module_preset=&#8220;default&#8220; background_color=&#8220;#f0f0f0&#8243; collapsed=&#8220;off&#8220; global_colors_info=&#8220;{}&#8220;][et_pb_row _builder_version=&#8220;4.23.1&#8243; _module_preset=&#8220;default&#8220; global_colors_info=&#8220;{}&#8220;][et_pb_column type=&#8220;4_4&#8243; _builder_version=&#8220;4.23.1&#8243; _module_preset=&#8220;default&#8220; global_colors_info=&#8220;{}&#8220;][et_pb_text ul_type=&#8220;square&#8220; admin_label=&#8220;Text &#8211; Headline &#8211; Bulletpoints&#8220; _builder_version=&#8220;4.23.2&#8243; _module_preset=&#8220;default&#8220; header_3_font=&#8220;|600|||||||&#8220; header_3_text_color=&#8220;#cc0000&#8243; header_3_font_size=&#8220;24px&#8220; header_4_font=&#8220;|700|||||||&#8220; header_4_text_color=&#8220;#cc0000&#8243; header_4_font_size=&#8220;17px&#8220; global_colors_info=&#8220;{}&#8220;]<\/p>\n<h4>Unsere Portfolio<\/h4>\n<p>[\/et_pb_text][\/et_pb_column][\/et_pb_row][et_pb_row column_structure=&#8220;1_2,1_2&#8243; _builder_version=&#8220;4.23.1&#8243; _module_preset=&#8220;default&#8220; global_colors_info=&#8220;{}&#8220;][et_pb_column type=&#8220;1_2&#8243; _builder_version=&#8220;4.23.1&#8243; _module_preset=&#8220;default&#8220; global_colors_info=&#8220;{}&#8220;][et_pb_text ul_type=&#8220;square&#8220; admin_label=&#8220;Text &#8211; Bulletpoints 1&#8243; _builder_version=&#8220;4.23.2&#8243; _module_preset=&#8220;default&#8220; header_3_font=&#8220;|600|||||||&#8220; header_3_text_color=&#8220;#cc0000&#8243; header_3_font_size=&#8220;24px&#8220; header_4_font=&#8220;|700|||||||&#8220; header_4_text_color=&#8220;#cc0000&#8243; header_4_font_size=&#8220;17px&#8220; locked=&#8220;off&#8220; global_colors_info=&#8220;{}&#8220;]<\/p>\n<ul>\n<li>Bodenschutzkonzepte nach DIN 19639 f\u00fcr Bauma\u00dfnahmen.<\/li>\n<li>LAGA-PN98-konforme Beprobung von Bodenaushub<\/li>\n<li>Bewertung von Bodenaushub hinsichtlich seiner geotechnischen und abfallrechtlichen Eignung<\/li>\n<li>Erstellung von Verwertungskonzepten gem\u00e4\u00df Ersatzbaustoffverordnung (EBV) und Bundesbodenschutzverordnung (BBodSchV)<\/li>\n<\/ul>\n<p>[\/et_pb_text][\/et_pb_column][et_pb_column type=&#8220;1_2&#8243; _builder_version=&#8220;4.23.1&#8243; _module_preset=&#8220;default&#8220; global_colors_info=&#8220;{}&#8220;][et_pb_text ul_type=&#8220;square&#8220; admin_label=&#8220;Text &#8211; Bulletpoints 2&#8243; _builder_version=&#8220;4.23.3&#8243; _module_preset=&#8220;default&#8220; header_3_font=&#8220;|600|||||||&#8220; header_3_text_color=&#8220;#cc0000&#8243; header_3_font_size=&#8220;24px&#8220; header_4_font=&#8220;|700|||||||&#8220; header_4_text_color=&#8220;#cc0000&#8243; header_4_font_size=&#8220;17px&#8220; locked=&#8220;off&#8220; global_colors_info=&#8220;{}&#8220;]<\/p>\n<ul>\n<li>Identifikation und Bewertung von Geb\u00e4udeschadstoffen (Asbest, KMF etc.)<\/li>\n<li>Erstellung von Geba\u0308udeschadstoffkatastern<\/li>\n<li>Planung von R\u00fcckbauma\u00dfnahmen inkl. Erstellung der Leistungsverzeichnisse und Ausf\u00fchrung der \u00f6rtlichen Bau\u00fcberwachung<\/li>\n<li>Planung von Arbeitsschutzma\u00dfnahmen<\/li>\n<\/ul>\n<p>[\/et_pb_text][\/et_pb_column][\/et_pb_row][et_pb_row column_structure=&#8220;1_5,3_5,1_5&#8243; disabled_on=&#8220;on|on|on&#8220; _builder_version=&#8220;4.23.1&#8243; _module_preset=&#8220;default&#8220; disabled=&#8220;on&#8220; collapsed=&#8220;off&#8220; global_colors_info=&#8220;{}&#8220;][et_pb_column type=&#8220;1_5&#8243; _builder_version=&#8220;4.23.1&#8243; _module_preset=&#8220;default&#8220; global_colors_info=&#8220;{}&#8220;][\/et_pb_column][et_pb_column type=&#8220;3_5&#8243; _builder_version=&#8220;4.23.1&#8243; _module_preset=&#8220;default&#8220; global_colors_info=&#8220;{}&#8220;][et_pb_text _builder_version=&#8220;4.23.2&#8243; _module_preset=&#8220;default&#8220; text_text_color=&#8220;#cccccc&#8220; global_colors_info=&#8220;{}&#8220;]<\/p>\n<p><em>Bitte beachten Sie: W\u00e4hrend wir unser technisches und konzeptionelles Portfolio europaweit realisieren, werden Leistungen, die sich auf spezifische gesetzliche Grundlagen beziehen (z. B. Abfallrecht), von uns nur in Deutschland angeboten.<\/em><\/p>\n<p>[\/et_pb_text][\/et_pb_column][et_pb_column type=&#8220;1_5&#8243; _builder_version=&#8220;4.23.1&#8243; _module_preset=&#8220;default&#8220; global_colors_info=&#8220;{}&#8220;][\/et_pb_column][\/et_pb_row][\/et_pb_section]<\/p>\n","protected":false},"excerpt":{"rendered":"<p>Boden, Abfall, SchadstoffeKonzeptionelle, beratende und gutachterliche T\u00e4tigkeiten und die dazu erforderlichen Leistungen zur konformen Beprobung von Boden und Bausubstanz erhalten Sie bei uns aus einer Hand. Aufgrund unserer interdisziplin\u00e4ren Expertise und langj\u00e4hrigen Erfahrung k\u00f6nnen wir Sie umfassend und auf einem qualitativ hochwertigen Niveau beraten.Die erforderlichen Probenahmen werden von GEOsens zuverl\u00e4ssig und regelkonform ausgef\u00fchrt. Durch unsere Zusammenarbeit mit renommierten Analysenlaboren k\u00f6nnen wir sicherstellen, dass pr\u00e4zise und belastbare Analysenergebnisse verf\u00fcgbar sind. Die f\u00fcr unsere Kunden wichtigen Zeitfenster verlieren wir dabei nie aus dem Blick.<div class=\"et_pb_with_border et_pb_module dsm_filterable_gallery dsm_filterable_gallery_0\">\n\t\t\t\t\n\t\t\t\t\n\t\t\t\t\n\t\t\t\t\n\t\t\t\t\n\t\t\t\t\n\t\t\t\t<div class=\"et_pb_module_inner\">\n\t\t\t\t\t<div class=\"dsm-filterable-gallery-container \" data-paginationtype=\"load_more\" data-currentpage=\"1\" data-per_page=\"10\" data-use_lightbox=\"on\" data-totalpages=\"1\" data-speed=\"250\" data-showpagination=\"off\">\n\t\t\t  \t \n\t\t      <div class=\"dsm-filterable-gallery-inner-container \">\n\t\t\t  \t<div class=\"dsm-filterable-gallery-item\" data-mfp-src=\"https:\/\/k-geosens.beebox.de\/info\/wp-content\/uploads\/2023\/12\/GEOsens-800x600-Content-AnalyseBewertungGutachten-Foto01-Bohrkern1-768x576.jpg\" data-inpage=\"1\" data-groups=\"all\" data-lightbox_title=\"Bohrkern\" data-lightbox_caption=\"Foto: GEOsens GmbH\" >\n\t\t\t\t\t\t\t<div class=\"dsm-filterable-gallery-inner-item\">\n\t\t\t\t\t\t\t  <div class=\"dsm-filterable-gallery-image-wrapper\"><img decoding=\"async\" src=\"https:\/\/k-geosens.beebox.de\/info\/wp-content\/uploads\/2023\/12\/GEOsens-800x600-Content-AnalyseBewertungGutachten-Foto01-Bohrkern1-768x576.jpg\" title=\"Bohrkern\" alt=\"Bohrkern\" class=\"skip-lazy\" \/><\/div>\n\t\t\t\t\t\t\t  <div class=\"dsm-filterable-gallery-content-wrapper\">  <div class=\"dsm-description\">Bohrkern<\/div><\/div>\n\t\t\t\t\t\t\t<\/div>\n\t\t\t\t\t\t<\/div> \n\t\t\t\t\t<div class=\"dsm-filterable-gallery-item\" data-mfp-src=\"https:\/\/k-geosens.beebox.de\/info\/wp-content\/uploads\/2023\/12\/GEOsens-800x600-Content-AnalyseBewertungGutachten-Foto08-Fuge-768x576.jpg\" data-inpage=\"1\" data-groups=\"all\" data-lightbox_title=\"Probe von Fuge\" data-lightbox_caption=\"Foto: GEOsens GmbH\" >\n\t\t\t\t\t\t\t<div class=\"dsm-filterable-gallery-inner-item\">\n\t\t\t\t\t\t\t  <div class=\"dsm-filterable-gallery-image-wrapper\"><img decoding=\"async\" src=\"https:\/\/k-geosens.beebox.de\/info\/wp-content\/uploads\/2023\/12\/GEOsens-800x600-Content-AnalyseBewertungGutachten-Foto08-Fuge-768x576.jpg\" title=\"Probe von Fuge\" alt=\"Probe von Fuge\" class=\"skip-lazy\" \/><\/div>\n\t\t\t\t\t\t\t  <div class=\"dsm-filterable-gallery-content-wrapper\">  <div class=\"dsm-description\">Probe von Fuge<\/div><\/div>\n\t\t\t\t\t\t\t<\/div>\n\t\t\t\t\t\t<\/div> \n\t\t\t\t\t<div class=\"dsm-filterable-gallery-item\" data-mfp-src=\"https:\/\/k-geosens.beebox.de\/info\/wp-content\/uploads\/2023\/12\/GEOsens-800x600-Content-AnalyseBewertungGutachten-Foto05-Bauschuttproben-768x576.jpg\" data-inpage=\"1\" data-groups=\"all\" data-lightbox_title=\"Bauschuttproben\" data-lightbox_caption=\"Foto: GEOsens GmbH\" >\n\t\t\t\t\t\t\t<div class=\"dsm-filterable-gallery-inner-item\">\n\t\t\t\t\t\t\t  <div class=\"dsm-filterable-gallery-image-wrapper\"><img decoding=\"async\" src=\"https:\/\/k-geosens.beebox.de\/info\/wp-content\/uploads\/2023\/12\/GEOsens-800x600-Content-AnalyseBewertungGutachten-Foto05-Bauschuttproben-768x576.jpg\" title=\"Bauschuttproben\" alt=\"Bauschuttproben\" class=\"skip-lazy\" \/><\/div>\n\t\t\t\t\t\t\t  <div class=\"dsm-filterable-gallery-content-wrapper\">  <div class=\"dsm-description\">Bauschuttproben<\/div><\/div>\n\t\t\t\t\t\t\t<\/div>\n\t\t\t\t\t\t<\/div> \n\t\t\t\t\t<div class=\"dsm-filterable-gallery-item\" data-mfp-src=\"https:\/\/k-geosens.beebox.de\/info\/wp-content\/uploads\/2023\/12\/GEOsens-800x600-Content-AnalyseBewertungGutachten-Foto06-Bodenmischprobe-768x576.jpg\" data-inpage=\"1\" data-groups=\"all\" data-lightbox_title=\"Bodenmischprobe\" data-lightbox_caption=\"Foto: GEOsens GmbH\" >\n\t\t\t\t\t\t\t<div class=\"dsm-filterable-gallery-inner-item\">\n\t\t\t\t\t\t\t  <div class=\"dsm-filterable-gallery-image-wrapper\"><img decoding=\"async\" src=\"https:\/\/k-geosens.beebox.de\/info\/wp-content\/uploads\/2023\/12\/GEOsens-800x600-Content-AnalyseBewertungGutachten-Foto06-Bodenmischprobe-768x576.jpg\" title=\"Bodenmischprobe\" alt=\"Bodenmischprobe\" class=\"skip-lazy\" \/><\/div>\n\t\t\t\t\t\t\t  <div class=\"dsm-filterable-gallery-content-wrapper\">  <div class=\"dsm-description\">Bodenmischprobe<\/div><\/div>\n\t\t\t\t\t\t\t<\/div>\n\t\t\t\t\t\t<\/div> \n\t\t\t\t\t \n\t\t\t  <\/div>\n\t\t\t  \n\t\t\t  \n\t\t   <\/div>\n\t\t\n\t\t\t\t<\/div>\n\t\t\t<\/div>R\u00fcckbau und SanierungWir identifizieren und bewerten Geb\u00e4udeschadstoffe und planen f\u00fcr Sie den Geb\u00e4uder\u00fcckbau inkl. Abfallverwertungskonzept, Abbruchausschreibung und Planung der erforderlichen Arbeitsschutzma\u00dfnahmen gem\u00e4\u00df den gesetzlichen Regeln f\u00fcr Arbeiten in kontaminierten Bereichen sowie Asbest-Abbruch und Sanierungsarbeiten.<div class=\"et_pb_with_border et_pb_module dsm_filterable_gallery dsm_filterable_gallery_1\">\n\t\t\t\t\n\t\t\t\t\n\t\t\t\t\n\t\t\t\t\n\t\t\t\t\n\t\t\t\t\n\t\t\t\t<div class=\"et_pb_module_inner\">\n\t\t\t\t\t<div class=\"dsm-filterable-gallery-container \" data-paginationtype=\"load_more\" data-currentpage=\"1\" data-per_page=\"10\" data-use_lightbox=\"on\" data-totalpages=\"1\" data-speed=\"250\" data-showpagination=\"off\">\n\t\t\t  \t \n\t\t      <div class=\"dsm-filterable-gallery-inner-container \">\n\t\t\t  \t<div class=\"dsm-filterable-gallery-item\" data-mfp-src=\"https:\/\/k-geosens.beebox.de\/info\/wp-content\/uploads\/2023\/12\/GEOsens-800x600-Content-AnalyseBewertungGutachten-Foto03-KB-Technik-768x576.jpg\" data-inpage=\"1\" data-groups=\"all\" data-lightbox_title=\"KB-Technik\" data-lightbox_caption=\"Foto: GEOsens GmbH\" >\n\t\t\t\t\t\t\t<div class=\"dsm-filterable-gallery-inner-item\">\n\t\t\t\t\t\t\t  <div class=\"dsm-filterable-gallery-image-wrapper\"><img decoding=\"async\" src=\"https:\/\/k-geosens.beebox.de\/info\/wp-content\/uploads\/2023\/12\/GEOsens-800x600-Content-AnalyseBewertungGutachten-Foto03-KB-Technik-768x576.jpg\" title=\"KB-Technik\" alt=\"KB-Technik\" class=\"skip-lazy\" \/><\/div>\n\t\t\t\t\t\t\t  <div class=\"dsm-filterable-gallery-content-wrapper\">  <div class=\"dsm-description\">KB-Technik<\/div><\/div>\n\t\t\t\t\t\t\t<\/div>\n\t\t\t\t\t\t<\/div> \n\t\t\t\t\t<div class=\"dsm-filterable-gallery-item\" data-mfp-src=\"https:\/\/k-geosens.beebox.de\/info\/wp-content\/uploads\/2023\/12\/GEOsens-800x600-Content-AnalyseBewertungGutachten-Foto07-Baggerschurf-768x576.jpg\" data-inpage=\"1\" data-groups=\"all\" data-lightbox_title=\"Baggerschurf\" data-lightbox_caption=\"Foto: GEOsens GmbH\" >\n\t\t\t\t\t\t\t<div class=\"dsm-filterable-gallery-inner-item\">\n\t\t\t\t\t\t\t  <div class=\"dsm-filterable-gallery-image-wrapper\"><img decoding=\"async\" src=\"https:\/\/k-geosens.beebox.de\/info\/wp-content\/uploads\/2023\/12\/GEOsens-800x600-Content-AnalyseBewertungGutachten-Foto07-Baggerschurf-768x576.jpg\" title=\"Baggerschurf\" alt=\"Baggerschurf\" class=\"skip-lazy\" \/><\/div>\n\t\t\t\t\t\t\t  <div class=\"dsm-filterable-gallery-content-wrapper\">  <div class=\"dsm-description\">Baggerschurf<\/div><\/div>\n\t\t\t\t\t\t\t<\/div>\n\t\t\t\t\t\t<\/div> \n\t\t\t\t\t \n\t\t\t  <\/div>\n\t\t\t  \n\t\t\t  \n\t\t   <\/div>\n\t\t\n\t\t\t\t<\/div>\n\t\t\t<\/div>Unsere Portfolio Bodenschutzkonzepte nach DIN 19639 f\u00fcr Bauma\u00dfnahmen. LAGA-PN98-konforme Beprobung von Bodenaushub Bewertung von Bodenaushub hinsichtlich seiner geotechnischen und abfallrechtlichen Eignung Erstellung von Verwertungskonzepten gem\u00e4\u00df Ersatzbaustoffverordnung (EBV) und Bundesbodenschutzverordnung (BBodSchV) Identifikation und Bewertung von Geb\u00e4udeschadstoffen (Asbest, [&hellip;]<\/p>\n","protected":false},"author":1,"featured_media":0,"parent":147,"menu_order":3,"comment_status":"closed","ping_status":"closed","template":"","meta":{"_et_pb_use_builder":"on","_et_pb_old_content":"","_et_gb_content_width":"","footnotes":""},"class_list":["post-181","page","type-page","status-publish","hentry"],"_links":{"self":[{"href":"https:\/\/k-geosens.beebox.de\/info\/wp-json\/wp\/v2\/pages\/181","targetHints":{"allow":["GET"]}}],"collection":[{"href":"https:\/\/k-geosens.beebox.de\/info\/wp-json\/wp\/v2\/pages"}],"about":[{"href":"https:\/\/k-geosens.beebox.de\/info\/wp-json\/wp\/v2\/types\/page"}],"author":[{"embeddable":true,"href":"https:\/\/k-geosens.beebox.de\/info\/wp-json\/wp\/v2\/users\/1"}],"replies":[{"embeddable":true,"href":"https:\/\/k-geosens.beebox.de\/info\/wp-json\/wp\/v2\/comments?post=181"}],"version-history":[{"count":10,"href":"https:\/\/k-geosens.beebox.de\/info\/wp-json\/wp\/v2\/pages\/181\/revisions"}],"predecessor-version":[{"id":2202,"href":"https:\/\/k-geosens.beebox.de\/info\/wp-json\/wp\/v2\/pages\/181\/revisions\/2202"}],"up":[{"embeddable":true,"href":"https:\/\/k-geosens.beebox.de\/info\/wp-json\/wp\/v2\/pages\/147"}],"wp:attachment":[{"href":"https:\/\/k-geosens.beebox.de\/info\/wp-json\/wp\/v2\/media?parent=181"}],"curies":[{"name":"wp","href":"https:\/\/api.w.org\/{rel}","templated":true}]}}