{"id":207,"date":"2023-10-25T18:05:39","date_gmt":"2023-10-25T16:05:39","guid":{"rendered":"https:\/\/k-geosens.beebox.de\/info\/geotechnik-umwelt-diagnostik\/umweltmonitoring\/"},"modified":"2023-12-15T12:24:22","modified_gmt":"2023-12-15T11:24:22","slug":"umweltmonitoring","status":"publish","type":"page","link":"https:\/\/k-geosens.beebox.de\/info\/geotechnik-umwelt-diagnostik\/umweltmonitoring\/","title":{"rendered":"Umweltmonitoring"},"content":{"rendered":"<p>[et_pb_section fb_built=&#8220;1&#8243; fullwidth=&#8220;on&#8220; admin_label=&#8220;Sektion Topmotiv&#8220; _builder_version=&#8220;4.23&#8243; _module_preset=&#8220;default&#8220; locked=&#8220;off&#8220; global_colors_info=&#8220;{}&#8220;][et_pb_fullwidth_header title=&#8220;Umweltmonitoring&#8220; subhead=&#8220;Agrarmeteorologie, Grundwasser, Georisiken&#8220; header_fullscreen=&#8220;on&#8220; header_scroll_down=&#8220;on&#8220; admin_label=&#8220;Fullwidth Header&#8220; _builder_version=&#8220;4.23.1&#8243; _module_preset=&#8220;default&#8220; title_font=&#8220;|600|||||||&#8220; title_font_size=&#8220;48px&#8220; subhead_font_size=&#8220;24px&#8220; background_image=&#8220;https:\/\/k-geosens.beebox.de\/info\/wp-content\/uploads\/2023\/11\/GEOsens-1920&#215;1200-iStock-519420084-Boden-Sproessling-Regen-tuk69tuk.jpg&#8220; parallax=&#8220;on&#8220; parallax_method=&#8220;on&#8220; title_font_size_tablet=&#8220;40px&#8220; title_font_size_phone=&#8220;34px&#8220; title_font_size_last_edited=&#8220;on|phone&#8220; subhead_font_size_tablet=&#8220;20px&#8220; subhead_font_size_phone=&#8220;20px&#8220; subhead_font_size_last_edited=&#8220;on|desktop&#8220; custom_css_title=&#8220;max-width:850px;&#8220; text_shadow_style=&#8220;preset1&#8243; text_shadow_horizontal_length=&#8220;0.15em&#8220; text_shadow_vertical_length=&#8220;0.2em&#8220; text_shadow_blur_strength=&#8220;0.2em&#8220; text_shadow_color=&#8220;rgba(0,0,0,0.6)&#8220; global_colors_info=&#8220;{}&#8220;][\/et_pb_fullwidth_header][\/et_pb_section][et_pb_section fb_built=&#8220;1&#8243; admin_label=&#8220;Sektion Intro&#8220; _builder_version=&#8220;4.23.1&#8243; _module_preset=&#8220;default&#8220; background_color=&#8220;#f0f0f0&#8243; box_shadow_style=&#8220;preset3&#8243; locked=&#8220;off&#8220; global_colors_info=&#8220;{}&#8220;][et_pb_row column_structure=&#8220;1_2,1_2&#8243; admin_label=&#8220;Zeile Intro&#8220; _builder_version=&#8220;4.23&#8243; _module_preset=&#8220;default&#8220; global_colors_info=&#8220;{}&#8220;][et_pb_column type=&#8220;1_2&#8243; _builder_version=&#8220;4.23&#8243; _module_preset=&#8220;default&#8220; global_colors_info=&#8220;{}&#8220;][et_pb_text ul_type=&#8220;square&#8220; admin_label=&#8220;Text &#8211; Intro 1&#8243; _builder_version=&#8220;4.23.1&#8243; _module_preset=&#8220;default&#8220; header_4_font=&#8220;|700|||||||&#8220; header_4_text_color=&#8220;#cc0000&#8243; header_4_font_size=&#8220;17px&#8220; global_colors_info=&#8220;{}&#8220;]<\/p>\n<p>Unter dem Begriff &#8222;Umwelt&#8220; verstehen wir bei GEOsens nicht nur Boden, Luft und Wasser, sondern dar\u00fcber hinaus auch Bauwerke, Verkehrs- und Nutzfl\u00e4chen. Entsprechend individuell und komplex k\u00f6nnen die mess- und datentechnischen Anforderungen sein. GEOsens hat umfangreiche Kenntnisse und Erfahrung in der kompletten Bandbreite dieses Bereichs.<\/p>\n<p>[\/et_pb_text][\/et_pb_column][et_pb_column type=&#8220;1_2&#8243; _builder_version=&#8220;4.23&#8243; _module_preset=&#8220;default&#8220; global_colors_info=&#8220;{}&#8220;][et_pb_text ul_type=&#8220;square&#8220; admin_label=&#8220;Text &#8211; Intro 2&#8243; _builder_version=&#8220;4.23.1&#8243; _module_preset=&#8220;default&#8220; header_4_font=&#8220;|700|||||||&#8220; header_4_text_color=&#8220;#cc0000&#8243; header_4_font_size=&#8220;17px&#8220; global_colors_info=&#8220;{}&#8220;]<\/p>\n<p>Um Ihnen einen ersten \u00dcberblick zu unseren Leistungen zu bieten, stellen wir Ihnen nachfolgend einige der h\u00e4ufigeren Aufgaben vor. Besonders jedoch bei Projekten, die nicht in ein Standardprozedere passen, k\u00f6nnen wir unsere St\u00e4rken zeigen. Fragen Sie uns, wenn Sie passgenaue und kreative L\u00f6sungen suchen.<\/p>\n<p>[\/et_pb_text][\/et_pb_column][\/et_pb_row][\/et_pb_section][et_pb_section fb_built=&#8220;1&#8243; admin_label=&#8220;Sektion Leistungen&#8220; _builder_version=&#8220;4.23&#8243; _module_preset=&#8220;default&#8220; global_colors_info=&#8220;{}&#8220;][et_pb_row column_structure=&#8220;1_2,1_2&#8243; _builder_version=&#8220;4.23&#8243; _module_preset=&#8220;default&#8220; global_colors_info=&#8220;{}&#8220;][et_pb_column type=&#8220;1_2&#8243; _builder_version=&#8220;4.23&#8243; _module_preset=&#8220;default&#8220; global_colors_info=&#8220;{}&#8220;][dsm_filterable_gallery gallery_ids=&#8220;1747,1738&#8243; dsm_number_of_columns=&#8220;2&#8243; dsm_image_sizes=&#8220;medium_large&#8220; dsm_column_gap=&#8220;15px&#8220; dsm_row_gap=&#8220;15px&#8220; dsm_show_filterable_gallery=&#8220;off&#8220; dsm_show_description=&#8220;on&#8220; dsm_use_lightbox=&#8220;on&#8220; dsm_show_title_lightbox=&#8220;on&#8220; dsm_show_caption_lightbox=&#8220;on&#8220; dsm_card_bg_color=&#8220;RGBA(255,255,255,0)&#8220; dsm_number_of_columns_tablet=&#8220;2&#8243; dsm_number_of_columns_phone=&#8220;2&#8243; dsm_number_of_columns_last_edited=&#8220;on|desktop&#8220; _builder_version=&#8220;4.23.1&#8243; _module_preset=&#8220;default&#8220; dsm_description_text_color=&#8220;#999999&#8243; dsm_description_font_size=&#8220;80%&#8220; dsm_description_line_height=&#8220;1.2em&#8220; global_colors_info=&#8220;{}&#8220; disabled_on=&#8220;off|off|off&#8220; border_width_all_dsm_image_border=&#8220;1px&#8220; border_color_all_dsm_image_border=&#8220;#cc0000&#8243;][\/dsm_filterable_gallery][et_pb_text ul_type=&#8220;square&#8220; admin_label=&#8220;Text &#8211; Mess- und Alarmsysteme f\u00fcr Georisiken&#8220; _builder_version=&#8220;4.23.1&#8243; _module_preset=&#8220;default&#8220; header_4_font=&#8220;|700|||||||&#8220; header_4_text_color=&#8220;#cc0000&#8243; header_4_font_size=&#8220;17px&#8220; global_colors_info=&#8220;{}&#8220;]<\/p>\n<h4>Mess- und Alarmsysteme f\u00fcr Georisiken<\/h4>\n<p>In den intensiv genutzten Landschaften Mitteleuropas ist es nicht immer m\u00f6glich, Risiken einfach aus dem Weg zu gehen. Rutschungen, Felsst\u00fcrze und \u00dcberschwemmungen drohen in Mittelgebirgen ebenso wie in den Alpen.<\/p>\n<p>Wir planen, bauen und betreiben Mess- und Alarmsystem f\u00fcr alle Arten von Umweltgefahren. Das beginnt beim einfachen Vorwarnsystem f\u00fcr die \u00dcberflutung eines Kellers. Aber auch komplexe Bauvorhaben, bei der Stra\u00dfe und Schiene im Alarmfalle automatisch gesperrt werden m\u00fcssen, konnten wir erfolgreich umsetzen. Wir k\u00fcmmern uns um die Technik, die Telekommunikation sowie die Montage \u2013 auch am steilen Fels. Ein von uns konzipierter Alarmplan regelt dann die Vorgehensweisen f\u00fcr den Fall, der hoffentlich nicht eintritt.<\/p>\n<p>Sie finden Beispiele unter der Rubrik \u201e<a href=\"https:\/\/k-geosens.beebox.de\/info\/projekte-referenzen\/\">Projekte<\/a>\u201c.<\/p>\n<p>[\/et_pb_text][\/et_pb_column][et_pb_column type=&#8220;1_2&#8243; _builder_version=&#8220;4.23&#8243; _module_preset=&#8220;default&#8220; global_colors_info=&#8220;{}&#8220;][dsm_filterable_gallery gallery_ids=&#8220;1697,1696&#8243; dsm_number_of_columns=&#8220;2&#8243; dsm_image_sizes=&#8220;medium_large&#8220; dsm_column_gap=&#8220;15px&#8220; dsm_row_gap=&#8220;15px&#8220; dsm_show_filterable_gallery=&#8220;off&#8220; dsm_show_description=&#8220;on&#8220; dsm_use_lightbox=&#8220;on&#8220; dsm_show_title_lightbox=&#8220;on&#8220; dsm_show_caption_lightbox=&#8220;on&#8220; dsm_card_bg_color=&#8220;RGBA(255,255,255,0)&#8220; dsm_number_of_columns_tablet=&#8220;2&#8243; dsm_number_of_columns_phone=&#8220;2&#8243; dsm_number_of_columns_last_edited=&#8220;on|desktop&#8220; _builder_version=&#8220;4.23.1&#8243; _module_preset=&#8220;default&#8220; dsm_description_text_color=&#8220;#999999&#8243; dsm_description_font_size=&#8220;80%&#8220; dsm_description_line_height=&#8220;1.2em&#8220; global_colors_info=&#8220;{}&#8220; disabled_on=&#8220;off|off|off&#8220; border_width_all_dsm_image_border=&#8220;1px&#8220; border_color_all_dsm_image_border=&#8220;#cc0000&#8243;][\/dsm_filterable_gallery][et_pb_text ul_type=&#8220;square&#8220; admin_label=&#8220;Text &#8211; Grundwassermonitoring&#8220; _builder_version=&#8220;4.23.1&#8243; _module_preset=&#8220;default&#8220; header_4_font=&#8220;|700|||||||&#8220; header_4_text_color=&#8220;#cc0000&#8243; header_4_font_size=&#8220;17px&#8220; global_colors_info=&#8220;{}&#8220;]<\/p>\n<h4>Grundwassermonitoring<\/h4>\n<p>Im Rahmen von Grundwassernutzung \u2013 sei es zu industriellen Zecken oder als Trinkwasser \u2013 gilt es zunehmend, neben der reinen Entnahme auch die Entwicklung im Umfeld im Blick zu haben. Bei gr\u00f6\u00dferen Bauvorhaben, die ins Grundwasser eingreifen, ist dies meist zwingend erforderlich.<\/p>\n<p>GEOsens liefert und betreibt die Messtechnik und stellt f\u00fcr Sie die Daten bereit. Dazu geh\u00f6ren automatische Benachrichtigungen zum Beispiel bei starkem Anstieg oder Absinken des Grundwasserspiegels oder Ausfall von Pumpen. Und falls erforderlich modellieren wir zuvor den Aquifer.<\/p>\n<p>[\/et_pb_text][\/et_pb_column][\/et_pb_row][et_pb_row column_structure=&#8220;1_2,1_2&#8243; _builder_version=&#8220;4.23&#8243; _module_preset=&#8220;default&#8220; global_colors_info=&#8220;{}&#8220;][et_pb_column type=&#8220;1_2&#8243; _builder_version=&#8220;4.23&#8243; _module_preset=&#8220;default&#8220; global_colors_info=&#8220;{}&#8220;][dsm_filterable_gallery gallery_ids=&#8220;1701,1698&#8243; dsm_number_of_columns=&#8220;2&#8243; dsm_image_sizes=&#8220;medium_large&#8220; dsm_column_gap=&#8220;15px&#8220; dsm_row_gap=&#8220;15px&#8220; dsm_show_filterable_gallery=&#8220;off&#8220; dsm_show_description=&#8220;on&#8220; dsm_use_lightbox=&#8220;on&#8220; dsm_show_title_lightbox=&#8220;on&#8220; dsm_show_caption_lightbox=&#8220;on&#8220; dsm_card_bg_color=&#8220;RGBA(255,255,255,0)&#8220; dsm_number_of_columns_tablet=&#8220;2&#8243; dsm_number_of_columns_phone=&#8220;2&#8243; dsm_number_of_columns_last_edited=&#8220;on|desktop&#8220; _builder_version=&#8220;4.23.1&#8243; _module_preset=&#8220;default&#8220; dsm_description_text_color=&#8220;#999999&#8243; dsm_description_font_size=&#8220;80%&#8220; dsm_description_line_height=&#8220;1.2em&#8220; global_colors_info=&#8220;{}&#8220; disabled_on=&#8220;off|off|off&#8220; border_width_all_dsm_image_border=&#8220;1px&#8220; border_color_all_dsm_image_border=&#8220;#cc0000&#8243;][\/dsm_filterable_gallery][et_pb_text ul_type=&#8220;square&#8220; admin_label=&#8220;Text &#8211; Schadstoff-Monitoring&#8220; _builder_version=&#8220;4.23.1&#8243; _module_preset=&#8220;default&#8220; header_4_font=&#8220;|700|||||||&#8220; header_4_text_color=&#8220;#cc0000&#8243; header_4_font_size=&#8220;17px&#8220; global_colors_info=&#8220;{}&#8220;]<\/p>\n<h4>Schadstoff-Monitoring<\/h4>\n<p>Schadstoffe im Boden, im Wasser oder in der Luft k\u00f6nnen ernste Konsequenzen haben. Aber auch im Rahmen von Sanierungsvorhaben ist es sinnvoll, sich ein genaues Bild zu verschaffen. Der Schl\u00fcssel dazu ist speziell daf\u00fcr angepasste Sensorik.<\/p>\n<p>Dabei ist das Leistungsspektrum von GEOsens ganzheitlich umfassend: Wir beraten und planen, bauen, programmieren und betreiben sowohl kleine als auch gro\u00dfe Monitoringsysteme. Wir integrieren die Datenstr\u00f6me und liefern Auswertungen und Visualisierungen, die klar und verst\u00e4ndlich Zusammenh\u00e4nge zeigen.<\/p>\n<p>[\/et_pb_text][\/et_pb_column][et_pb_column type=&#8220;1_2&#8243; _builder_version=&#8220;4.23&#8243; _module_preset=&#8220;default&#8220; global_colors_info=&#8220;{}&#8220;][dsm_filterable_gallery gallery_ids=&#8220;1737,1771&#8243; dsm_number_of_columns=&#8220;2&#8243; dsm_image_sizes=&#8220;medium_large&#8220; dsm_column_gap=&#8220;15px&#8220; dsm_row_gap=&#8220;15px&#8220; dsm_show_filterable_gallery=&#8220;off&#8220; dsm_show_description=&#8220;on&#8220; dsm_use_lightbox=&#8220;on&#8220; dsm_show_title_lightbox=&#8220;on&#8220; dsm_show_caption_lightbox=&#8220;on&#8220; dsm_card_bg_color=&#8220;RGBA(255,255,255,0)&#8220; dsm_number_of_columns_tablet=&#8220;2&#8243; dsm_number_of_columns_phone=&#8220;2&#8243; dsm_number_of_columns_last_edited=&#8220;on|desktop&#8220; _builder_version=&#8220;4.23.1&#8243; _module_preset=&#8220;default&#8220; dsm_description_text_color=&#8220;#999999&#8243; dsm_description_font_size=&#8220;80%&#8220; dsm_description_line_height=&#8220;1.2em&#8220; global_colors_info=&#8220;{}&#8220; disabled_on=&#8220;off|off|off&#8220; border_width_all_dsm_image_border=&#8220;1px&#8220; border_color_all_dsm_image_border=&#8220;#cc0000&#8243;][\/dsm_filterable_gallery][et_pb_text ul_type=&#8220;square&#8220; admin_label=&#8220;Text &#8211; Monitoring f\u00fcr Land- und Forstwirtschaft&#8220; _builder_version=&#8220;4.23.1&#8243; _module_preset=&#8220;default&#8220; header_4_font=&#8220;|700|||||||&#8220; header_4_text_color=&#8220;#cc0000&#8243; header_4_font_size=&#8220;17px&#8220; global_colors_info=&#8220;{}&#8220;]<\/p>\n<h4>Monitoring f\u00fcr die Land- und Forstwirtschaft<\/h4>\n<p>Sch\u00e4dlinge und Krankheiten gef\u00e4hrden die Ernte. Sie zu bek\u00e4mpfen ist h\u00e4ufig unausweichlich, hat aber oft\u00a0 ebenfalls unerw\u00fcnschte Folgen. Daher ist eine intelligente Eind\u00e4mmung meist der beste Weg. Dazu braucht es zun\u00e4chst eine gute Datengrundlage, um kluge Strategien anwenden zu k\u00f6nnen.<\/p>\n<p>Wir programmieren Erfassungssysteme, mit deren Hilfe Beobachtungen oder Fallenf\u00e4nge zentral erfasst werden. In Verbindung mit Wetterdaten oder Modellen zur Krankheitsentwicklung dienen diese Daten dazu, Entwicklungen vorherzusehen und rechtzeitig mit minimalen Eingriffen aufhalten oder abmildern zu k\u00f6nnen.<\/p>\n<p>[\/et_pb_text][\/et_pb_column][\/et_pb_row][\/et_pb_section]<\/p>\n","protected":false},"excerpt":{"rendered":"<p>Unter dem Begriff &#8222;Umwelt&#8220; verstehen wir bei GEOsens nicht nur Boden, Luft und Wasser, sondern dar\u00fcber hinaus auch Bauwerke, Verkehrs- und Nutzfl\u00e4chen. Entsprechend individuell und komplex k\u00f6nnen die mess- und datentechnischen Anforderungen sein. GEOsens hat umfangreiche Kenntnisse und Erfahrung in der kompletten Bandbreite dieses Bereichs.Um Ihnen einen ersten \u00dcberblick zu unseren Leistungen zu bieten, stellen wir Ihnen nachfolgend einige der h\u00e4ufigeren Aufgaben vor. Besonders jedoch bei Projekten, die nicht in ein Standardprozedere passen, k\u00f6nnen wir unsere St\u00e4rken zeigen. Fragen Sie uns, wenn Sie passgenaue und kreative L\u00f6sungen suchen.<div class=\"et_pb_with_border et_pb_module dsm_filterable_gallery dsm_filterable_gallery_0\">\n\t\t\t\t\n\t\t\t\t\n\t\t\t\t\n\t\t\t\t\n\t\t\t\t\n\t\t\t\t\n\t\t\t\t<div class=\"et_pb_module_inner\">\n\t\t\t\t\t<div class=\"dsm-filterable-gallery-container \" data-paginationtype=\"load_more\" data-currentpage=\"1\" data-per_page=\"10\" data-use_lightbox=\"on\" data-totalpages=\"1\" data-speed=\"250\" data-showpagination=\"off\">\n\t\t\t  \t \n\t\t      <div class=\"dsm-filterable-gallery-inner-container \">\n\t\t\t  \t<div class=\"dsm-filterable-gallery-item\" data-mfp-src=\"https:\/\/k-geosens.beebox.de\/info\/wp-content\/uploads\/2023\/11\/GEOsens-800x600-Content-Monitoring-Sperrung-Ampelanlage-06140002-768x576.jpg\" data-inpage=\"1\" data-groups=\"all\" data-lightbox_title=\"Automatische Sperrung mit Ampelanlage\" data-lightbox_caption=\"Foto: GEOsens GmbH\" >\n\t\t\t\t\t\t\t<div class=\"dsm-filterable-gallery-inner-item\">\n\t\t\t\t\t\t\t  <div class=\"dsm-filterable-gallery-image-wrapper\"><img decoding=\"async\" src=\"https:\/\/k-geosens.beebox.de\/info\/wp-content\/uploads\/2023\/11\/GEOsens-800x600-Content-Monitoring-Sperrung-Ampelanlage-06140002-768x576.jpg\" title=\"Automatische Sperrung mit Ampelanlage\" alt=\"Automatische Sperrung mit Ampelanlage\" class=\"skip-lazy\" \/><\/div>\n\t\t\t\t\t\t\t  <div class=\"dsm-filterable-gallery-content-wrapper\">  <div class=\"dsm-description\">Automatische Sperrung mit Ampelanlage<\/div><\/div>\n\t\t\t\t\t\t\t<\/div>\n\t\t\t\t\t\t<\/div> \n\t\t\t\t\t<div class=\"dsm-filterable-gallery-item\" data-mfp-src=\"https:\/\/k-geosens.beebox.de\/info\/wp-content\/uploads\/2023\/11\/GEOsens-800x600-Content-Monitoring-Messwert-Darstellung-Echtzeit-768x576.jpg\" data-inpage=\"1\" data-groups=\"all\" data-lightbox_title=\"Darstellung mit Messwerten in Echtzeit\" data-lightbox_caption=\"Foto: GEOsens GmbH\" >\n\t\t\t\t\t\t\t<div class=\"dsm-filterable-gallery-inner-item\">\n\t\t\t\t\t\t\t  <div class=\"dsm-filterable-gallery-image-wrapper\"><img decoding=\"async\" src=\"https:\/\/k-geosens.beebox.de\/info\/wp-content\/uploads\/2023\/11\/GEOsens-800x600-Content-Monitoring-Messwert-Darstellung-Echtzeit-768x576.jpg\" title=\"Darstellung mit Messwerten in Echtzeit\" alt=\"Darstellung mit Messwerten in Echtzeit\" class=\"skip-lazy\" \/><\/div>\n\t\t\t\t\t\t\t  <div class=\"dsm-filterable-gallery-content-wrapper\">  <div class=\"dsm-description\">Darstellung mit Messwerten in Echtzeit<\/div><\/div>\n\t\t\t\t\t\t\t<\/div>\n\t\t\t\t\t\t<\/div> \n\t\t\t\t\t \n\t\t\t  <\/div>\n\t\t\t  \n\t\t\t  \n\t\t   <\/div>\n\t\t\n\t\t\t\t<\/div>\n\t\t\t<\/div>Mess- und Alarmsysteme f\u00fcr Georisiken In den intensiv genutzten Landschaften Mitteleuropas ist es nicht immer m\u00f6glich, Risiken einfach aus dem Weg zu gehen. Rutschungen, Felsst\u00fcrze und \u00dcberschwemmungen drohen in Mittelgebirgen ebenso wie in den Alpen. Wir planen, bauen und betreiben Mess- und Alarmsystem f\u00fcr alle Arten von Umweltgefahren. Das beginnt beim einfachen Vorwarnsystem f\u00fcr die \u00dcberflutung eines Kellers. Aber auch komplexe Bauvorhaben, bei der Stra\u00dfe und Schiene im Alarmfalle automatisch gesperrt werden m\u00fcssen, konnten wir erfolgreich umsetzen. Wir k\u00fcmmern uns um die Technik, die Telekommunikation sowie die Montage \u2013 auch [&hellip;]<\/p>\n","protected":false},"author":1,"featured_media":0,"parent":147,"menu_order":7,"comment_status":"closed","ping_status":"closed","template":"","meta":{"_et_pb_use_builder":"on","_et_pb_old_content":"","_et_gb_content_width":"","footnotes":""},"class_list":["post-207","page","type-page","status-publish","hentry"],"_links":{"self":[{"href":"https:\/\/k-geosens.beebox.de\/info\/wp-json\/wp\/v2\/pages\/207","targetHints":{"allow":["GET"]}}],"collection":[{"href":"https:\/\/k-geosens.beebox.de\/info\/wp-json\/wp\/v2\/pages"}],"about":[{"href":"https:\/\/k-geosens.beebox.de\/info\/wp-json\/wp\/v2\/types\/page"}],"author":[{"embeddable":true,"href":"https:\/\/k-geosens.beebox.de\/info\/wp-json\/wp\/v2\/users\/1"}],"replies":[{"embeddable":true,"href":"https:\/\/k-geosens.beebox.de\/info\/wp-json\/wp\/v2\/comments?post=207"}],"version-history":[{"count":10,"href":"https:\/\/k-geosens.beebox.de\/info\/wp-json\/wp\/v2\/pages\/207\/revisions"}],"predecessor-version":[{"id":1917,"href":"https:\/\/k-geosens.beebox.de\/info\/wp-json\/wp\/v2\/pages\/207\/revisions\/1917"}],"up":[{"embeddable":true,"href":"https:\/\/k-geosens.beebox.de\/info\/wp-json\/wp\/v2\/pages\/147"}],"wp:attachment":[{"href":"https:\/\/k-geosens.beebox.de\/info\/wp-json\/wp\/v2\/media?parent=207"}],"curies":[{"name":"wp","href":"https:\/\/api.w.org\/{rel}","templated":true}]}}