{"id":209,"date":"2023-10-25T18:06:33","date_gmt":"2023-10-25T16:06:33","guid":{"rendered":"https:\/\/k-geosens.beebox.de\/info\/hardware-software-entwicklung\/software-engineering\/"},"modified":"2023-12-05T14:17:38","modified_gmt":"2023-12-05T13:17:38","slug":"software-engineering","status":"publish","type":"page","link":"https:\/\/k-geosens.beebox.de\/info\/anlagen-hardware-software-entwicklung\/software-engineering\/","title":{"rendered":"Software Engineering"},"content":{"rendered":"<p>[et_pb_section fb_built=&#8220;1&#8243; fullwidth=&#8220;on&#8220; admin_label=&#8220;Sektion Topmotiv&#8220; _builder_version=&#8220;4.23&#8243; _module_preset=&#8220;default&#8220; locked=&#8220;off&#8220; global_colors_info=&#8220;{}&#8220;][et_pb_fullwidth_header title=&#8220;Software Engineering&#8220; subhead=&#8220;Konzeption, Programmierung, Betrieb&#8220; header_fullscreen=&#8220;on&#8220; header_scroll_down=&#8220;on&#8220; admin_label=&#8220;Fullwidth Header&#8220; _builder_version=&#8220;4.23&#8243; _module_preset=&#8220;default&#8220; title_font=&#8220;|600|||||||&#8220; title_font_size=&#8220;48px&#8220; subhead_font_size=&#8220;24px&#8220; background_image=&#8220;https:\/\/k-geosens.beebox.de\/info\/wp-content\/uploads\/2023\/11\/GEOsens-1920&#215;1200-iStock-1356364287-Programmieren-gorodenkoff.jpg&#8220; parallax=&#8220;on&#8220; parallax_method=&#8220;on&#8220; title_font_size_tablet=&#8220;40px&#8220; title_font_size_phone=&#8220;34px&#8220; title_font_size_last_edited=&#8220;on|phone&#8220; subhead_font_size_tablet=&#8220;20px&#8220; subhead_font_size_phone=&#8220;20px&#8220; subhead_font_size_last_edited=&#8220;on|desktop&#8220; text_shadow_style=&#8220;preset1&#8243; text_shadow_horizontal_length=&#8220;0.15em&#8220; text_shadow_vertical_length=&#8220;0.2em&#8220; text_shadow_blur_strength=&#8220;0.2em&#8220; text_shadow_color=&#8220;rgba(0,0,0,0.6)&#8220; global_colors_info=&#8220;{}&#8220;][\/et_pb_fullwidth_header][\/et_pb_section][et_pb_section fb_built=&#8220;1&#8243; admin_label=&#8220;Sektion Intro&#8220; _builder_version=&#8220;4.23.1&#8243; _module_preset=&#8220;default&#8220; background_color=&#8220;#f0f0f0&#8243; box_shadow_style=&#8220;preset3&#8243; global_colors_info=&#8220;{}&#8220;][et_pb_row column_structure=&#8220;1_2,1_2&#8243; admin_label=&#8220;Zeile Intro&#8220; _builder_version=&#8220;4.23&#8243; _module_preset=&#8220;default&#8220; global_colors_info=&#8220;{}&#8220;][et_pb_column type=&#8220;1_2&#8243; _builder_version=&#8220;4.23&#8243; _module_preset=&#8220;default&#8220; global_colors_info=&#8220;{}&#8220;][et_pb_text admin_label=&#8220;Text &#8211; Intro 1&#8243; _builder_version=&#8220;4.23.1&#8243; _module_preset=&#8220;default&#8220; global_colors_info=&#8220;{}&#8220;]<\/p>\n<p>GEOsens deckt die Wertsch\u00f6pfungskette vom Sensor bis ins Internet vollst\u00e4ndig ab. Ob Daten per IoT-Sensoren, per App oder am PC erfasst werden, oder ob sie aus Datenquellen im Internet kommen: Wir entwickeln die Software passend f\u00fcr Ihre Anforderungen.<\/p>\n<p>Wir setzen auf pragmatische L\u00f6sungen, die nicht nur sicher und stabil sind, sondern dar\u00fcber hinaus in Ihr Budget passen. Wir sind jedoch mehr als nur Software-Entwickler, sondern in erster Linie Geologen und kennen die Anforderungen aus der Praxis: Profitieren Sie von unserer Erfahrung mit Sensoren, Kommunikationsprotokollen, Datenbanksystemen und mit der Entwicklung von User Interfaces f\u00fcr unterschiedliche Ger\u00e4teklassen.<\/p>\n<p>[\/et_pb_text][\/et_pb_column][et_pb_column type=&#8220;1_2&#8243; _builder_version=&#8220;4.23&#8243; _module_preset=&#8220;default&#8220; global_colors_info=&#8220;{}&#8220;][et_pb_text ul_type=&#8220;square&#8220; admin_label=&#8220;Text &#8211; Intro 2&#8243; _builder_version=&#8220;4.23.1&#8243; _module_preset=&#8220;default&#8220; ul_text_color=&#8220;#cc0000&#8243; global_colors_info=&#8220;{}&#8220;]<\/p>\n<p>Im Bereich des Software Engineering sind wir vor allem auf vier Gebieten t\u00e4tig \u2013 mit spezifischen oder integrierten Dienstleistungen:<\/p>\n<ul>\n<li>Messwerterfassung und -verarbeitung<\/li>\n<li>Modellierung<\/li>\n<li>Datenbanken und Datenbankanwendungen<\/li>\n<li>Applikationen f\u00fcr Web, Mobile oder Desktop<\/li>\n<\/ul>\n<p>Sie brauchen mehr als nur ein paar Messwerte oder eine schicke Web-App? Sie haben ein Ziel und suchen jemand, der Ihre Sprache spricht und integrierte L\u00f6sungen bietet? GEOsens ist der Partner f\u00fcr Ihr Projekt.<\/p>\n<p>[\/et_pb_text][\/et_pb_column][\/et_pb_row][\/et_pb_section][et_pb_section fb_built=&#8220;1&#8243; _builder_version=&#8220;4.23&#8243; _module_preset=&#8220;default&#8220; global_colors_info=&#8220;{}&#8220;][et_pb_row column_structure=&#8220;1_2,1_2&#8243; use_custom_gutter=&#8220;on&#8220; _builder_version=&#8220;4.23.1&#8243; _module_preset=&#8220;default&#8220; custom_padding=&#8220;20px||20px||true|false&#8220; global_colors_info=&#8220;{}&#8220;][et_pb_column type=&#8220;1_2&#8243; _builder_version=&#8220;4.23&#8243; _module_preset=&#8220;default&#8220; global_colors_info=&#8220;{}&#8220;][et_pb_blurb title=&#8220;Konzeption und Planung&#8220; use_icon=&#8220;on&#8220; font_icon=&#8220;&#xf5dc;||fa||900&#8243; icon_placement=&#8220;left&#8220; image_icon_width=&#8220;50px&#8220; icon_placement_tablet=&#8220;left&#8220; icon_placement_phone=&#8220;top&#8220; icon_placement_last_edited=&#8220;on|phone&#8220; _builder_version=&#8220;4.23.1&#8243; _module_preset=&#8220;default&#8220; header_font=&#8220;|700|||||||&#8220; header_text_color=&#8220;#cc0000&#8243; header_font_size=&#8220;17px&#8220; image_icon_custom_margin=&#8220;0px|0px|0px|0px|true|true&#8220; image_icon_custom_padding=&#8220;0px|0px|0px|0px|true|true&#8220; header_text_color_tablet=&#8220;#cc0000&#8243; header_text_color_phone=&#8220;#cc0000&#8243; header_text_color_last_edited=&#8220;on|desktop&#8220; header_font_size_last_edited=&#8220;off|phone&#8220; text_orientation_tablet=&#8220;&#8220; text_orientation_phone=&#8220;center&#8220; text_orientation_last_edited=&#8220;on|phone&#8220; global_colors_info=&#8220;{}&#8220;]<\/p>\n<p>Software wird immer mehr zum strategischen Element des Erfolgs. Intelligente L\u00f6sungen nutzen vorhandenes, arbeiten mit offenen Standards, und bieten neues und individuelles wo n\u00f6tig. Wir unterst\u00fctzen Sie bei der Ausarbeitung der Anforderungen, der Architektur und der Auswahl der Technologien f\u00fcr die Umsetzung.<\/p>\n<p>[\/et_pb_blurb][\/et_pb_column][et_pb_column type=&#8220;1_2&#8243; _builder_version=&#8220;4.23&#8243; _module_preset=&#8220;default&#8220; global_colors_info=&#8220;{}&#8220;][et_pb_blurb title=&#8220;Datenerfassungs- &#038; Monitoringsysteme&#8220; use_icon=&#8220;on&#8220; font_icon=&#8220;&#xf3fd;||fa||900&#8243; icon_placement=&#8220;left&#8220; image_icon_width=&#8220;47px&#8220; icon_placement_tablet=&#8220;left&#8220; icon_placement_phone=&#8220;top&#8220; icon_placement_last_edited=&#8220;on|phone&#8220; _builder_version=&#8220;4.23.1&#8243; _module_preset=&#8220;default&#8220; header_font=&#8220;|700|||||||&#8220; header_text_color=&#8220;#cc0000&#8243; header_font_size=&#8220;17px&#8220; image_icon_custom_margin=&#8220;0px|0px|0px|0px|true|true&#8220; image_icon_custom_padding=&#8220;0px|0px|0px|0px|true|true&#8220; header_font_size_last_edited=&#8220;off|phone&#8220; text_orientation_tablet=&#8220;&#8220; text_orientation_phone=&#8220;center&#8220; text_orientation_last_edited=&#8220;on|phone&#8220; global_colors_info=&#8220;{}&#8220;]Wir konzipieren und entwickeln Systeme und Elemente zur automatischen (sensorbasierten) oder manuellen Datenerfassung. Das Spektrum reicht vom Grundwassermessnetz bis zur App f\u00fcr die Beobachtung von Sch\u00e4dlingen in der Landwirtschaft.[\/et_pb_blurb][\/et_pb_column][\/et_pb_row][et_pb_row column_structure=&#8220;1_2,1_2&#8243; _builder_version=&#8220;4.23.1&#8243; _module_preset=&#8220;default&#8220; custom_padding=&#8220;20px||20px||true|false&#8220; global_colors_info=&#8220;{}&#8220;][et_pb_column type=&#8220;1_2&#8243; _builder_version=&#8220;4.23&#8243; _module_preset=&#8220;default&#8220; global_colors_info=&#8220;{}&#8220;][et_pb_blurb title=&#8220;Datenintegration und Informationsvernetzung&#8220; use_icon=&#8220;on&#8220; font_icon=&#8220;&#xf542;||fa||900&#8243; icon_placement=&#8220;left&#8220; image_icon_width=&#8220;42px&#8220; icon_placement_tablet=&#8220;left&#8220; icon_placement_phone=&#8220;top&#8220; icon_placement_last_edited=&#8220;on|phone&#8220; _builder_version=&#8220;4.23.1&#8243; _module_preset=&#8220;default&#8220; header_font=&#8220;|700|||||||&#8220; header_text_color=&#8220;#cc0000&#8243; header_font_size=&#8220;17px&#8220; image_icon_custom_margin=&#8220;0px|0px|0px|0px|true|true&#8220; image_icon_custom_padding=&#8220;0px|0px|0px|0px|true|true&#8220; header_text_color_tablet=&#8220;#cc0000&#8243; header_text_color_phone=&#8220;#cc0000&#8243; header_text_color_last_edited=&#8220;on|desktop&#8220; text_orientation_tablet=&#8220;&#8220; text_orientation_phone=&#8220;center&#8220; text_orientation_last_edited=&#8220;on|phone&#8220; global_colors_info=&#8220;{}&#8220;]Moderne Datenverarbeitung ist vernetzt. Gerade im Bereich Umweltdaten stehen viele Datenquellen zur Verf\u00fcgung. Diese k\u00f6nnen wir so zusammenf\u00fcgen, dass ein ganzheitliches, aussagef\u00e4higes Bild entsteht. Unter anderem k\u00f6nnen Grundwasserdaten, Wetterdaten und Luftqualit\u00e4t integriert werden, genauso wie <a href=\"https:\/\/www.imagi.de\/SharedDocs\/downloads\/Webs\/IMAGI\/DE\/Flyer_Broschueren\/flyer_inspire.pdf?__blob=publicationFile&amp;v=1\" target=\"_blank\" rel=\"noopener\">INSPIRE-konforme Kartendaten<\/a>.[\/et_pb_blurb][\/et_pb_column][et_pb_column type=&#8220;1_2&#8243; _builder_version=&#8220;4.23&#8243; _module_preset=&#8220;default&#8220; global_colors_info=&#8220;{}&#8220;][et_pb_blurb title=&#8220;Webentwicklung&#8220; use_icon=&#8220;on&#8220; font_icon=&#8220;&#xf108;||fa||900&#8243; icon_placement=&#8220;left&#8220; image_icon_width=&#8220;45px&#8220; icon_placement_tablet=&#8220;left&#8220; icon_placement_phone=&#8220;top&#8220; icon_placement_last_edited=&#8220;on|phone&#8220; _builder_version=&#8220;4.23.1&#8243; _module_preset=&#8220;default&#8220; header_font=&#8220;|700|||||||&#8220; header_text_color=&#8220;#cc0000&#8243; header_font_size=&#8220;17px&#8220; image_icon_custom_margin=&#8220;0px|0px|0px|0px|true|true&#8220; image_icon_custom_padding=&#8220;0px|0px|0px|0px|true|true&#8220; header_text_color_tablet=&#8220;#cc0000&#8243; header_text_color_phone=&#8220;#cc0000&#8243; header_text_color_last_edited=&#8220;on|desktop&#8220; text_orientation_tablet=&#8220;&#8220; text_orientation_phone=&#8220;center&#8220; text_orientation_last_edited=&#8220;on|phone&#8220; global_colors_info=&#8220;{}&#8220;]Denken Sie dabei nicht nur ans Internet. Webanwendungen habe auch inhouse gro\u00dfe Vorteile: Sie ben\u00f6tigen keine Installation, sind Ger\u00e4te- und Betriebssystemunabh\u00e4ngig. Auch komplexe\u00a0 Datenbankanwendungen k\u00f6nnen heute mit vertretbarem Aufwand als Webanwendung realisiert werden.[\/et_pb_blurb][\/et_pb_column][\/et_pb_row][et_pb_row column_structure=&#8220;1_2,1_2&#8243; _builder_version=&#8220;4.23.1&#8243; _module_preset=&#8220;default&#8220; custom_padding=&#8220;20px||20px||true|false&#8220; global_colors_info=&#8220;{}&#8220;][et_pb_column type=&#8220;1_2&#8243; _builder_version=&#8220;4.23&#8243; _module_preset=&#8220;default&#8220; global_colors_info=&#8220;{}&#8220;][et_pb_blurb title=&#8220;Decision Support Systeme (DSS)&#8220; use_icon=&#8220;on&#8220; font_icon=&#8220;&#xe063;||divi||400&#8243; icon_placement=&#8220;left&#8220; image_icon_width=&#8220;50px&#8220; icon_placement_tablet=&#8220;left&#8220; icon_placement_phone=&#8220;top&#8220; icon_placement_last_edited=&#8220;on|phone&#8220; _builder_version=&#8220;4.23.1&#8243; _module_preset=&#8220;default&#8220; header_font=&#8220;|700|||||||&#8220; header_text_color=&#8220;#cc0000&#8243; header_font_size=&#8220;17px&#8220; image_icon_custom_margin=&#8220;0px|0px|0px|0px|true|true&#8220; image_icon_custom_padding=&#8220;0px|0px|0px|0px|true|true&#8220; header_text_color_tablet=&#8220;#cc0000&#8243; header_text_color_phone=&#8220;#cc0000&#8243; header_text_color_last_edited=&#8220;on|desktop&#8220; text_orientation_tablet=&#8220;&#8220; text_orientation_phone=&#8220;center&#8220; text_orientation_last_edited=&#8220;on|phone&#8220; global_colors_info=&#8220;{}&#8220;]Daten sammeln und strukturieren ist dann sinnvoll, wenn es dazu f\u00fchrt dass bessere Entscheidungen getroffen werden. Mit <a href=\"https:\/\/k-geosens.beebox.de\/info\/2023\/vitimeteo-decision-support-weinbau\/\">VitiMeteo<\/a> haben wir ein DSS f\u00fcr den Weinbau in Europa geschaffen, mit INetControl betreiben wir eine \u00e4hnliche Plattform f\u00fcr Ingenieure.[\/et_pb_blurb][\/et_pb_column][et_pb_column type=&#8220;1_2&#8243; _builder_version=&#8220;4.23&#8243; _module_preset=&#8220;default&#8220; global_colors_info=&#8220;{}&#8220;][et_pb_blurb title=&#8220;IT-Security&#8220; use_icon=&#8220;on&#8220; font_icon=&#8220;&#xe06c;||divi||400&#8243; icon_placement=&#8220;left&#8220; image_icon_width=&#8220;50px&#8220; icon_placement_tablet=&#8220;left&#8220; icon_placement_phone=&#8220;top&#8220; icon_placement_last_edited=&#8220;on|phone&#8220; _builder_version=&#8220;4.23.1&#8243; _module_preset=&#8220;default&#8220; header_font=&#8220;|700|||||||&#8220; header_text_color=&#8220;#cc0000&#8243; header_font_size=&#8220;17px&#8220; image_icon_custom_margin=&#8220;0px|0px|0px|0px|true|true&#8220; image_icon_custom_padding=&#8220;0px|0px|0px|0px|true|true&#8220; hover_enabled=&#8220;0&#8243; header_text_color_tablet=&#8220;#cc0000&#8243; header_text_color_phone=&#8220;#cc0000&#8243; header_text_color_last_edited=&#8220;on|desktop&#8220; text_orientation_tablet=&#8220;&#8220; text_orientation_phone=&#8220;center&#8220; text_orientation_last_edited=&#8220;on|phone&#8220; global_colors_info=&#8220;{}&#8220; sticky_enabled=&#8220;0&#8243;]<\/p>\n<p>Bei Konzeption und Entwicklung denken wir IT-Sicherheit von Anfang an mit. Modernste, zukunftsf\u00e4hige Technologien, die sich auch bereits in der Praxis bew\u00e4hrt haben, sind die Basis unserer Planung. In diesem Rahmen k\u00f6nnen wir Sie beraten \u2013 auch unabh\u00e4ngig davon, ob wir f\u00fcr Sie entwickeln.<\/p>\n<p>[\/et_pb_blurb][\/et_pb_column][\/et_pb_row][et_pb_row column_structure=&#8220;1_2,1_2&#8243; _builder_version=&#8220;4.23.1&#8243; _module_preset=&#8220;default&#8220; custom_padding=&#8220;20px||20px||true|false&#8220; global_colors_info=&#8220;{}&#8220;][et_pb_column type=&#8220;1_2&#8243; _builder_version=&#8220;4.23&#8243; _module_preset=&#8220;default&#8220; global_colors_info=&#8220;{}&#8220;][et_pb_blurb title=&#8220;Evaluierung&#8220; use_icon=&#8220;on&#8220; font_icon=&#8220;&#xf530;||fa||900&#8243; icon_placement=&#8220;left&#8220; image_icon_width=&#8220;43px&#8220; icon_placement_tablet=&#8220;left&#8220; icon_placement_phone=&#8220;top&#8220; icon_placement_last_edited=&#8220;on|phone&#8220; _builder_version=&#8220;4.23.1&#8243; _module_preset=&#8220;default&#8220; header_font=&#8220;|700|||||||&#8220; header_text_color=&#8220;#cc0000&#8243; header_font_size=&#8220;17px&#8220; image_icon_custom_margin=&#8220;0px|0px|0px|0px|true|true&#8220; image_icon_custom_padding=&#8220;0px|0px|0px|0px|true|true&#8220; header_text_color_tablet=&#8220;#cc0000&#8243; header_text_color_phone=&#8220;#cc0000&#8243; header_text_color_last_edited=&#8220;on|desktop&#8220; text_orientation_tablet=&#8220;&#8220; text_orientation_phone=&#8220;center&#8220; text_orientation_last_edited=&#8220;on|phone&#8220; global_colors_info=&#8220;{}&#8220;]<\/p>\n<p>Ist Ihre pr\u00e4ferierte L\u00f6sung skalierbar und vorallem den Aufgaben gewachsen? Wir sorgen f\u00fcr Transparenz und pr\u00fcfen Technologien auf Funktion, Zukunftsf\u00e4higkeit und strategische Ausrichtung. Unser umfangreiches, praxisnahes Wissen von der Mess- und Steuertechnik bis ins Web kann Ihnen helfen, Fehlinvestitionen zu vermeiden.<\/p>\n<p>[\/et_pb_blurb][\/et_pb_column][et_pb_column type=&#8220;1_2&#8243; _builder_version=&#8220;4.23&#8243; _module_preset=&#8220;default&#8220; global_colors_info=&#8220;{}&#8220;][et_pb_blurb title=&#8220;Plattformen und Systemsprachen&#8220; use_icon=&#8220;on&#8220; font_icon=&#8220;&#xf5fc;||fa||900&#8243; icon_placement=&#8220;left&#8220; image_icon_width=&#8220;38px&#8220; icon_placement_tablet=&#8220;left&#8220; icon_placement_phone=&#8220;top&#8220; icon_placement_last_edited=&#8220;on|phone&#8220; _builder_version=&#8220;4.23.1&#8243; _module_preset=&#8220;default&#8220; header_font=&#8220;|700|||||||&#8220; header_text_color=&#8220;#cc0000&#8243; header_font_size=&#8220;17px&#8220; image_icon_custom_margin=&#8220;0px|0px|0px|0px|true|true&#8220; image_icon_custom_padding=&#8220;0px|0px|0px|0px|true|true&#8220; header_text_color_tablet=&#8220;#cc0000&#8243; header_text_color_phone=&#8220;#cc0000&#8243; header_text_color_last_edited=&#8220;on|desktop&#8220; text_orientation_tablet=&#8220;&#8220; text_orientation_phone=&#8220;center&#8220; text_orientation_last_edited=&#8220;on|phone&#8220; global_colors_info=&#8220;{}&#8220;]Das GEOsens-Team entwickelt f\u00fcr ESP32, SBC, Linux und Windows. Dabei setzen wir folgende Tools und Technologien ein: Python, Javascript, C, Delphi, MS-Office, PostgreSQL, MariaDB, Git, Jupyter, Docker. Kommunikationstechniken wie REST, MQTT, WebSockets, NB-IoT\/Cat-M1, oder FieldBus-Systeme (z.B. Modbus und RS485) sind unsere t\u00e4glichen Begleiter. F\u00fcr Ihren Projektfortschritt arbeiten wir flexibel, system\u00fcbergreifend und nutzerorientiert.[\/et_pb_blurb][\/et_pb_column][\/et_pb_row][\/et_pb_section]<\/p>\n","protected":false},"excerpt":{"rendered":"<p>GEOsens deckt die Wertsch\u00f6pfungskette vom Sensor bis ins Internet vollst\u00e4ndig ab. Ob Daten per IoT-Sensoren, per App oder am PC erfasst werden, oder ob sie aus Datenquellen im Internet kommen: Wir entwickeln die Software passend f\u00fcr Ihre Anforderungen. Wir setzen auf pragmatische L\u00f6sungen, die nicht nur sicher und stabil sind, sondern dar\u00fcber hinaus in Ihr Budget passen. Wir sind jedoch mehr als nur Software-Entwickler, sondern in erster Linie Geologen und kennen die Anforderungen aus der Praxis: Profitieren Sie von unserer Erfahrung mit Sensoren, Kommunikationsprotokollen, Datenbanksystemen und mit der Entwicklung von User Interfaces f\u00fcr unterschiedliche Ger\u00e4teklassen.Im Bereich des Software Engineering sind wir vor allem auf vier Gebieten t\u00e4tig \u2013 mit spezifischen oder integrierten Dienstleistungen: Messwerterfassung und -verarbeitung Modellierung Datenbanken und Datenbankanwendungen Applikationen f\u00fcr Web, Mobile oder Desktop Sie brauchen mehr als nur ein paar Messwerte oder eine schicke Web-App? Sie haben ein Ziel und suchen jemand, der Ihre Sprache spricht und integrierte L\u00f6sungen bietet? GEOsens ist der Partner f\u00fcr Ihr Projekt.Software wird immer mehr zum strategischen Element des Erfolgs. Intelligente L\u00f6sungen nutzen vorhandenes, arbeiten mit offenen Standards, und bieten neues und individuelles wo n\u00f6tig. Wir unterst\u00fctzen Sie bei der Ausarbeitung der Anforderungen, der Architektur und der Auswahl der Technologien f\u00fcr die [&hellip;]<\/p>\n","protected":false},"author":1,"featured_media":0,"parent":150,"menu_order":2,"comment_status":"closed","ping_status":"closed","template":"","meta":{"_et_pb_use_builder":"on","_et_pb_old_content":"","_et_gb_content_width":"","footnotes":""},"class_list":["post-209","page","type-page","status-publish","hentry"],"_links":{"self":[{"href":"https:\/\/k-geosens.beebox.de\/info\/wp-json\/wp\/v2\/pages\/209","targetHints":{"allow":["GET"]}}],"collection":[{"href":"https:\/\/k-geosens.beebox.de\/info\/wp-json\/wp\/v2\/pages"}],"about":[{"href":"https:\/\/k-geosens.beebox.de\/info\/wp-json\/wp\/v2\/types\/page"}],"author":[{"embeddable":true,"href":"https:\/\/k-geosens.beebox.de\/info\/wp-json\/wp\/v2\/users\/1"}],"replies":[{"embeddable":true,"href":"https:\/\/k-geosens.beebox.de\/info\/wp-json\/wp\/v2\/comments?post=209"}],"version-history":[{"count":49,"href":"https:\/\/k-geosens.beebox.de\/info\/wp-json\/wp\/v2\/pages\/209\/revisions"}],"predecessor-version":[{"id":1770,"href":"https:\/\/k-geosens.beebox.de\/info\/wp-json\/wp\/v2\/pages\/209\/revisions\/1770"}],"up":[{"embeddable":true,"href":"https:\/\/k-geosens.beebox.de\/info\/wp-json\/wp\/v2\/pages\/150"}],"wp:attachment":[{"href":"https:\/\/k-geosens.beebox.de\/info\/wp-json\/wp\/v2\/media?parent=209"}],"curies":[{"name":"wp","href":"https:\/\/api.w.org\/{rel}","templated":true}]}}