{"id":211,"date":"2023-10-25T18:07:27","date_gmt":"2023-10-25T16:07:27","guid":{"rendered":"https:\/\/k-geosens.beebox.de\/info\/hardware-software-entwicklung\/hardware-anlagenentwicklung\/"},"modified":"2023-12-21T11:26:14","modified_gmt":"2023-12-21T10:26:14","slug":"messtechnik-systementwicklung","status":"publish","type":"page","link":"https:\/\/k-geosens.beebox.de\/info\/anlagen-hardware-software-entwicklung\/messtechnik-systementwicklung\/","title":{"rendered":"Messtechnik &#038; Systementwicklung"},"content":{"rendered":"<p>[et_pb_section fb_built=&#8220;1&#8243; fullwidth=&#8220;on&#8220; admin_label=&#8220;Sektion Topmotiv&#8220; _builder_version=&#8220;4.23.1&#8243; _module_preset=&#8220;default&#8220; box_shadow_style=&#8220;preset3&#8243; locked=&#8220;off&#8220; collapsed=&#8220;off&#8220; global_colors_info=&#8220;{}&#8220;][et_pb_fullwidth_header title=&#8220;Messtechnik &#038; Systementwicklung&#8220; subhead=&#8220;Steuerungselektronik, Mess- und Alarmsysteme&#8220; header_fullscreen=&#8220;on&#8220; header_scroll_down=&#8220;on&#8220; admin_label=&#8220;Fullwidth Header&#8220; _builder_version=&#8220;4.23.1&#8243; _module_preset=&#8220;default&#8220; title_font=&#8220;|600|||||||&#8220; title_font_size=&#8220;48px&#8220; subhead_font_size=&#8220;24px&#8220; background_image=&#8220;https:\/\/k-geosens.beebox.de\/info\/wp-content\/uploads\/2023\/11\/GEOsens-1920&#215;1200-iStock-645279766-Elektronik-Platine-Loeten-anyaivanova.jpg&#8220; parallax=&#8220;on&#8220; parallax_method=&#8220;on&#8220; title_font_size_tablet=&#8220;40px&#8220; title_font_size_phone=&#8220;34px&#8220; title_font_size_last_edited=&#8220;on|phone&#8220; subhead_font_size_tablet=&#8220;20px&#8220; subhead_font_size_phone=&#8220;20px&#8220; subhead_font_size_last_edited=&#8220;on|desktop&#8220; text_shadow_style=&#8220;preset1&#8243; text_shadow_horizontal_length=&#8220;0.15em&#8220; text_shadow_vertical_length=&#8220;0.2em&#8220; text_shadow_blur_strength=&#8220;0.2em&#8220; text_shadow_color=&#8220;rgba(0,0,0,0.6)&#8220; global_colors_info=&#8220;{}&#8220;][\/et_pb_fullwidth_header][\/et_pb_section][et_pb_section fb_built=&#8220;1&#8243; admin_label=&#8220;Sektion Leistungsbereich 1 &#8211; Intro&#8220; _builder_version=&#8220;4.23.1&#8243; _module_preset=&#8220;default&#8220; locked=&#8220;off&#8220; collapsed=&#8220;off&#8220; global_colors_info=&#8220;{}&#8220; background_color=&#8220;#f0f0f0&#8243; custom_padding=&#8220;||10px||false|false&#8220;][et_pb_row admin_label=&#8220;Zeile Headline&#8220; _builder_version=&#8220;4.23&#8243; _module_preset=&#8220;default&#8220; locked=&#8220;off&#8220; global_colors_info=&#8220;{}&#8220;][et_pb_column type=&#8220;4_4&#8243; _builder_version=&#8220;4.23&#8243; _module_preset=&#8220;default&#8220; global_colors_info=&#8220;{}&#8220;][et_pb_text admin_label=&#8220;Text &#8211; Headline &#8211; 1. Messger\u00e4te und Messsysteme&#8220; _builder_version=&#8220;4.23.1&#8243; _module_preset=&#8220;default&#8220; locked=&#8220;off&#8220; global_colors_info=&#8220;{}&#8220;]<\/p>\n<h1>Messger\u00e4te und Messsysteme<\/h1>\n<p>[\/et_pb_text][\/et_pb_column][\/et_pb_row][et_pb_row column_structure=&#8220;1_2,1_2&#8243; admin_label=&#8220;Zeile Intro&#8220; _builder_version=&#8220;4.23&#8243; _module_preset=&#8220;default&#8220; global_colors_info=&#8220;{}&#8220;][et_pb_column type=&#8220;1_2&#8243; _builder_version=&#8220;4.23&#8243; _module_preset=&#8220;default&#8220; global_colors_info=&#8220;{}&#8220;][et_pb_text ul_type=&#8220;square&#8220; admin_label=&#8220;Text &#8211; Intro 1&#8243; _builder_version=&#8220;4.23.1&#8243; _module_preset=&#8220;default&#8220; header_4_font=&#8220;|700|||||||&#8220; header_4_text_color=&#8220;#cc0000&#8243; header_4_font_size=&#8220;17px&#8220; global_colors_info=&#8220;{}&#8220;]GEOsens bietet eine breite Palette von Messger\u00e4ten und Messystemen an, die individuell auf die Anforderungen (Bed\u00fcrfnisse) unserer Kunden angepasst werden k\u00f6nnen. Unsere Systeme sind von h\u00f6chster Qualit\u00e4t und bieten hohe Pr\u00e4zision und Zuverl\u00e4ssigkeit. Mit unserem Knowhow und unserer langj\u00e4hrigen Erfahrung sind wir in der Lage Systeme zu realisieren, die unseren Kunden helfen, ihre Messaufgaben genau und effektiv auszuf\u00fchren.[\/et_pb_text][\/et_pb_column][et_pb_column type=&#8220;1_2&#8243; _builder_version=&#8220;4.23&#8243; _module_preset=&#8220;default&#8220; global_colors_info=&#8220;{}&#8220;][et_pb_text ul_type=&#8220;square&#8220; admin_label=&#8220;Text &#8211; Intro 2&#8243; _builder_version=&#8220;4.23.1&#8243; _module_preset=&#8220;default&#8220; header_4_font=&#8220;|700|||||||&#8220; header_4_text_color=&#8220;#cc0000&#8243; header_4_font_size=&#8220;17px&#8220; global_colors_info=&#8220;{}&#8220;]Sie wollen ein rundum Sorglospaket f\u00fcr eine begrenzte Zeit und sind eigentlich nur an den Messergebnissen interessiert? Dann bestellen Sie den entsprechenden Datenservice und lassen den Rest unsere Sorge sein: keine Reparaturen, keine Wartung, keine technische Einarbeit. Wir \u00fcbernehmen auch den Auf- und Abbau aller Ger\u00e4tschaften am Ort der Messaufgabe f\u00fcr Sie.[\/et_pb_text][\/et_pb_column][\/et_pb_row][\/et_pb_section][et_pb_section fb_built=&#8220;1&#8243; admin_label=&#8220;Sektion Leistungsbereich 1 &#8211; Einzelleistungen&#8220; _builder_version=&#8220;4.23.1&#8243; _module_preset=&#8220;default&#8220; box_shadow_style=&#8220;preset3&#8243; locked=&#8220;off&#8220; collapsed=&#8220;off&#8220; global_colors_info=&#8220;{}&#8220;][et_pb_row column_structure=&#8220;1_2,1_2&#8243; _builder_version=&#8220;4.23&#8243; _module_preset=&#8220;default&#8220; global_colors_info=&#8220;{}&#8220;][et_pb_column type=&#8220;1_2&#8243; _builder_version=&#8220;4.23&#8243; _module_preset=&#8220;default&#8220; global_colors_info=&#8220;{}&#8220;][et_pb_text ul_type=&#8220;square&#8220; admin_label=&#8220;Text &#8211; 1.1 PID Analysator station\u00e4r \/ Feldmessger\u00e4t&#8220; _builder_version=&#8220;4.23.1&#8243; _module_preset=&#8220;default&#8220; header_4_font=&#8220;|700|||||||&#8220; header_4_text_color=&#8220;#cc0000&#8243; header_4_font_size=&#8220;17px&#8220; global_colors_info=&#8220;{}&#8220;]<\/p>\n<h4>PID Analysator station\u00e4r \/ Feldmessger\u00e4t<\/h4>\n<p>Seit mehr als 10 Jahren entwickelt und baut GEOsens station\u00e4re und mobile PID Gasanalysatoren. Wir setzen dabei auf die robuste und bew\u00e4hrte 10,6 eV Technik mit der eine gro\u00dfe Anzahl leichtfl\u00fcchtiger Kohlenwasserstoffe (VOC) detektiert werden k\u00f6nnen. Die Messbereiche von 0,01 ppm bis mehr als 2.000 ppm erm\u00f6glichen ein weites Einsatzspektrum. Die Ger\u00e4teausf\u00fchrungen sind variabel und werden auf die Messaufgabe ma\u00dfgeschneidert.<\/p>\n<p>[\/et_pb_text][\/et_pb_column][et_pb_column type=&#8220;1_2&#8243; _builder_version=&#8220;4.23&#8243; _module_preset=&#8220;default&#8220; global_colors_info=&#8220;{}&#8220;][et_pb_text ul_type=&#8220;square&#8220; admin_label=&#8220;Text &#8211; 1.2 Gas Monitor station\u00e4r \/ Feldmessger\u00e4t&#8220; _builder_version=&#8220;4.23.1&#8243; _module_preset=&#8220;default&#8220; header_4_font=&#8220;|700|||||||&#8220; header_4_text_color=&#8220;#cc0000&#8243; header_4_font_size=&#8220;17px&#8220; global_colors_info=&#8220;{}&#8220;]<\/p>\n<h4>Gas Monitor station\u00e4r \/ Feldmessger\u00e4t<\/h4>\n<p>Sie suchen einen tragbaren Gasmonitor, der auch bei Unterdr\u00fccken von mehr als 100 hPa noch zuverl\u00e4ssige Werte liefert? Egal ob O2, CO2, CH4, H2S, CO, VOC oder physikalische Sensoren: Sie haben die Wahl und wir das Vergn\u00fcgen. Im robusten Pelicase schalten Sie das Ger\u00e4t ein und beobachten die Messwerte mit ihrem smarten Mobilger\u00e4t. Ich Kollege schaut sich die Daten gleichzeitig im B\u00fcro am PC an. Gerne auch in \u201estand alone\u201c Ausf\u00fchrung im Rackgeh\u00e4use oder Schaltschrank.<\/p>\n<p>[\/et_pb_text][\/et_pb_column][\/et_pb_row][et_pb_row column_structure=&#8220;1_2,1_2&#8243; _builder_version=&#8220;4.23&#8243; _module_preset=&#8220;default&#8220; global_colors_info=&#8220;{}&#8220;][et_pb_column type=&#8220;1_2&#8243; _builder_version=&#8220;4.23&#8243; _module_preset=&#8220;default&#8220; global_colors_info=&#8220;{}&#8220;][et_pb_text ul_type=&#8220;square&#8220; admin_label=&#8220;Text &#8211; 1.3 Messstellenumschalter&#8220; _builder_version=&#8220;4.23.1&#8243; _module_preset=&#8220;default&#8220; header_4_font=&#8220;|700|||||||&#8220; header_4_text_color=&#8220;#cc0000&#8243; header_4_font_size=&#8220;17px&#8220; global_colors_info=&#8220;{}&#8220;]<\/p>\n<h4>Messstellenumschalter<\/h4>\n<p>Ein hochwertiger Gasanalysator aber viele Messstellen? GEOsens baut Mehrkanalmessstellumschaltungen in allen Variationen. Der Einsatz hochwertiger Magnetventile und Messgaspumpen der KNF Gruppe. Die Ger\u00e4te arbeiten autonom und k\u00f6nnen beliebige Zeitprogramme durchlaufen. Mit entsprechenden Sp\u00fcl- und Null- Zyklen k\u00f6nnen Messfehler minimiert und Wartungsbedarf fr\u00fchzeitig festgestellt werden.<\/p>\n<p>[\/et_pb_text][\/et_pb_column][et_pb_column type=&#8220;1_2&#8243; _builder_version=&#8220;4.23&#8243; _module_preset=&#8220;default&#8220; global_colors_info=&#8220;{}&#8220;][dsm_filterable_gallery gallery_ids=&#8220;1795,1794&#8243; dsm_number_of_columns=&#8220;2&#8243; dsm_image_sizes=&#8220;medium_large&#8220; dsm_column_gap=&#8220;15px&#8220; dsm_row_gap=&#8220;15px&#8220; dsm_show_filterable_gallery=&#8220;off&#8220; dsm_show_description=&#8220;on&#8220; dsm_use_lightbox=&#8220;on&#8220; dsm_show_title_lightbox=&#8220;on&#8220; dsm_show_caption_lightbox=&#8220;on&#8220; dsm_card_bg_color=&#8220;RGBA(255,255,255,0)&#8220; dsm_number_of_columns_tablet=&#8220;2&#8243; dsm_number_of_columns_phone=&#8220;2&#8243; dsm_number_of_columns_last_edited=&#8220;on|desktop&#8220; _builder_version=&#8220;4.23.1&#8243; _module_preset=&#8220;default&#8220; dsm_description_text_color=&#8220;#999999&#8243; dsm_description_font_size=&#8220;80%&#8220; dsm_description_line_height=&#8220;1.2em&#8220; border_width_all_dsm_image_border=&#8220;1px&#8220; border_color_all_dsm_image_border=&#8220;#cc0000&#8243; global_colors_info=&#8220;{}&#8220;][\/dsm_filterable_gallery][\/et_pb_column][\/et_pb_row][et_pb_row column_structure=&#8220;1_2,1_2&#8243; _builder_version=&#8220;4.23&#8243; _module_preset=&#8220;default&#8220; global_colors_info=&#8220;{}&#8220;][et_pb_column type=&#8220;1_2&#8243; _builder_version=&#8220;4.23&#8243; _module_preset=&#8220;default&#8220; global_colors_info=&#8220;{}&#8220;][et_pb_text ul_type=&#8220;square&#8220; admin_label=&#8220;Text &#8211; 1.3 Messstellenumschalter&#8220; _builder_version=&#8220;4.23.1&#8243; _module_preset=&#8220;default&#8220; header_4_font=&#8220;|700|||||||&#8220; header_4_text_color=&#8220;#cc0000&#8243; header_4_font_size=&#8220;17px&#8220; global_colors_info=&#8220;{}&#8220;]<\/p>\n<h4>Optionale Erweiterungen<\/h4>\n<ul>\n<li>Leistungsstarke Messgaspumpe<\/li>\n<li>Messgasaufbereitung<\/li>\n<li>Automatische Kondensatentw\u00e4sserung<\/li>\n<li>Weitere Sensorik wie Temperaturen, Dr\u00fccke, chemische Parameter<\/li>\n<li>Mobilger\u00e4te App<\/li>\n<\/ul>\n<p>[\/et_pb_text][\/et_pb_column][et_pb_column type=&#8220;1_2&#8243; _builder_version=&#8220;4.23&#8243; _module_preset=&#8220;default&#8220; global_colors_info=&#8220;{}&#8220;][et_pb_text ul_type=&#8220;square&#8220; admin_label=&#8220;Text &#8211; 1.3 Messstellenumschalter&#8220; _builder_version=&#8220;4.23.1&#8243; _module_preset=&#8220;default&#8220; header_4_font=&#8220;|700|||||||&#8220; header_4_text_color=&#8220;#cc0000&#8243; header_4_font_size=&#8220;17px&#8220; global_colors_info=&#8220;{}&#8220;]<\/p>\n<h4>Geh\u00e4useausf\u00fchrungen<\/h4>\n<ul>\n<li><strong> <\/strong>19\u201c \u2013 3HE Rackgeh\u00e4use<\/li>\n<li>Schaltschrank<\/li>\n<li>Feldtaugliches Pelicase mit LiFePO Akkutechnik<\/li>\n<\/ul>\n<p>[\/et_pb_text][\/et_pb_column][\/et_pb_row][\/et_pb_section][et_pb_section fb_built=&#8220;1&#8243; admin_label=&#8220;Sektion Leistungsbereich 2 &#8211; Intro&#8220; _builder_version=&#8220;4.23.1&#8243; _module_preset=&#8220;default&#8220; locked=&#8220;off&#8220; collapsed=&#8220;off&#8220; global_colors_info=&#8220;{}&#8220; background_color=&#8220;#f0f0f0&#8243; custom_padding=&#8220;||10px||false|false&#8220;][et_pb_row admin_label=&#8220;Zeile Headline&#8220; _builder_version=&#8220;4.23&#8243; _module_preset=&#8220;default&#8220; locked=&#8220;off&#8220; global_colors_info=&#8220;{}&#8220;][et_pb_column type=&#8220;4_4&#8243; _builder_version=&#8220;4.23&#8243; _module_preset=&#8220;default&#8220; global_colors_info=&#8220;{}&#8220;][et_pb_text admin_label=&#8220;Text &#8211; Headline &#8211; 2. GEOsens INetControl\u24bc: Interaktiver Datenservice &#8220; _builder_version=&#8220;4.23.2&#8243; _module_preset=&#8220;default&#8220; locked=&#8220;off&#8220; global_colors_info=&#8220;{}&#8220;]<\/p>\n<h1>GEOsens INetControl<span style=\"vertical-align: super; font-size: 60%;\">\u24bc<\/span>: Ortsunabh\u00e4ngige Kontrolle und Datenanalyse<\/h1>\n<p>&nbsp;<\/p>\n<p>[\/et_pb_text][\/et_pb_column][\/et_pb_row][et_pb_row column_structure=&#8220;1_2,1_2&#8243; admin_label=&#8220;Zeile Intro&#8220; _builder_version=&#8220;4.23&#8243; _module_preset=&#8220;default&#8220; global_colors_info=&#8220;{}&#8220;][et_pb_column type=&#8220;1_2&#8243; _builder_version=&#8220;4.23&#8243; _module_preset=&#8220;default&#8220; global_colors_info=&#8220;{}&#8220;][et_pb_text ul_type=&#8220;square&#8220; admin_label=&#8220;Text &#8211; Intro 1&#8243; _builder_version=&#8220;4.23.1&#8243; _module_preset=&#8220;default&#8220; header_4_font=&#8220;|700|||||||&#8220; header_4_text_color=&#8220;#cc0000&#8243; header_4_font_size=&#8220;17px&#8220; global_colors_info=&#8220;{}&#8220;]<\/p>\n<p>Alle Messger\u00e4te und Systeme senden die Daten verschl\u00fcsselt \u00fcber Mobilfunktechniken (LTE &amp; 5G, NB-IoT, LORA etc.) direkt an sichere, GEOsens-eigene Cloudserver. Diese Datens\u00e4tze werden dann in Echtzeit verarbeitet und visuell aufbereitet. Selbstverst\u00e4ndlich besteht auch die M\u00f6glichkeit, diese Daten \u00fcber entsprechende Schnittstellen in kundenseitige IT-Systeme einzubinden.<\/p>\n<p>[\/et_pb_text][\/et_pb_column][et_pb_column type=&#8220;1_2&#8243; _builder_version=&#8220;4.23&#8243; _module_preset=&#8220;default&#8220; global_colors_info=&#8220;{}&#8220;][et_pb_text ul_type=&#8220;square&#8220; admin_label=&#8220;Text &#8211; Intro 2&#8243; _builder_version=&#8220;4.23.1&#8243; _module_preset=&#8220;default&#8220; header_4_font=&#8220;|700|||||||&#8220; header_4_text_color=&#8220;#cc0000&#8243; header_4_font_size=&#8220;17px&#8220; global_colors_info=&#8220;{}&#8220;]<\/p>\n<p>Unser INetControl Datenservice bietet umfangreiche webbasierte M\u00f6glichkeiten zur interaktiven Datenvisualisierung, -analyse und Dokumentation. Sie k\u00f6nnen dabei nicht nur Datenzeitr\u00e4ume ausw\u00e4hlen und exportieren, sondern auch kommentieren und eigene Daten integrieren.<\/p>\n<p>Kurz: Mit INetControl haben Sie den \u00dcberblick und k\u00f6nnen jederzeit eingreifen.<\/p>\n<p>[\/et_pb_text][\/et_pb_column][\/et_pb_row][\/et_pb_section][et_pb_section fb_built=&#8220;1&#8243; admin_label=&#8220;Sektion Leistungsbereich 2 &#8211; Einzelleistungen&#8220; _builder_version=&#8220;4.23&#8243; _module_preset=&#8220;default&#8220; box_shadow_style=&#8220;preset3&#8243; locked=&#8220;off&#8220; collapsed=&#8220;off&#8220; global_colors_info=&#8220;{}&#8220;][et_pb_row column_structure=&#8220;1_2,1_2&#8243; _builder_version=&#8220;4.23.1&#8243; _module_preset=&#8220;default&#8220; global_colors_info=&#8220;{}&#8220;][et_pb_column type=&#8220;1_2&#8243; _builder_version=&#8220;4.23&#8243; _module_preset=&#8220;default&#8220; global_colors_info=&#8220;{}&#8220;][et_pb_text ul_type=&#8220;square&#8220; admin_label=&#8220;Text &#8211; 2 &#8211; Bulletpoints&#8220; _builder_version=&#8220;4.23.1&#8243; _module_preset=&#8220;default&#8220; header_4_font=&#8220;|700|||||||&#8220; header_4_text_color=&#8220;#cc0000&#8243; header_4_font_size=&#8220;17px&#8220; global_colors_info=&#8220;{}&#8220;]<\/p>\n<h4>INetControl Features<\/h4>\n<ul>\n<li>Flexible interaktive Darstellung<\/li>\n<li>Einbindung externer Datenquellen (Kartenmaterial, Wetterdaten, etc.)<\/li>\n<li>Kombination von Daten aus unterschiedlichen Quellen<\/li>\n<li>Kartendarstellungen<\/li>\n<li>Tagebuch (Eintrag von Ma\u00dfnahmen, Ereignissen etc.)<\/li>\n<li>Berechnungen, Modellierung, Zusammenf\u00fchrung von Daten<\/li>\n<li>Integration und Interaktion mit Steuerungssystemen<\/li>\n<li>Messaging: Push-Nachrichten per Mail und App<\/li>\n<li>Remote Control der Systemsteuerung<\/li>\n<\/ul>\n<p>[\/et_pb_text][\/et_pb_column][et_pb_column type=&#8220;1_2&#8243; _builder_version=&#8220;4.23&#8243; _module_preset=&#8220;default&#8220; global_colors_info=&#8220;{}&#8220;][dsm_filterable_gallery gallery_ids=&#8220;1791,1957,1790,1789&#8243; dsm_number_of_columns=&#8220;2&#8243; dsm_image_sizes=&#8220;medium_large&#8220; dsm_column_gap=&#8220;15px&#8220; dsm_row_gap=&#8220;15px&#8220; dsm_show_filterable_gallery=&#8220;off&#8220; dsm_show_description=&#8220;on&#8220; dsm_use_lightbox=&#8220;on&#8220; dsm_show_title_lightbox=&#8220;on&#8220; dsm_show_caption_lightbox=&#8220;on&#8220; dsm_card_bg_color=&#8220;RGBA(255,255,255,0)&#8220; dsm_number_of_columns_tablet=&#8220;3&#8243; dsm_number_of_columns_phone=&#8220;2&#8243; dsm_number_of_columns_last_edited=&#8220;on|phone&#8220; _builder_version=&#8220;4.23.1&#8243; _module_preset=&#8220;default&#8220; dsm_description_text_color=&#8220;#999999&#8243; dsm_description_font_size=&#8220;80%&#8220; dsm_description_line_height=&#8220;1.2em&#8220; border_width_all_dsm_image_border=&#8220;1px&#8220; border_color_all_dsm_image_border=&#8220;#cc0000&#8243; global_colors_info=&#8220;{}&#8220;][\/dsm_filterable_gallery][\/et_pb_column][\/et_pb_row][\/et_pb_section][et_pb_section fb_built=&#8220;1&#8243; admin_label=&#8220;Sektion Leistungsbereich 3 &#8211; Intro&#8220; _builder_version=&#8220;4.23.1&#8243; _module_preset=&#8220;default&#8220; background_color=&#8220;#f0f0f0&#8243; locked=&#8220;off&#8220; collapsed=&#8220;off&#8220; global_colors_info=&#8220;{}&#8220;][et_pb_row admin_label=&#8220;Zeile Headline&#8220; _builder_version=&#8220;4.23&#8243; _module_preset=&#8220;default&#8220; locked=&#8220;off&#8220; global_colors_info=&#8220;{}&#8220;][et_pb_column type=&#8220;4_4&#8243; _builder_version=&#8220;4.23&#8243; _module_preset=&#8220;default&#8220; global_colors_info=&#8220;{}&#8220;][et_pb_text admin_label=&#8220;Text &#8211; Headline &#8211; 3. Geotechnische und hydrogeologische Alarmsysteme&#8220; _builder_version=&#8220;4.23.1&#8243; _module_preset=&#8220;default&#8220; locked=&#8220;off&#8220; global_colors_info=&#8220;{}&#8220;]<\/p>\n<h1>Geotechnische und hydrogeologische Alarmsysteme<\/h1>\n<p>[\/et_pb_text][\/et_pb_column][\/et_pb_row][et_pb_row column_structure=&#8220;1_2,1_2&#8243; admin_label=&#8220;Zeile Intro&#8220; _builder_version=&#8220;4.23&#8243; _module_preset=&#8220;default&#8220; global_colors_info=&#8220;{}&#8220;][et_pb_column type=&#8220;1_2&#8243; _builder_version=&#8220;4.23&#8243; _module_preset=&#8220;default&#8220; global_colors_info=&#8220;{}&#8220;][et_pb_text ul_type=&#8220;square&#8220; admin_label=&#8220;Text &#8211; Intro 1&#8243; _builder_version=&#8220;4.23.1&#8243; _module_preset=&#8220;default&#8220; header_4_font=&#8220;|700|||||||&#8220; header_4_text_color=&#8220;#cc0000&#8243; header_4_font_size=&#8220;17px&#8220; global_colors_info=&#8220;{}&#8220;]<\/p>\n<p>Wir planen und realisieren geotechnische und hydrogeologische Alarmsysteme. Dabei geht es um Sicherung gegen Felssturze oder Rutschungen, \u00dcberflutungen und auch um Gew\u00e4hrleistung von sicheren Arbeitsbedingungen in kritischen Bereichen.<\/p>\n<p>Im Unterschied zu unserer INetControl \u2013 Technologie werden hier (auch) Alarme vor Ort ausgel\u00f6st (Edge-Computing). Dies ist erforderlich, wenn z. B. Verkehrswege gesperrt werden m\u00fcssen oder zur \u00dcberwachung der Arbeitssicherheit. Es erh\u00f6ht aber auch die technische Unabh\u00e4ngigkeit des Systems und damit die Betriebssicherheit.<\/p>\n<p>[\/et_pb_text][\/et_pb_column][et_pb_column type=&#8220;1_2&#8243; _builder_version=&#8220;4.23&#8243; _module_preset=&#8220;default&#8220; global_colors_info=&#8220;{}&#8220;][et_pb_text ul_type=&#8220;square&#8220; admin_label=&#8220;Text &#8211; Intro 2&#8243; _builder_version=&#8220;4.23.1&#8243; _module_preset=&#8220;default&#8220; header_4_font=&#8220;|700|||||||&#8220; header_4_text_color=&#8220;#cc0000&#8243; header_4_font_size=&#8220;17px&#8220; global_colors_info=&#8220;{}&#8220;]<\/p>\n<p>Derartige Alarmsysteme bed\u00fcrfen einer individuellen Konzeption, bei der wir Sie von der technischen Planung und Umsetzung bis hin zum Erstellen eines Alarmplans unterst\u00fctzen<\/p>\n<p>Ein Beispiel f\u00fcr ein geotechnisches Alarmsystem finden Sie hier: <strong><a href=\"https:\/\/k-geosens.beebox.de\/info\/2023\/hangrutschungen-albtrauf-zollernalbkreis\/\">Hangrutschungen im Zollernalbkreis<\/a><\/strong><\/p>\n<p>[\/et_pb_text][\/et_pb_column][\/et_pb_row][\/et_pb_section]<\/p>\n","protected":false},"excerpt":{"rendered":"<p>Messger\u00e4te und MesssystemeGEOsens bietet eine breite Palette von Messger\u00e4ten und Messystemen an, die individuell auf die Anforderungen (Bed\u00fcrfnisse) unserer Kunden angepasst werden k\u00f6nnen. Unsere Systeme sind von h\u00f6chster Qualit\u00e4t und bieten hohe Pr\u00e4zision und Zuverl\u00e4ssigkeit. Mit unserem Knowhow und unserer langj\u00e4hrigen Erfahrung sind wir in der Lage Systeme zu realisieren, die unseren Kunden helfen, ihre Messaufgaben genau und effektiv auszuf\u00fchren.Sie wollen ein rundum Sorglospaket f\u00fcr eine begrenzte Zeit und sind eigentlich nur an den Messergebnissen interessiert? Dann bestellen Sie den entsprechenden Datenservice und lassen den Rest unsere Sorge sein: keine Reparaturen, keine Wartung, keine technische Einarbeit. Wir \u00fcbernehmen auch den Auf- und Abbau aller Ger\u00e4tschaften am Ort der Messaufgabe f\u00fcr Sie.PID Analysator station\u00e4r \/ Feldmessger\u00e4t Seit mehr als 10 Jahren entwickelt und baut GEOsens station\u00e4re und mobile PID Gasanalysatoren. Wir setzen dabei auf die robuste und bew\u00e4hrte 10,6 eV Technik mit der eine gro\u00dfe Anzahl leichtfl\u00fcchtiger Kohlenwasserstoffe (VOC) detektiert werden k\u00f6nnen. Die Messbereiche von 0,01 ppm bis mehr als 2.000 ppm erm\u00f6glichen ein weites Einsatzspektrum. Die Ger\u00e4teausf\u00fchrungen sind variabel und werden auf die Messaufgabe ma\u00dfgeschneidert.Gas Monitor station\u00e4r \/ Feldmessger\u00e4t Sie suchen einen tragbaren Gasmonitor, der auch bei Unterdr\u00fccken von mehr als 100 hPa noch zuverl\u00e4ssige Werte liefert? Egal ob O2, [&hellip;]<\/p>\n","protected":false},"author":1,"featured_media":0,"parent":150,"menu_order":3,"comment_status":"closed","ping_status":"closed","template":"","meta":{"_et_pb_use_builder":"on","_et_pb_old_content":"","_et_gb_content_width":"","footnotes":""},"class_list":["post-211","page","type-page","status-publish","hentry"],"_links":{"self":[{"href":"https:\/\/k-geosens.beebox.de\/info\/wp-json\/wp\/v2\/pages\/211","targetHints":{"allow":["GET"]}}],"collection":[{"href":"https:\/\/k-geosens.beebox.de\/info\/wp-json\/wp\/v2\/pages"}],"about":[{"href":"https:\/\/k-geosens.beebox.de\/info\/wp-json\/wp\/v2\/types\/page"}],"author":[{"embeddable":true,"href":"https:\/\/k-geosens.beebox.de\/info\/wp-json\/wp\/v2\/users\/1"}],"replies":[{"embeddable":true,"href":"https:\/\/k-geosens.beebox.de\/info\/wp-json\/wp\/v2\/comments?post=211"}],"version-history":[{"count":10,"href":"https:\/\/k-geosens.beebox.de\/info\/wp-json\/wp\/v2\/pages\/211\/revisions"}],"predecessor-version":[{"id":2070,"href":"https:\/\/k-geosens.beebox.de\/info\/wp-json\/wp\/v2\/pages\/211\/revisions\/2070"}],"up":[{"embeddable":true,"href":"https:\/\/k-geosens.beebox.de\/info\/wp-json\/wp\/v2\/pages\/150"}],"wp:attachment":[{"href":"https:\/\/k-geosens.beebox.de\/info\/wp-json\/wp\/v2\/media?parent=211"}],"curies":[{"name":"wp","href":"https:\/\/api.w.org\/{rel}","templated":true}]}}