{"id":34,"date":"2023-10-24T17:10:33","date_gmt":"2023-10-24T15:10:33","guid":{"rendered":"https:\/\/k-geosens.beebox.de\/info\/?page_id=34"},"modified":"2023-11-07T10:58:01","modified_gmt":"2023-11-07T09:58:01","slug":"impressum","status":"publish","type":"page","link":"https:\/\/k-geosens.beebox.de\/info\/juris\/impressum\/","title":{"rendered":"Impressum"},"content":{"rendered":"<p>[et_pb_section fb_built=&#8220;1&#8243; fullwidth=&#8220;on&#8220; admin_label=&#8220;Sektion Topmotiv&#8220; _builder_version=&#8220;4.23&#8243; _module_preset=&#8220;default&#8220; locked=&#8220;off&#8220; global_colors_info=&#8220;{}&#8220;][et_pb_fullwidth_header title=&#8220;Impressum&#8220; subhead=&#8220;Nutzungsbedingungen, Haftungsausschluss&#8220; header_fullscreen=&#8220;on&#8220; header_scroll_down=&#8220;on&#8220; admin_label=&#8220;Fullwidth Header&#8220; _builder_version=&#8220;4.23&#8243; _module_preset=&#8220;default&#8220; title_font=&#8220;|600|||||||&#8220; title_font_size=&#8220;48px&#8220; subhead_font_size=&#8220;24px&#8220; background_image=&#8220;https:\/\/k-geosens.beebox.de\/info\/wp-content\/uploads\/2023\/10\/GEOsens-1920&#215;1200-Pixabay-1052010_1920-Brille-auf-Buch-Dariusz-Sankowski.jpg&#8220; parallax=&#8220;on&#8220; parallax_method=&#8220;on&#8220; title_font_size_tablet=&#8220;40px&#8220; title_font_size_phone=&#8220;34px&#8220; title_font_size_last_edited=&#8220;on|phone&#8220; subhead_font_size_tablet=&#8220;20px&#8220; subhead_font_size_phone=&#8220;20px&#8220; subhead_font_size_last_edited=&#8220;on|desktop&#8220; text_shadow_style=&#8220;preset1&#8243; text_shadow_color=&#8220;rgba(0,0,0,0.6)&#8220; global_colors_info=&#8220;{}&#8220;][\/et_pb_fullwidth_header][\/et_pb_section][et_pb_section fb_built=&#8220;1&#8243; _builder_version=&#8220;4.23&#8243; _module_preset=&#8220;default&#8220; global_colors_info=&#8220;{}&#8220;][et_pb_row _builder_version=&#8220;4.23&#8243; _module_preset=&#8220;default&#8220; global_colors_info=&#8220;{}&#8220;][et_pb_column type=&#8220;4_4&#8243; _builder_version=&#8220;4.23&#8243; _module_preset=&#8220;default&#8220; global_colors_info=&#8220;{}&#8220;][et_pb_text admin_label=&#8220;Text &#8211; Headline &#8211; Impressum&#8220; _builder_version=&#8220;4.23&#8243; _module_preset=&#8220;default&#8220; global_colors_info=&#8220;{}&#8220;]<\/p>\n<h1>Impressum<\/h1>\n<p>[\/et_pb_text][\/et_pb_column][\/et_pb_row][et_pb_row column_structure=&#8220;1_4,1_4,1_4,1_4&#8243; use_custom_gutter=&#8220;on&#8220; gutter_width=&#8220;1&#8243; make_equal=&#8220;on&#8220; _builder_version=&#8220;4.23&#8243; _module_preset=&#8220;default&#8220; global_colors_info=&#8220;{}&#8220;][et_pb_column type=&#8220;1_4&#8243; _builder_version=&#8220;4.23&#8243; _module_preset=&#8220;default&#8220; custom_padding=&#8220;15px|5px|15px|5px|false|false&#8220; global_colors_info=&#8220;{}&#8220;][et_pb_text admin_label=&#8220;Text &#8211; Kontaktdaten&#8220; _builder_version=&#8220;4.23&#8243; _module_preset=&#8220;default&#8220; link_text_color=&#8220;#666666&#8243; global_colors_info=&#8220;{}&#8220; link_text_color__hover_enabled=&#8220;on|hover&#8220; link_text_color__hover=&#8220;#cc0000&#8243;]<strong>GEOsens GmbH<\/strong><br \/>\nGewerbestra\u00dfe 14<br \/>\n79227 Schallstadt<br \/>\nDeutschland<\/p>\n<p><strong>Fon<\/strong> <a href=\"tel:+497664962568\">+49 (0)7664 96 25 68<\/a><br \/>\n<strong>Fax<\/strong> +49 (0)7664 96 25 77<br \/>\n<strong>Mail<\/strong> <a href=\"mailto:info@geosens.de\">info@geosens.de<\/a>[\/et_pb_text][\/et_pb_column][et_pb_column type=&#8220;1_4&#8243; _builder_version=&#8220;4.23&#8243; _module_preset=&#8220;default&#8220; custom_padding=&#8220;15px|5px|15px|5px|false|false&#8220; global_colors_info=&#8220;{}&#8220;][et_pb_text admin_label=&#8220;Text &#8211; GF, HRB, UStID&#8220; _builder_version=&#8220;4.23&#8243; _module_preset=&#8220;default&#8220; link_text_color=&#8220;#666666&#8243; global_colors_info=&#8220;{}&#8220; link_text_color__hover=&#8220;#cc0000&#8243; link_text_color__hover_enabled=&#8220;on|hover&#8220;]<\/p>\n<p><strong>Gesch\u00e4ftsf\u00fchrer:<\/strong><br \/>Ronald Krause, Stefan Schulze, Andreas Udri<\/p>\n<p><strong>Handelsregister:<\/strong><br \/>Amtsgericht Freiburg i. Br.<br \/>HRB 717446<\/p>\n<p><strong>Umsatzsteuer-ID:<\/strong><br \/>DE315302348<\/p>\n<p>[\/et_pb_text][\/et_pb_column][et_pb_column type=&#8220;1_4&#8243; _builder_version=&#8220;4.23&#8243; _module_preset=&#8220;default&#8220; background_color=&#8220;#f3f3f3&#8243; custom_padding=&#8220;15px|5px|15px|5px|false|false&#8220; global_colors_info=&#8220;{}&#8220;][et_pb_text admin_label=&#8220;Text &#8211; Adresse Schweiz&#8220; _builder_version=&#8220;4.23&#8243; _module_preset=&#8220;default&#8220; link_text_color=&#8220;#666666&#8243; global_colors_info=&#8220;{}&#8220; link_text_color__hover=&#8220;#cc0000&#8243; link_text_color__hover_enabled=&#8220;on|hover&#8220;]<\/p>\n<p><strong>Niederlassung Schweiz:<\/strong><br \/>GEOsens GmbH<br \/>Zweigniederlassung Pratteln<br \/>Hohenrainstrasse 10<br \/>4133 Pratteln<br \/>Schweiz<\/p>\n<p><strong>Fon<\/strong> <a href=\"tel:+41618256002\">+41 61 825 60 02<\/a><br \/><strong>Mail<\/strong> <a href=\"mailto:info@geosens.tech\">info@geosens.tech<\/a><\/p>\n<p>[\/et_pb_text][\/et_pb_column][et_pb_column type=&#8220;1_4&#8243; _builder_version=&#8220;4.23&#8243; _module_preset=&#8220;default&#8220; background_color=&#8220;#f3f3f3&#8243; custom_padding=&#8220;15px|5px|15px|5px|false|false&#8220; global_colors_info=&#8220;{}&#8220;][et_pb_text admin_label=&#8220;Text &#8211; HRB Schweiz&#8220; _builder_version=&#8220;4.23&#8243; _module_preset=&#8220;default&#8220; link_text_color=&#8220;#666666&#8243; global_colors_info=&#8220;{}&#8220; link_text_color__hover=&#8220;#cc0000&#8243; link_text_color__hover_enabled=&#8220;on|hover&#8220;]<\/p>\n<p><strong>Gesch\u00e4ftsf\u00fchrer:<\/strong><br \/>Ronald Krause, Stefan Schulze, Andreas Udri<\/p>\n<p><strong>Handelsregister:<\/strong><br \/>Handelsregisteramt des <br \/>Kantons Basel-Landschaft<br \/>Firmennummer: CHE-494.642.308<\/p>\n<p>[\/et_pb_text][\/et_pb_column][\/et_pb_row][\/et_pb_section][et_pb_section fb_built=&#8220;1&#8243; _builder_version=&#8220;4.23&#8243; _module_preset=&#8220;default&#8220; global_colors_info=&#8220;{}&#8220;][et_pb_row _builder_version=&#8220;4.23&#8243; _module_preset=&#8220;default&#8220; global_colors_info=&#8220;{}&#8220;][et_pb_column type=&#8220;4_4&#8243; _builder_version=&#8220;4.23&#8243; _module_preset=&#8220;default&#8220; global_colors_info=&#8220;{}&#8220;][et_pb_text admin_label=&#8220;Text &#8211; Headline &#8211; Rechtliche Hinweise \u2022 Haftungsausschluss \u2022 Datenschutz&#8220; _builder_version=&#8220;4.23.1&#8243; _module_preset=&#8220;default&#8220; global_colors_info=&#8220;{}&#8220;]<\/p>\n<h1>Ntzungsbedingungen \u2022 Haftungsausschluss<\/h1>\n<p>[\/et_pb_text][\/et_pb_column][\/et_pb_row][et_pb_row column_structure=&#8220;1_2,1_2&#8243; _builder_version=&#8220;4.23.1&#8243; _module_preset=&#8220;default&#8220; global_colors_info=&#8220;{}&#8220;][et_pb_column type=&#8220;1_2&#8243; _builder_version=&#8220;4.23.1&#8243; _module_preset=&#8220;default&#8220; global_colors_info=&#8220;{}&#8220;][et_pb_text admin_label=&#8220;Text &#8211; 1. Inhalt des Onlineangebotes&#8220; _builder_version=&#8220;4.23.1&#8243; _module_preset=&#8220;default&#8220; global_colors_info=&#8220;{}&#8220;]<\/p>\n<h3>1. Inhalt des Onlineangebotes<\/h3>\n<p>Der Autor \u00fcbernimmt keinerlei Gew\u00e4hr f\u00fcr die Aktualit\u00e4t, Korrektheit, Vollst\u00e4ndigkeit oder Qualit\u00e4t der bereitgestellten Informationen. Haftungsanspr\u00fcche gegen den Autor, welche sich auf Sch\u00e4den materieller oder ideeller Art beziehen, die durch die Nutzung oder Nichtnutzung der dargebotenen Informationen bzw. durch die Nutzung fehlerhafter und unvollst\u00e4ndiger Informationen verursacht wurden, sind grunds\u00e4tzlich ausgeschlossen, sofern seitens des Autors kein nachweislich vors\u00e4tzliches oder grob fahrl\u00e4ssiges Verschulden vorliegt.<br \/>\nAlle Angebote sind freibleibend und unverbindlich. Der Autor beh\u00e4lt es sich ausdr\u00fccklich vor, Teile der Seiten oder das gesamte Angebot ohne gesonderte Ank\u00fcndigung zu ver\u00e4ndern, zu erg\u00e4nzen, zu l\u00f6schen oder die Ver\u00f6ffentlichung zeitweise oder endg\u00fcltig einzustellen. Es gilt die deutsche Rechtsprechnung.[\/et_pb_text][\/et_pb_column][et_pb_column type=&#8220;1_2&#8243; _builder_version=&#8220;4.23.1&#8243; _module_preset=&#8220;default&#8220; global_colors_info=&#8220;{}&#8220;][et_pb_text admin_label=&#8220;Text &#8211; 2. Verweise und Links&#8220; _builder_version=&#8220;4.23&#8243; _module_preset=&#8220;default&#8220; global_colors_info=&#8220;{}&#8220;]<\/p>\n<h3>2. Verweise und Links<\/h3>\n<p>Bei direkten oder indirekten Verweisen auf fremde Internetseiten (\u201eLinks\u201c), die au\u00dferhalb des Verantwortungsbereiches des Autors liegen, w\u00fcrde eine Haftungsverpflichtung ausschlie\u00dflich in dem Fall in Kraft treten, in dem der Autor von den Inhalten Kenntnis hat und es ihm technisch m\u00f6glich und zumutbar w\u00e4re, die Nutzung im Falle rechtswidriger Inhalte zu verhindern.<br \/>Der Autor erkl\u00e4rt hiermit ausdr\u00fccklich, dass zum Zeitpunkt der Linksetzung keine illegalen Inhalte auf den zu verlinkenden Seiten erkennbar waren. Auf die aktuelle und zuk\u00fcnftige Gestaltung, die Inhalte oder die Urheberschaft der gelinkten\/verkn\u00fcpften Seiten hat der Autor keinerlei Einfluss. Deshalb distanziert er sich hiermit ausdr\u00fccklich von allen Inhalten aller gelinkten bzw. verkn\u00fcpften Seiten, die nach der Linksetzung ver\u00e4ndert wurden. Diese Feststellung gilt f\u00fcr alle innerhalb des eigenen Internetangebotes gesetzten Links und Verweise sowie f\u00fcr Fremdeintr\u00e4ge in vom Autor eingerichteten G\u00e4steb\u00fcchern, Diskussionsforen und Mailinglisten. F\u00fcr illegale, fehlerhafte oder unvollst\u00e4ndige Inhalte und insbesondere f\u00fcr Sch\u00e4den, die aus der Nutzung oder Nichtnutzung solcherart dargebotener Informationen entstehen, haftet allein der Anbieter der Seite, auf welche verwiesen wurde, nicht derjenige, der \u00fcber Links auf die jeweilige Ver\u00f6ffentlichung lediglich verweist.<\/p>\n<p>[\/et_pb_text][\/et_pb_column][\/et_pb_row][et_pb_row column_structure=&#8220;1_2,1_2&#8243; _builder_version=&#8220;4.23.1&#8243; _module_preset=&#8220;default&#8220; global_colors_info=&#8220;{}&#8220;][et_pb_column type=&#8220;1_2&#8243; _builder_version=&#8220;4.23.1&#8243; _module_preset=&#8220;default&#8220; global_colors_info=&#8220;{}&#8220;][et_pb_text admin_label=&#8220;Text &#8211; 3. Urheber- und Kennzeichenrecht&#8220; _builder_version=&#8220;4.23.1&#8243; _module_preset=&#8220;default&#8220; global_colors_info=&#8220;{}&#8220;]<\/p>\n<h3>3. Urheber- und Kennzeichenrecht<\/h3>\n<p>Der Autor ist bestrebt, in allen Publikationen die Urheberrechte der verwendeten Grafiken, Tondokumente, Videosequenzen und Texte zu beachten, von ihm selbst erstellte Grafiken, Tondokumente, Videosequenzen und Texte zu nutzen oder auf lizenzfreie Grafiken, Tondokumente, Videosequenzen und Texte zur\u00fcckzugreifen.<br \/>Alle innerhalb des Internetangebotes genannten und ggf. durch Dritte gesch\u00e4tzten Marken- und Warenzeichen unterliegen uneingeschr\u00e4nkt den Bestimmungen des jeweils g\u00fcltigen Kennzeichenrechts und den Besitzrechten der jeweiligen eingetragenen Eigent\u00fcmer. Allein aufgrund der blo\u00dfen Nennung ist nicht der Schluss zu ziehen, dass Markenzeichen nicht durch Rechte Dritter gesch\u00fctzt sind!<br \/>Das Copyright f\u00fcr ver\u00f6ffentlichte, vom Autor selbst erstellte Objekte bleibt allein beim Autor der Seiten. Eine Vervielf\u00e4ltigung oder Verwendung solcher Grafiken, Tondokumente, Videosequenzen und Texte in anderen elektronischen oder gedruckten Publikationen ist ohne ausdr\u00fcckliche Zustimmung des Autors nicht gestattet.<br \/><strong><a href=\"https:\/\/k-geosens.beebox.de\/info\/juris\/quellennachweis\/\">Eine detaillierte Quellenangabe der eingesetzten Motive finden Sie hier.<\/a><\/strong><\/p>\n<p>[\/et_pb_text][\/et_pb_column][et_pb_column type=&#8220;1_2&#8243; _builder_version=&#8220;4.23.1&#8243; _module_preset=&#8220;default&#8220; global_colors_info=&#8220;{}&#8220;][et_pb_text admin_label=&#8220;Text &#8211; 4. Datenschutz&#8220; _builder_version=&#8220;4.23.1&#8243; _module_preset=&#8220;default&#8220; global_colors_info=&#8220;{}&#8220;]<\/p>\n<h3>4. Datenschutz<\/h3>\n<p>Der Schutz und die Sicherheit von pers\u00f6nlichen Daten hat bei uns eine hohe Priorit\u00e4t. Daher halten wir uns strikt an die Regeln der Europ\u00e4ischen Datenschutzgrundverordnung (EU-DSGVO). Bitte lesen sie unsere <strong><a href=\"https:\/\/k-geosens.beebox.de\/info\/juris\/datenschutz\/\">detaillierte Erkl\u00e4rung zum Datenschutz<\/a><\/strong>. Hier werden Sie dar\u00fcber informiert, welche Art von Daten erfasst und zu welchem Zweck sie erhoben werden. Mit der Nutzung der Webseite erkl\u00e4ren Sie sich mit den Bedingungen dieser Richtlinien zum Schutz pers\u00f6nlicher Daten einverstanden.<\/p>\n<p>[\/et_pb_text][\/et_pb_column][\/et_pb_row][et_pb_row _builder_version=&#8220;4.23.1&#8243; _module_preset=&#8220;default&#8220; global_colors_info=&#8220;{}&#8220;][et_pb_column type=&#8220;4_4&#8243; _builder_version=&#8220;4.23.1&#8243; _module_preset=&#8220;default&#8220; global_colors_info=&#8220;{}&#8220;][et_pb_text admin_label=&#8220;Text &#8211; 5. Rechtswirksamkeit&#8220; _builder_version=&#8220;4.23.1&#8243; _module_preset=&#8220;default&#8220; hover_enabled=&#8220;0&#8243; global_colors_info=&#8220;{}&#8220; sticky_enabled=&#8220;0&#8243;]<\/p>\n<h3>5. Rechtswirksamkeit<\/h3>\n<p>Dieser Haftungsausschluss ist als Teil des Internetangebotes zu betrachten, von dem aus auf diese Seite verwiesen wurde. Sofern Teile oder einzelne Formulierungen dieses Textes der geltenden Rechtslage nicht, nicht mehr oder nicht vollst\u00e4ndig entsprechen sollten, bleiben die \u00fcbrigen Teile des Dokumentes in ihrem Inhalt und ihrer G\u00fcltigkeit davon unber\u00fchrt. Es gilt die deutsche Rechtsprechnung.[\/et_pb_text][\/et_pb_column][\/et_pb_row][\/et_pb_section]<\/p>\n","protected":false},"excerpt":{"rendered":"<p>ImpressumGEOsens GmbH Gewerbestra\u00dfe 14 79227 Schallstadt Deutschland Fon +49 (0)7664 96 25 68 Fax +49 (0)7664 96 25 77 Mail info@geosens.deGesch\u00e4ftsf\u00fchrer:Ronald Krause, Stefan Schulze, Andreas Udri Handelsregister:Amtsgericht Freiburg i. Br.HRB 717446 Umsatzsteuer-ID:DE315302348Niederlassung Schweiz:GEOsens GmbHZweigniederlassung PrattelnHohenrainstrasse 104133 PrattelnSchweiz Fon +41 61 825 60 02Mail info@geosens.techGesch\u00e4ftsf\u00fchrer:Ronald Krause, Stefan Schulze, Andreas Udri Handelsregister:Handelsregisteramt des Kantons Basel-LandschaftFirmennummer: CHE-494.642.308Ntzungsbedingungen \u2022 Haftungsausschluss1. Inhalt des Onlineangebotes Der Autor \u00fcbernimmt keinerlei Gew\u00e4hr f\u00fcr die Aktualit\u00e4t, Korrektheit, Vollst\u00e4ndigkeit oder Qualit\u00e4t der bereitgestellten Informationen. Haftungsanspr\u00fcche gegen den Autor, welche sich auf Sch\u00e4den materieller oder ideeller Art beziehen, die durch die Nutzung oder Nichtnutzung der dargebotenen Informationen bzw. durch die Nutzung fehlerhafter und unvollst\u00e4ndiger Informationen verursacht wurden, sind grunds\u00e4tzlich ausgeschlossen, sofern seitens des Autors kein nachweislich vors\u00e4tzliches oder grob fahrl\u00e4ssiges Verschulden vorliegt. Alle Angebote sind freibleibend und unverbindlich. Der Autor beh\u00e4lt es sich ausdr\u00fccklich vor, Teile der Seiten oder das gesamte Angebot ohne gesonderte Ank\u00fcndigung zu ver\u00e4ndern, zu erg\u00e4nzen, zu l\u00f6schen oder die Ver\u00f6ffentlichung zeitweise oder endg\u00fcltig einzustellen. Es gilt die deutsche Rechtsprechnung.2. Verweise und Links Bei direkten oder indirekten Verweisen auf fremde Internetseiten (\u201eLinks\u201c), die au\u00dferhalb des Verantwortungsbereiches des Autors liegen, w\u00fcrde eine Haftungsverpflichtung ausschlie\u00dflich in dem Fall in Kraft treten, in dem der Autor von den Inhalten Kenntnis hat [&hellip;]<\/p>\n","protected":false},"author":1,"featured_media":0,"parent":261,"menu_order":0,"comment_status":"closed","ping_status":"closed","template":"","meta":{"_et_pb_use_builder":"on","_et_pb_old_content":"","_et_gb_content_width":"","footnotes":""},"class_list":["post-34","page","type-page","status-publish","hentry"],"_links":{"self":[{"href":"https:\/\/k-geosens.beebox.de\/info\/wp-json\/wp\/v2\/pages\/34","targetHints":{"allow":["GET"]}}],"collection":[{"href":"https:\/\/k-geosens.beebox.de\/info\/wp-json\/wp\/v2\/pages"}],"about":[{"href":"https:\/\/k-geosens.beebox.de\/info\/wp-json\/wp\/v2\/types\/page"}],"author":[{"embeddable":true,"href":"https:\/\/k-geosens.beebox.de\/info\/wp-json\/wp\/v2\/users\/1"}],"replies":[{"embeddable":true,"href":"https:\/\/k-geosens.beebox.de\/info\/wp-json\/wp\/v2\/comments?post=34"}],"version-history":[{"count":18,"href":"https:\/\/k-geosens.beebox.de\/info\/wp-json\/wp\/v2\/pages\/34\/revisions"}],"predecessor-version":[{"id":963,"href":"https:\/\/k-geosens.beebox.de\/info\/wp-json\/wp\/v2\/pages\/34\/revisions\/963"}],"up":[{"embeddable":true,"href":"https:\/\/k-geosens.beebox.de\/info\/wp-json\/wp\/v2\/pages\/261"}],"wp:attachment":[{"href":"https:\/\/k-geosens.beebox.de\/info\/wp-json\/wp\/v2\/media?parent=34"}],"curies":[{"name":"wp","href":"https:\/\/api.w.org\/{rel}","templated":true}]}}